{"id":37042,"date":"2025-02-20T23:36:42","date_gmt":"2025-02-20T22:36:42","guid":{"rendered":"http:\/\/olemosaic.com\/producto\/botella-inox-350-ml-salamandra-2\/"},"modified":"2025-07-25T20:24:28","modified_gmt":"2025-07-25T18:24:28","slug":"garrafa-inox-350-ml-salamandra-barcelona-pt-pt","status":"publish","type":"product","link":"https:\/\/olemosaic.com\/pt-pt\/produto\/garrafa-inox-350-ml-salamandra-barcelona-pt-pt\/","title":{"rendered":"Garrafa inox. 350 ml. Salamandra. Barcelona."},"content":{"rendered":"<p>Apresentamos a garrafa de a\u00e7o inoxid\u00e1vel de 350 ml, decorada com um design vibrante de salamandra, inspirado no ic\u00f3nico mosaico do Parque G\u00fcell de Barcelona. Este elegante recipiente, com fundo branco, apresenta um padr\u00e3o intrincado que simula azulejos, adornado com coloridas salamandras vermelhas e verdes, rodeadas de flores delicadas, evocando a criatividade do genial arquiteto Antoni Gaud\u00ed. O seu design n\u00e3o \u00e9 apenas visualmente atraente, mas tamb\u00e9m liga-se \u00e0 rica heran\u00e7a cultural de Barcelona e \u00e0 sua famosa obra modernista, tornando esta garrafa no souvenir ideal para quem procura um peda\u00e7o da magia da cidade.<\/p>\n<p>A garrafa, fabricada em a\u00e7o inoxid\u00e1vel, garante durabilidade e resist\u00eancia, o que a torna um acess\u00f3rio perfeito para levar para qualquer lugar, desde excurs\u00f5es at\u00e9 ao escrit\u00f3rio. O seu tamanho de 350 ml \u00e9 ideal para se manter hidratado em qualquer ocasi\u00e3o, enquanto a sua est\u00e9tica \u00fanica e colorida a torna num objeto chic e moderno. Na Ol\u00e9 Mosaic, orgulhamo-nos de oferecer produtos que n\u00e3o s\u00e3o apenas funcionais, mas que tamb\u00e9m narram hist\u00f3rias culturais. Esta garrafa \u00e9 uma excelente op\u00e7\u00e3o para lojas de presentes tur\u00edsticos que desejem adicionar um toque de autenticidade \u00e0 sua oferta de souvenirs de Barcelona.<\/p>\n","protected":false},"excerpt":{"rendered":"<p>Garrafa de a\u00e7o inoxid\u00e1vel de 350 ml decorada com um design vibrante de salamandra, inspirado no famoso mosaico do Parque G\u00fcell de Barcelona. Este elegante recipiente, com fundo branco e um padr\u00e3o de linhas que simulam azulejos, destaca salamandras vermelhas e verdes rodeadas de flores. Ideal para levar para qualquer lugar, combina funcionalidade e estilo, tornando-se um souvenir \u00fanico que reflete a ess\u00eancia da arte modernista de Gaud\u00ed.<\/p>\n","protected":false},"featured_media":11139,"template":"","meta":{"_acf_changed":false},"product_brand":[],"product_cat":[786],"product_tag":[516],"class_list":{"0":"post-37042","1":"product","2":"type-product","3":"status-publish","4":"has-post-thumbnail","6":"product_cat-garrafas-inox","7":"product_tag-animais","8":"pa_motivo-salamandras","10":"first","11":"instock","12":"shipping-taxable","13":"product-type-simple"},"acf":[],"_links":{"self":[{"href":"https:\/\/olemosaic.com\/pt-pt\/wp-json\/wp\/v2\/product\/37042","targetHints":{"allow":["GET"]}}],"collection":[{"href":"https:\/\/olemosaic.com\/pt-pt\/wp-json\/wp\/v2\/product"}],"about":[{"href":"https:\/\/olemosaic.com\/pt-pt\/wp-json\/wp\/v2\/types\/product"}],"wp:featuredmedia":[{"embeddable":true,"href":"https:\/\/olemosaic.com\/pt-pt\/wp-json\/wp\/v2\/media\/11139"}],"wp:attachment":[{"href":"https:\/\/olemosaic.com\/pt-pt\/wp-json\/wp\/v2\/media?parent=37042"}],"wp:term":[{"taxonomy":"product_brand","embeddable":true,"href":"https:\/\/olemosaic.com\/pt-pt\/wp-json\/wp\/v2\/product_brand?post=37042"},{"taxonomy":"product_cat","embeddable":true,"href":"https:\/\/olemosaic.com\/pt-pt\/wp-json\/wp\/v2\/product_cat?post=37042"},{"taxonomy":"product_tag","embeddable":true,"href":"https:\/\/olemosaic.com\/pt-pt\/wp-json\/wp\/v2\/product_tag?post=37042"}],"curies":[{"name":"wp","href":"https:\/\/api.w.org\/{rel}","templated":true}]}}