{"id":37041,"date":"2025-02-20T22:36:42","date_gmt":"2025-02-20T22:36:42","guid":{"rendered":"http:\/\/olemosaic.com\/producto\/bola-de-navidad-con-caja-salamandra-gran-canaria\/"},"modified":"2025-07-25T19:52:42","modified_gmt":"2025-07-25T17:52:42","slug":"bola-de-natal-com-caixa-salamandra-gran-canaria","status":"publish","type":"product","link":"https:\/\/olemosaic.com\/pt-pt\/produto\/bola-de-natal-com-caixa-salamandra-gran-canaria\/","title":{"rendered":"Bola de Natal com caixa. Salamandra. Gran Canaria."},"content":{"rendered":"<p>Apresentamos a bola de Natal decorativa com caixa, uma preciosa pe\u00e7a inspirada na fauna de Gran Canaria, ideal para dar um toque festivo a qualquer lar. Esta bola de cer\u00e2mica, adornada com um vibrante design de salamandras multicoloridas, capta a ess\u00eancia da biodiversidade caracter\u00edstica das Ilhas Can\u00e1rias. O seu fundo de mosaicos evoca a exuberante natureza da ilha, enquanto a palavra &#8220;Gran Canaria&#8221; se destaca num chamativo tom preto, simbolizando o orgulho e a autenticidade da regi\u00e3o. Um elegante la\u00e7o bordeaux completa o design, conferindo um toque de sofistica\u00e7\u00e3o perfeito para as celebra\u00e7\u00f5es natal\u00edcias.<\/p>\n<p>Esta bola de Natal n\u00e3o \u00e9 apenas um adorno bonito, mas tamb\u00e9m uma recorda\u00e7\u00e3o significativa que real\u00e7a a riqueza cultural e natural de Gran Canaria, tornando-a uma excelente op\u00e7\u00e3o de souvenir para quem procura um pedacinho das ilhas. Na Ol\u00e9 Mosaic, somos distribuidores especializados em souvenirs por grosso, e esta bola de Natal \u00e9 uma magn\u00edfica adi\u00e7\u00e3o para lojas de presentes tur\u00edsticos que desejem oferecer produtos aut\u00eanticos e com sabor local. Celebre o Natal com esta encantadora pe\u00e7a que, al\u00e9m de adornar, conta uma hist\u00f3ria cultural.<\/p>\n","protected":false},"excerpt":{"rendered":"<p>Bola de Natal decorativa com caixa, inspirada na fauna de Gran Canaria, com um design alegre de salamandras multicoloridas. Esta pe\u00e7a de cer\u00e2mica, decorada com um fundo de mosaicos, apresenta a palavra &#8220;Gran Canaria&#8221; em preto chamativo. Coroada com um elegante la\u00e7o bordeaux, \u00e9 ideal para conferir um toque festivo e cultural \u00e0 sua decora\u00e7\u00e3o natal\u00edcia, celebrando o encanto e a biodiversidade das Ilhas Can\u00e1rias.<\/p>\n","protected":false},"featured_media":9841,"template":"","meta":{"_acf_changed":false},"product_brand":[],"product_cat":[652],"product_tag":[516,642],"class_list":{"0":"post-37041","1":"product","2":"type-product","3":"status-publish","4":"has-post-thumbnail","6":"product_cat-bolas-de-natal","7":"product_tag-animais","8":"product_tag-natal","9":"pa_ciudad-gran-canaria","10":"pa_motivo-salamandras","11":"pa_pais-espana","13":"first","14":"instock","15":"shipping-taxable","16":"product-type-simple"},"acf":[],"_links":{"self":[{"href":"https:\/\/olemosaic.com\/pt-pt\/wp-json\/wp\/v2\/product\/37041","targetHints":{"allow":["GET"]}}],"collection":[{"href":"https:\/\/olemosaic.com\/pt-pt\/wp-json\/wp\/v2\/product"}],"about":[{"href":"https:\/\/olemosaic.com\/pt-pt\/wp-json\/wp\/v2\/types\/product"}],"wp:featuredmedia":[{"embeddable":true,"href":"https:\/\/olemosaic.com\/pt-pt\/wp-json\/wp\/v2\/media\/9841"}],"wp:attachment":[{"href":"https:\/\/olemosaic.com\/pt-pt\/wp-json\/wp\/v2\/media?parent=37041"}],"wp:term":[{"taxonomy":"product_brand","embeddable":true,"href":"https:\/\/olemosaic.com\/pt-pt\/wp-json\/wp\/v2\/product_brand?post=37041"},{"taxonomy":"product_cat","embeddable":true,"href":"https:\/\/olemosaic.com\/pt-pt\/wp-json\/wp\/v2\/product_cat?post=37041"},{"taxonomy":"product_tag","embeddable":true,"href":"https:\/\/olemosaic.com\/pt-pt\/wp-json\/wp\/v2\/product_tag?post=37041"}],"curies":[{"name":"wp","href":"https:\/\/api.w.org\/{rel}","templated":true}]}}