{"id":37040,"date":"2025-02-20T23:36:42","date_gmt":"2025-02-20T22:36:42","guid":{"rendered":"http:\/\/olemosaic.com\/producto\/saleros-de-ceramica-toros-madrid-blanco\/"},"modified":"2025-07-25T18:42:42","modified_gmt":"2025-07-25T16:42:42","slug":"saleiros-de-ceramica-touros-madrid-branco","status":"publish","type":"product","link":"https:\/\/olemosaic.com\/pt-pt\/produto\/saleiros-de-ceramica-touros-madrid-branco\/","title":{"rendered":"Saleiros de cer\u00e2mica. Touros. Madrid. Branco."},"content":{"rendered":"<p>Apresentamos estes vibrantes saleiros de cer\u00e2mica, inspirados no emblem\u00e1tico touro que simboliza a rica cultura espanhola, especialmente a madrilena. Cada saleiro foi cuidadosamente pintado \u00e0 m\u00e3o, destacando um espetacular design de mosaico que combina as cores vermelho, azul e verde, criando uma pe\u00e7a art\u00edstica que n\u00e3o s\u00f3 \u00e9 funcional, como tamb\u00e9m um aut\u00eantico objeto decorativo. O touro, representado na frente de cada saleiro, mostra uma express\u00e3o poderosa e encantadora, rodeado por um ambiente floral com rosas delicadas que sugerem a liga\u00e7\u00e3o de Espanha com a natureza e a tradi\u00e7\u00e3o.<\/p>\n<p>Al\u00e9m disso, um dos saleiros apresenta a palavra &#8220;MADRID&#8221; num estilo moderno, conferindo um ar contempor\u00e2neo a este elemento tradicional. Este detalhe n\u00e3o s\u00f3 real\u00e7a a identidade da cidade, como tamb\u00e9m o torna uma excelente recorda\u00e7\u00e3o de Madrid, ideal para turistas que procuram levar para casa uma pe\u00e7a aut\u00eantica que encapsule o folclore espanhol. Os saleiros s\u00e3o perfeitos para adicionar um toque cultural a qualquer mesa, sendo um presente ideal para aqueles que desejam recordar a sua viagem a Madrid de uma forma \u00fanica e art\u00edstica.<\/p>\n<p>Na Ol\u00e9 Mosaic, oferecemos estes saleiros de cer\u00e2mica por grosso, assegurando que as lojas de presentes tur\u00edsticos possam oferecer aos seus clientes recorda\u00e7\u00f5es significativas e de alta qualidade que representem a ess\u00eancia da cultura espanhola. Esta \u00e9 uma oportunidade \u00fanica para adquirir souvenirs de Madrid que deleitar\u00e3o todos.<\/p>\n","protected":false},"excerpt":{"rendered":"<p>Saleiros de cer\u00e2mica com um vibrante design de touros, s\u00edmbolo ic\u00f3nico da cultura espanhola, especialmente madrilena. Estes saleiros, pintados \u00e0 m\u00e3o, destacam-se pelas suas cores brilhantes e motivos de mosaico com tonalidades vermelhas, azuis e verdes, emoldurados num ambiente floral. Um dos saleiros exibe a palavra \u201cMADRID\u201d num estilo moderno, adicionando um toque contempor\u00e2neo a um elemento tradicional. Perfeitos para dar um toque folcl\u00f3rico \u00e0 sua mesa.<\/p>\n","protected":false},"featured_media":8606,"template":"","meta":{"_acf_changed":false},"product_brand":[],"product_cat":[821],"product_tag":[516,515],"class_list":{"0":"post-37040","1":"product","2":"type-product","3":"status-publish","4":"has-post-thumbnail","6":"product_cat-saleiros","7":"product_tag-animais","8":"product_tag-ceramica","9":"pa_ciudad-madrid","10":"pa_motivo-touros","11":"pa_pais-espana","13":"first","14":"instock","15":"shipping-taxable","16":"product-type-simple"},"acf":[],"_links":{"self":[{"href":"https:\/\/olemosaic.com\/pt-pt\/wp-json\/wp\/v2\/product\/37040","targetHints":{"allow":["GET"]}}],"collection":[{"href":"https:\/\/olemosaic.com\/pt-pt\/wp-json\/wp\/v2\/product"}],"about":[{"href":"https:\/\/olemosaic.com\/pt-pt\/wp-json\/wp\/v2\/types\/product"}],"wp:featuredmedia":[{"embeddable":true,"href":"https:\/\/olemosaic.com\/pt-pt\/wp-json\/wp\/v2\/media\/8606"}],"wp:attachment":[{"href":"https:\/\/olemosaic.com\/pt-pt\/wp-json\/wp\/v2\/media?parent=37040"}],"wp:term":[{"taxonomy":"product_brand","embeddable":true,"href":"https:\/\/olemosaic.com\/pt-pt\/wp-json\/wp\/v2\/product_brand?post=37040"},{"taxonomy":"product_cat","embeddable":true,"href":"https:\/\/olemosaic.com\/pt-pt\/wp-json\/wp\/v2\/product_cat?post=37040"},{"taxonomy":"product_tag","embeddable":true,"href":"https:\/\/olemosaic.com\/pt-pt\/wp-json\/wp\/v2\/product_tag?post=37040"}],"curies":[{"name":"wp","href":"https:\/\/api.w.org\/{rel}","templated":true}]}}