{"id":37038,"date":"2025-02-20T23:36:41","date_gmt":"2025-02-20T22:36:41","guid":{"rendered":"http:\/\/olemosaic.com\/producto\/iman-de-resina-mariposa-madrid-10-cm\/"},"modified":"2025-07-25T20:29:42","modified_gmt":"2025-07-25T18:29:42","slug":"iman-de-resina-borboleta-madrid-10-cm","status":"publish","type":"product","link":"https:\/\/olemosaic.com\/pt-pt\/produto\/iman-de-resina-borboleta-madrid-10-cm\/","title":{"rendered":"\u00cdman de resina. Borboleta. Madrid. 10 cm."},"content":{"rendered":"<p>Apresentamos este encantador \u00edman de resina com forma de lagarto, que capta a vibrante ess\u00eancia de Madrid. Com dimens\u00f5es de 10 cm, esta atraente recorda\u00e7\u00e3o destaca-se pelo seu design original, que combina cores chamativas como o vermelho, o azul e o verde num padr\u00e3o art\u00edstico que evoca a rica biodiversidade da regi\u00e3o. A figura do lagarto, um s\u00edmbolo da fauna local, \u00e9 real\u00e7ada com um fundo repleto de detalhes intrincados que celebram a beleza natural e a cultura madrilena.<\/p>\n<p>No centro, o texto &#8220;Madrid&#8221; integra-se elegantemente no design, conferindo um toque distintivo que o torna uma recorda\u00e7\u00e3o aut\u00eantica e memor\u00e1vel. Este \u00edman n\u00e3o s\u00f3 \u00e9 funcional, como tamb\u00e9m atua como um reflexo do car\u00e1cter din\u00e2mico da cidade, sendo por isso uma excelente op\u00e7\u00e3o para os turistas que procuram levar um peda\u00e7o de Madrid.<\/p>\n<p>Na Ol\u00e9 Mosaic, especializamo-nos na distribui\u00e7\u00e3o por grosso de recorda\u00e7\u00f5es aut\u00eanticas que representam a rica cultura espanhola. Este \u00edman de lagarto \u00e9 uma maravilhosa oportunidade para lojas de presentes que desejem oferecer produtos de qualidade e distin\u00e7\u00e3o. Como grossistas de souvenirs, garantimos a autenticidade e o valor cultural de cada uma das nossas pe\u00e7as.<\/p>\n","protected":false},"excerpt":{"rendered":"<p>\u00cdman com forma de borboleta, inspirado na vibrante cultura madrilena. Com dimens\u00f5es de 10 cm, apresenta um design colorido e art\u00edstico, onde predominam os tons vermelhos, azuis e verdes num padr\u00e3o que real\u00e7a a beleza da fauna local. O detalhe do texto &#8220;Madrid&#8221; no centro confere-lhe um toque distintivo, tornando-o uma recorda\u00e7\u00e3o encantadora, perfeita para evocar esta cidade cheia de vida.<\/p>\n","protected":false},"featured_media":10578,"template":"","meta":{"_acf_changed":false},"product_brand":[],"product_cat":[699],"product_tag":[516],"class_list":{"0":"post-37038","1":"product","2":"type-product","3":"status-publish","4":"has-post-thumbnail","6":"product_cat-imanes","7":"product_tag-animais","8":"pa_ciudad-madrid","9":"pa_motivo-borboletas","10":"pa_pais-espana","12":"first","13":"instock","14":"shipping-taxable","15":"product-type-simple"},"acf":[],"_links":{"self":[{"href":"https:\/\/olemosaic.com\/pt-pt\/wp-json\/wp\/v2\/product\/37038","targetHints":{"allow":["GET"]}}],"collection":[{"href":"https:\/\/olemosaic.com\/pt-pt\/wp-json\/wp\/v2\/product"}],"about":[{"href":"https:\/\/olemosaic.com\/pt-pt\/wp-json\/wp\/v2\/types\/product"}],"wp:featuredmedia":[{"embeddable":true,"href":"https:\/\/olemosaic.com\/pt-pt\/wp-json\/wp\/v2\/media\/10578"}],"wp:attachment":[{"href":"https:\/\/olemosaic.com\/pt-pt\/wp-json\/wp\/v2\/media?parent=37038"}],"wp:term":[{"taxonomy":"product_brand","embeddable":true,"href":"https:\/\/olemosaic.com\/pt-pt\/wp-json\/wp\/v2\/product_brand?post=37038"},{"taxonomy":"product_cat","embeddable":true,"href":"https:\/\/olemosaic.com\/pt-pt\/wp-json\/wp\/v2\/product_cat?post=37038"},{"taxonomy":"product_tag","embeddable":true,"href":"https:\/\/olemosaic.com\/pt-pt\/wp-json\/wp\/v2\/product_tag?post=37038"}],"curies":[{"name":"wp","href":"https:\/\/api.w.org\/{rel}","templated":true}]}}