{"id":37036,"date":"2025-02-20T23:36:41","date_gmt":"2025-02-20T22:36:41","guid":{"rendered":"http:\/\/olemosaic.com\/producto\/lata-inox-de-500-ml-panoramica-barcelona-3\/"},"modified":"2025-07-25T20:11:25","modified_gmt":"2025-07-25T18:11:25","slug":"lata-inox-de-500-ml-panoramica-barcelona-3-pt-pt","status":"publish","type":"product","link":"https:\/\/olemosaic.com\/pt-pt\/produto\/lata-inox-de-500-ml-panoramica-barcelona-3-pt-pt\/","title":{"rendered":"Lata inox. de 500 ml. Panor\u00e2mica. Arquitetura. Barcelona."},"content":{"rendered":"<p>Apresentamos esta exclusiva lata de a\u00e7o inoxid\u00e1vel de 500 ml, ideal para os amantes da vibrante Barcelona. O seu design elegante captura a ess\u00eancia da cidade, com uma colorida panor\u00e2mica que inclui \u00edcones arquitet\u00f3nicos emblem\u00e1ticos como a majestosa Sagrada Fam\u00edlia e o encantador Parque G\u00fcell. Cada face da lata est\u00e1 adornada com um inv\u00f3lucro de mosaico inspirador que utiliza uma paleta de cores vivas em vermelho, amarelo e verde, evocando a alegria e criatividade da arte catal\u00e3. Os detalhes art\u00edsticos, meticulosamente ilustrados, transformam este objeto quotidiano numa obra de arte port\u00e1til, perfeita para mostrar a singularidade de Barcelona em qualquer lugar.<\/p>\n<p>Este produto n\u00e3o s\u00f3 \u00e9 funcional, como tamb\u00e9m uma aut\u00eantica recorda\u00e7\u00e3o que celebra a rica cultura catal\u00e3, sendo uma op\u00e7\u00e3o ideal para turistas que procuram lembran\u00e7as representativas da sua visita. Na Ol\u00e9 Mosaic, orgulhamo-nos de oferecer souvenirs aut\u00eanticos e de qualidade por grosso, o que o torna o presente perfeito para lojas de presentes tur\u00edsticos que desejem oferecer aos seus clientes algo verdadeiramente especial. Com esta lata de a\u00e7o inoxid\u00e1vel, as recorda\u00e7\u00f5es de Barcelona podem ser levadas para qualquer parte, garantindo que a magia da cidade perdure no tempo.<\/p>\n","protected":false},"excerpt":{"rendered":"<p>Lata de a\u00e7o inoxid\u00e1vel de 500 ml com uma vibrante panor\u00e2mica de Barcelona, desenhada para capturar a ess\u00eancia da cidade. O inv\u00f3lucro apresenta um colorido mosaico que inclui \u00edcones arquitet\u00f3nicos como a Sagrada Fam\u00edlia e o Park G\u00fcell, ilustrados com detalhes art\u00edsticos em vermelho, amarelo e verde. \u00c9 um produto ideal para os amantes da cultura catal\u00e3, que combina funcionalidade e um apelo visual que evoca a singularidade de Barcelona.<\/p>\n","protected":false},"featured_media":12804,"template":"","meta":{"_acf_changed":false},"product_brand":[],"product_cat":[805],"product_tag":[],"class_list":{"0":"post-37036","1":"product","2":"type-product","3":"status-publish","4":"has-post-thumbnail","6":"product_cat-latas","7":"pa_ciudad-barcelona","8":"pa_motivo-panoramas","9":"pa_pais-espana","11":"first","12":"instock","13":"shipping-taxable","14":"product-type-simple"},"acf":[],"_links":{"self":[{"href":"https:\/\/olemosaic.com\/pt-pt\/wp-json\/wp\/v2\/product\/37036","targetHints":{"allow":["GET"]}}],"collection":[{"href":"https:\/\/olemosaic.com\/pt-pt\/wp-json\/wp\/v2\/product"}],"about":[{"href":"https:\/\/olemosaic.com\/pt-pt\/wp-json\/wp\/v2\/types\/product"}],"wp:featuredmedia":[{"embeddable":true,"href":"https:\/\/olemosaic.com\/pt-pt\/wp-json\/wp\/v2\/media\/12804"}],"wp:attachment":[{"href":"https:\/\/olemosaic.com\/pt-pt\/wp-json\/wp\/v2\/media?parent=37036"}],"wp:term":[{"taxonomy":"product_brand","embeddable":true,"href":"https:\/\/olemosaic.com\/pt-pt\/wp-json\/wp\/v2\/product_brand?post=37036"},{"taxonomy":"product_cat","embeddable":true,"href":"https:\/\/olemosaic.com\/pt-pt\/wp-json\/wp\/v2\/product_cat?post=37036"},{"taxonomy":"product_tag","embeddable":true,"href":"https:\/\/olemosaic.com\/pt-pt\/wp-json\/wp\/v2\/product_tag?post=37036"}],"curies":[{"name":"wp","href":"https:\/\/api.w.org\/{rel}","templated":true}]}}