{"id":37035,"date":"2025-02-20T23:36:41","date_gmt":"2025-02-20T22:36:41","guid":{"rendered":"http:\/\/olemosaic.com\/producto\/caballo-figura-de-resina-de-11-cm-pintada-a-mano\/"},"modified":"2025-07-25T19:48:58","modified_gmt":"2025-07-25T17:48:58","slug":"cavalo-figura-de-resina-de-11-cm-pintada-a-mao","status":"publish","type":"product","link":"https:\/\/olemosaic.com\/pt-pt\/produto\/cavalo-figura-de-resina-de-11-cm-pintada-a-mao\/","title":{"rendered":"Cavalo. Figura de mosaico de 11 cm."},"content":{"rendered":"<p>Apresentamos esta excecional figura de resina de um cavalo de 11 cm, com efeito pintado \u00e0 m\u00e3o e um vibrante design em mosaico que captura a ess\u00eancia do folclore espanhol. Este encantador souvenir, ideal tanto para colecionadores como para quem procura uma recorda\u00e7\u00e3o representativa da sua visita a Espanha, exibe uma brilhante paleta de cores que varia do azul profundo ao vermelho radiante, destacando a detalhada textura da figura. Cada mosaico \u00e9 cuidadosamente aplicado, criando um efeito visual impressionante que ilumina qualquer espa\u00e7o onde seja exibido.<\/p>\n<p>Este cavalo n\u00e3o \u00e9 apenas uma representa\u00e7\u00e3o art\u00edstica, mas tamb\u00e9m reflete a rica heran\u00e7a cultural onde os cavalos s\u00e3o s\u00edmbolos de nobreza e liberdade, especialmente em regi\u00f5es como a Andaluzia, reconhecidas pela sua liga\u00e7\u00e3o \u00e0 tradi\u00e7\u00e3o equestre. O seu design colorido e alegre evoca o calor e a vitalidade do folclore espanhol, tornando-se uma excelente recorda\u00e7\u00e3o das festividades e celebra\u00e7\u00f5es regionais. Na Ol\u00e9 Mosaic, como grossistas de souvenirs de qualidade, oferecemos produtos aut\u00eanticos que encantam turistas e colecionadores. Esta figura de cavalo \u00e9 a op\u00e7\u00e3o perfeita para lojas de presentes tur\u00edsticos que procuram adicionar um toque de autenticidade e cor \u00e0 sua oferta.<\/p>\n","protected":false},"excerpt":{"rendered":"<p>Figura de um cavalo de 11 cm, design artesanal, pintado \u00e0 m\u00e3o, com um vibrante design de mosaico. Esta colorida representa\u00e7\u00e3o mostra uma variedade de tonalidades, do azul ao vermelho, real\u00e7ando a textura e os detalhes da figura. Ideal para colecionadores ou como uma encantadora recorda\u00e7\u00e3o, captura a ess\u00eancia do folclore e a alegria da cultura espanhola. Uma pe\u00e7a \u00fanica que embelezar\u00e1 qualquer espa\u00e7o.<\/p>\n","protected":false},"featured_media":11055,"template":"","meta":{"_acf_changed":false},"product_brand":[],"product_cat":[552],"product_tag":[516],"class_list":{"0":"post-37035","1":"product","2":"type-product","3":"status-publish","4":"has-post-thumbnail","6":"product_cat-numeros","7":"product_tag-animais","8":"pa_motivo-cavalos","10":"first","11":"instock","12":"shipping-taxable","13":"product-type-simple"},"acf":[],"_links":{"self":[{"href":"https:\/\/olemosaic.com\/pt-pt\/wp-json\/wp\/v2\/product\/37035","targetHints":{"allow":["GET"]}}],"collection":[{"href":"https:\/\/olemosaic.com\/pt-pt\/wp-json\/wp\/v2\/product"}],"about":[{"href":"https:\/\/olemosaic.com\/pt-pt\/wp-json\/wp\/v2\/types\/product"}],"wp:featuredmedia":[{"embeddable":true,"href":"https:\/\/olemosaic.com\/pt-pt\/wp-json\/wp\/v2\/media\/11055"}],"wp:attachment":[{"href":"https:\/\/olemosaic.com\/pt-pt\/wp-json\/wp\/v2\/media?parent=37035"}],"wp:term":[{"taxonomy":"product_brand","embeddable":true,"href":"https:\/\/olemosaic.com\/pt-pt\/wp-json\/wp\/v2\/product_brand?post=37035"},{"taxonomy":"product_cat","embeddable":true,"href":"https:\/\/olemosaic.com\/pt-pt\/wp-json\/wp\/v2\/product_cat?post=37035"},{"taxonomy":"product_tag","embeddable":true,"href":"https:\/\/olemosaic.com\/pt-pt\/wp-json\/wp\/v2\/product_tag?post=37035"}],"curies":[{"name":"wp","href":"https:\/\/api.w.org\/{rel}","templated":true}]}}