{"id":37034,"date":"2025-02-20T23:36:41","date_gmt":"2025-02-20T22:36:41","guid":{"rendered":"http:\/\/olemosaic.com\/producto\/taza-de-ceramica-panoramica-barcelona-beige-rojo\/"},"modified":"2025-07-25T18:45:39","modified_gmt":"2025-07-25T16:45:39","slug":"caneca-de-ceramica-panoramica-barcelona-bege-vermelho-pt-pt","status":"publish","type":"product","link":"https:\/\/olemosaic.com\/pt-pt\/produto\/caneca-de-ceramica-panoramica-barcelona-bege-vermelho-pt-pt\/","title":{"rendered":"Caneca de cer\u00e2mica. Panor\u00e2mica. Barcelona. Bege \/ vermelho."},"content":{"rendered":"<p>Apresentamos esta encantadora caneca de cer\u00e2mica com um design panor\u00e2mico de Barcelona, o souvenir ideal para quem deseja levar um pedacinho desta vibrante cidade. Decorada em tons de bege e vermelho, esta caneca n\u00e3o \u00e9 apenas um utens\u00edlio funcional, mas uma obra de arte que captura a ess\u00eancia da famosa arquitetura barcelonesa. A colorida ilustra\u00e7\u00e3o abrange elementos ic\u00f3nicos, como os mosaicos do Park G\u00fcell e a impressionante Sagrada Fam\u00edlia, mostrando a fus\u00e3o perfeita entre a tradi\u00e7\u00e3o e a modernidade que caracteriza a cidade.<\/p>\n<p>Cada caneca aparenta ser pintada \u00e0 m\u00e3o, o que garante que cada pe\u00e7a \u00e9 \u00fanica e reflete o talento dos artes\u00e3os locais. A colher vermelha que a acompanha acrescenta um toque divertido e pr\u00e1tico, tornando-a o complemento perfeito para desfrutar do seu caf\u00e9 ou ch\u00e1. Este produto \u00e9 uma excelente escolha para turistas que procuram souvenirs aut\u00eanticos que representem a rica cultura de Barcelona.<\/p>\n<p>Na Ol\u00e9 Mosaic, distribu\u00edmos souvenirs de cer\u00e2mica por grosso, perfeitos para lojas de presentes tur\u00edsticos que desejem oferecer artigos \u00fanicos e significativos. Esta caneca de Barcelona n\u00e3o s\u00f3 \u00e9 um atrativo visual, como tamb\u00e9m uma liga\u00e7\u00e3o emocional com a cidade, o que a torna um presente memor\u00e1vel e representativo da heran\u00e7a cultural espanhola.<\/p>\n","protected":false},"excerpt":{"rendered":"<p>Caneca de cer\u00e2mica com design panor\u00e2mico de Barcelona em tons de bege e vermelho, acompanhada por uma colher. Este artigo destaca-se pela sua colorida ilustra\u00e7\u00e3o que representa a famosa arquitetura da cidade, incluindo mosaicos e elementos ic\u00f3nicos como a Sagrada Fam\u00edlia. Pintada com estilo artesanal, a caneca confere um toque art\u00edstico e cultural a qualquer caf\u00e9 ou ch\u00e1, tornando-a um souvenir ideal para os amantes de Barcelona.<\/p>\n","protected":false},"featured_media":9202,"template":"","meta":{"_acf_changed":false},"product_brand":[],"product_cat":[833],"product_tag":[515],"class_list":{"0":"post-37034","1":"product","2":"type-product","3":"status-publish","4":"has-post-thumbnail","6":"product_cat-canecas","7":"product_tag-ceramica","8":"pa_ciudad-barcelona","9":"pa_motivo-panoramas","10":"pa_pais-espana","12":"first","13":"instock","14":"shipping-taxable","15":"product-type-simple"},"acf":[],"_links":{"self":[{"href":"https:\/\/olemosaic.com\/pt-pt\/wp-json\/wp\/v2\/product\/37034","targetHints":{"allow":["GET"]}}],"collection":[{"href":"https:\/\/olemosaic.com\/pt-pt\/wp-json\/wp\/v2\/product"}],"about":[{"href":"https:\/\/olemosaic.com\/pt-pt\/wp-json\/wp\/v2\/types\/product"}],"wp:featuredmedia":[{"embeddable":true,"href":"https:\/\/olemosaic.com\/pt-pt\/wp-json\/wp\/v2\/media\/9202"}],"wp:attachment":[{"href":"https:\/\/olemosaic.com\/pt-pt\/wp-json\/wp\/v2\/media?parent=37034"}],"wp:term":[{"taxonomy":"product_brand","embeddable":true,"href":"https:\/\/olemosaic.com\/pt-pt\/wp-json\/wp\/v2\/product_brand?post=37034"},{"taxonomy":"product_cat","embeddable":true,"href":"https:\/\/olemosaic.com\/pt-pt\/wp-json\/wp\/v2\/product_cat?post=37034"},{"taxonomy":"product_tag","embeddable":true,"href":"https:\/\/olemosaic.com\/pt-pt\/wp-json\/wp\/v2\/product_tag?post=37034"}],"curies":[{"name":"wp","href":"https:\/\/api.w.org\/{rel}","templated":true}]}}