{"id":37033,"date":"2025-02-20T23:36:41","date_gmt":"2025-02-20T22:36:41","guid":{"rendered":"http:\/\/olemosaic.com\/producto\/botella-inox-500-ml-punt-de-trobada-barcelona\/"},"modified":"2025-07-25T19:23:39","modified_gmt":"2025-07-25T17:23:39","slug":"garrafa-inox-500-ml-punt-de-trobada-barcelona","status":"publish","type":"product","link":"https:\/\/olemosaic.com\/pt-pt\/produto\/garrafa-inox-500-ml-punt-de-trobada-barcelona\/","title":{"rendered":"Garrafa inox. 500 ml. Punt de trobada. Barcelona."},"content":{"rendered":"<p>Apresentamos esta garrafa de a\u00e7o inoxid\u00e1vel de 500 ml, desenhada com uma vibrante combina\u00e7\u00e3o de cores que presta homenagem ao famoso mosaico de Barcelona. A garrafa apresenta um fundo branco que real\u00e7a uma s\u00e9rie de coloridos elementos geom\u00e9tricos, evocando o estilo ic\u00f3nico do reconhecido artista Antoni Gaud\u00ed. O nome &#8220;Barcelona&#8221; destaca-se em letras pretas, integrando-se harmonicamente com o design geral e sublinhando a ess\u00eancia da cidade. Com uma tampa met\u00e1lica segura e um pr\u00e1tico mosquet\u00e3o vermelho, esta garrafa \u00e9 ideal para manter as suas bebidas frias ou quentes enquanto percorre as ruas desta fascinante cidade.<\/p>\n<p>A liga\u00e7\u00e3o cultural deste produto \u00e9 ineg\u00e1vel. A garrafa n\u00e3o s\u00f3 real\u00e7a a arquitetura e a arte de Barcelona, como tamb\u00e9m reflete a tend\u00eancia para a sustentabilidade, sendo uma op\u00e7\u00e3o perfeita para quem procura alternativas ecol\u00f3gicas. Com um design que celebra a vibrante vida urbana e a arte, este souvenir \u00e9 uma excelente escolha para turistas que desejam levar um pedacinho de Barcelona para casa.<\/p>\n<p>Na Ol\u00e9 Mosaic, especializamo-nos na distribui\u00e7\u00e3o de souvenirs por grosso, oferecendo artigos aut\u00eanticos como esta garrafa que capturam o esp\u00edrito cultural e art\u00edstico do seu lugar de origem. Esta garrafa de a\u00e7o inoxid\u00e1vel \u00e9 uma op\u00e7\u00e3o ideal para lojas de presentes tur\u00edsticos que procuram produtos \u00fanicos e com significado. Fa\u00e7a deste souvenir uma parte essencial da experi\u00eancia dos seus clientes!<\/p>\n","protected":false},"excerpt":{"rendered":"<p>Garrafa de a\u00e7o inoxid\u00e1vel de 500 ml, decorada com um vibrante design inspirado no mosaico barcelon\u00eas. A sua superf\u00edcie, de fundo branco, est\u00e1 adornada com coloridos elementos geom\u00e9tricos e o nome &#8220;Barcelona&#8221; em letras pretas destacadas, evocando o estilo do famoso Antoni Gaud\u00ed. Esta garrafa conta com uma tampa met\u00e1lica e um pr\u00e1tico mosquet\u00e3o vermelho, ideal para manter as suas bebidas frias ou quentes enquanto explora a cidade. Perfeita para os amantes do design e da sustentabilidade.<\/p>\n","protected":false},"featured_media":9685,"template":"","meta":{"_acf_changed":false},"product_brand":[],"product_cat":[786],"product_tag":[],"class_list":{"0":"post-37033","1":"product","2":"type-product","3":"status-publish","4":"has-post-thumbnail","6":"product_cat-garrafas-inox","7":"pa_ciudad-barcelona","8":"pa_motivo-punt-de-trobada","9":"pa_pais-espana","11":"first","12":"instock","13":"shipping-taxable","14":"product-type-simple"},"acf":[],"_links":{"self":[{"href":"https:\/\/olemosaic.com\/pt-pt\/wp-json\/wp\/v2\/product\/37033","targetHints":{"allow":["GET"]}}],"collection":[{"href":"https:\/\/olemosaic.com\/pt-pt\/wp-json\/wp\/v2\/product"}],"about":[{"href":"https:\/\/olemosaic.com\/pt-pt\/wp-json\/wp\/v2\/types\/product"}],"wp:featuredmedia":[{"embeddable":true,"href":"https:\/\/olemosaic.com\/pt-pt\/wp-json\/wp\/v2\/media\/9685"}],"wp:attachment":[{"href":"https:\/\/olemosaic.com\/pt-pt\/wp-json\/wp\/v2\/media?parent=37033"}],"wp:term":[{"taxonomy":"product_brand","embeddable":true,"href":"https:\/\/olemosaic.com\/pt-pt\/wp-json\/wp\/v2\/product_brand?post=37033"},{"taxonomy":"product_cat","embeddable":true,"href":"https:\/\/olemosaic.com\/pt-pt\/wp-json\/wp\/v2\/product_cat?post=37033"},{"taxonomy":"product_tag","embeddable":true,"href":"https:\/\/olemosaic.com\/pt-pt\/wp-json\/wp\/v2\/product_tag?post=37033"}],"curies":[{"name":"wp","href":"https:\/\/api.w.org\/{rel}","templated":true}]}}