{"id":37032,"date":"2025-02-20T23:36:40","date_gmt":"2025-02-20T22:36:40","guid":{"rendered":"http:\/\/olemosaic.com\/producto\/vaso-de-chupito-de-ceramica-lisboa-blanco\/"},"modified":"2025-07-25T19:21:06","modified_gmt":"2025-07-25T17:21:06","slug":"copo-de-shot-de-ceramica-lisboa-branco","status":"publish","type":"product","link":"https:\/\/olemosaic.com\/pt-pt\/produto\/copo-de-shot-de-ceramica-lisboa-branco\/","title":{"rendered":"Copo de shot de cer\u00e2mica. Lisboa. Branco."},"content":{"rendered":"<p>Apresentamos o copo de shot de cer\u00e2mica com um design vibrante que evoca a beleza de Lisboa. Este atraente copo, com base branca e interior num alegre cor-de-laranja, exibe ilustra\u00e7\u00f5es com efeito pintado \u00e0 m\u00e3o que destacam os edif\u00edcios mais emblem\u00e1ticos da cidade, em cativantes tons de vermelho, amarelo e azul. Cada copo tamb\u00e9m mostra o famoso el\u00e9trico amarelo, um \u00edcone do transporte lisboeta, que serpenteia pelas colinas empedradas da cidade. Na face frontal, o nome &#8220;Lisboa&#8221; \u00e9 apresentado com letras elegantes, capturando na perfei\u00e7\u00e3o a ess\u00eancia e o encanto desta emblem\u00e1tica capital portuguesa.<\/p>\n<p>Este copo de shot n\u00e3o s\u00f3 \u00e9 ideal para desfrutar de uma bebida, como tamb\u00e9m funciona como um aut\u00eantico souvenir que o transporta para a rica cultura de Lisboa. Perfeito para os turistas que procuram uma recorda\u00e7\u00e3o significativa da sua viagem, este copo reflete o esp\u00edrito vibrante da cidade e a sua arquitetura \u00fanica. Na Ol\u00e9 Mosaic, como grossista de souvenirs de cer\u00e2mica, garantimos a qualidade e autenticidade de cada produto, oferecendo aos seus clientes uma op\u00e7\u00e3o impressionante e representativa da beleza de Lisboa. Sem d\u00favida, este copo de shot \u00e9 uma excelente escolha para lojas de presentes tur\u00edsticos que desejem oferecer produtos aut\u00eanticos e de alta qualidade.<\/p>\n","protected":false},"excerpt":{"rendered":"<p>Copo de shot de cer\u00e2mica com um design vibrante que representa as coloridas colinas de Lisboa. Este copo, com base branca e interior cor-de-laranja, est\u00e1 adornado com ilustra\u00e7\u00f5es de efeito pintado \u00e0 m\u00e3o que destacam os caracter\u00edsticos edif\u00edcios em tons de vermelho, amarelo e azul, juntamente com o famoso el\u00e9trico amarelo da cidade. Al\u00e9m disso, exibe o nome &#8220;Lisboa&#8221; em letras elegantes, capturando a ess\u00eancia e o encanto desta emblem\u00e1tica cidade portuguesa. Perfeito para desfrutar de um shot ou como recorda\u00e7\u00e3o.<\/p>\n","protected":false},"featured_media":9909,"template":"","meta":{"_acf_changed":false},"product_brand":[],"product_cat":[815],"product_tag":[515],"class_list":{"0":"post-37032","1":"product","2":"type-product","3":"status-publish","4":"has-post-thumbnail","6":"product_cat-copos-de-shot","7":"product_tag-ceramica","8":"pa_ciudad-lisboa","9":"pa_pais-portugal","11":"first","12":"instock","13":"shipping-taxable","14":"product-type-simple"},"acf":[],"_links":{"self":[{"href":"https:\/\/olemosaic.com\/pt-pt\/wp-json\/wp\/v2\/product\/37032","targetHints":{"allow":["GET"]}}],"collection":[{"href":"https:\/\/olemosaic.com\/pt-pt\/wp-json\/wp\/v2\/product"}],"about":[{"href":"https:\/\/olemosaic.com\/pt-pt\/wp-json\/wp\/v2\/types\/product"}],"wp:featuredmedia":[{"embeddable":true,"href":"https:\/\/olemosaic.com\/pt-pt\/wp-json\/wp\/v2\/media\/9909"}],"wp:attachment":[{"href":"https:\/\/olemosaic.com\/pt-pt\/wp-json\/wp\/v2\/media?parent=37032"}],"wp:term":[{"taxonomy":"product_brand","embeddable":true,"href":"https:\/\/olemosaic.com\/pt-pt\/wp-json\/wp\/v2\/product_brand?post=37032"},{"taxonomy":"product_cat","embeddable":true,"href":"https:\/\/olemosaic.com\/pt-pt\/wp-json\/wp\/v2\/product_cat?post=37032"},{"taxonomy":"product_tag","embeddable":true,"href":"https:\/\/olemosaic.com\/pt-pt\/wp-json\/wp\/v2\/product_tag?post=37032"}],"curies":[{"name":"wp","href":"https:\/\/api.w.org\/{rel}","templated":true}]}}