{"id":37030,"date":"2025-02-20T23:36:40","date_gmt":"2025-02-20T22:36:40","guid":{"rendered":"http:\/\/olemosaic.com\/producto\/salvamanteles-de-ceramica-bailaora-valencia\/"},"modified":"2025-07-25T18:56:11","modified_gmt":"2025-07-25T16:56:11","slug":"descanso-de-pratos-de-ceramica-bailarina-valencia","status":"publish","type":"product","link":"https:\/\/olemosaic.com\/pt-pt\/produto\/descanso-de-pratos-de-ceramica-bailarina-valencia\/","title":{"rendered":"Descanso de pratos de cer\u00e2mica. Bailarina. Val\u00eancia."},"content":{"rendered":"<p>Apresentamos o descanso de pratos de cer\u00e2mica pintado \u00e0 m\u00e3o, uma requintada representa\u00e7\u00e3o da cultura flamenca e da vibrante cidade de Val\u00eancia. Este descanso de pratos circular destaca-se pelo seu design colorido, que ilustra uma bailarina en\u00e9rgica, trajada com um espetacular vestido de folhos multicoloridos que capta a ess\u00eancia da arte flamenca. A bailarina, representada em pleno movimento, irradia paix\u00e3o e alegria, enquanto o fundo floral, repleto de cravos vermelhos, real\u00e7a a sua energia e liga\u00e7\u00e3o com a tradi\u00e7\u00e3o.<\/p>\n<p>O rebordo entran\u00e7ado em vermelho adiciona um toque festivo e distintivo, enquanto a palavra &#8220;VALENCIA&#8221;, impressa em letras chamativas, confere um car\u00e1ter especial a esta recorda\u00e7\u00e3o, tornando-a uma pe\u00e7a \u00fanica para qualquer mesa. Este descanso de pratos n\u00e3o \u00e9 apenas funcional, mas tamb\u00e9m um belo elemento decorativo que celebra a rica heran\u00e7a cultural valenciana.<\/p>\n<p>Na Ol\u00e9 Mosaic, orgulhamo-nos de oferecer aut\u00eanticos souvenirs de cer\u00e2mica, ideais para lojas de presentes tur\u00edsticos que procuram produtos que reflitam a identidade e o folclore local. Este descanso de pratos de cer\u00e2mica pintado \u00e0 m\u00e3o \u00e9 uma excelente op\u00e7\u00e3o para turistas que procuram uma recorda\u00e7\u00e3o representativa da sua visita a Val\u00eancia, combinando beleza e cultura numa s\u00f3 pe\u00e7a.<\/p>\n","protected":false},"excerpt":{"rendered":"<p>Descanso de pratos de cer\u00e2mica com design artesanal, pintado \u00e0 m\u00e3o, inspirado na dan\u00e7a flamenca e na cultura valenciana. Este colorido descanso de pratos apresenta uma vibrante ilustra\u00e7\u00e3o de uma bailarina com um vestido de folhos multicoloridos, sobre um fundo floral de cravos vermelhos que real\u00e7a a sua energia. A base circular tem um rebordo entran\u00e7ado em vermelho, e a palavra &#8220;VALENCIA&#8221; \u00e9 impressa em letras chamativas, conferindo um toque distintivo e festivo \u00e0 sua mesa.<\/p>\n","protected":false},"featured_media":13829,"template":"","meta":{"_acf_changed":false},"product_brand":[],"product_cat":[830],"product_tag":[515],"class_list":{"0":"post-37030","1":"product","2":"type-product","3":"status-publish","4":"has-post-thumbnail","6":"product_cat-bases-para-pratos","7":"product_tag-ceramica","8":"pa_ciudad-valencia","9":"pa_motivo-dancarinos","10":"pa_pais-espana","12":"first","13":"instock","14":"shipping-taxable","15":"product-type-simple"},"acf":[],"_links":{"self":[{"href":"https:\/\/olemosaic.com\/pt-pt\/wp-json\/wp\/v2\/product\/37030","targetHints":{"allow":["GET"]}}],"collection":[{"href":"https:\/\/olemosaic.com\/pt-pt\/wp-json\/wp\/v2\/product"}],"about":[{"href":"https:\/\/olemosaic.com\/pt-pt\/wp-json\/wp\/v2\/types\/product"}],"wp:featuredmedia":[{"embeddable":true,"href":"https:\/\/olemosaic.com\/pt-pt\/wp-json\/wp\/v2\/media\/13829"}],"wp:attachment":[{"href":"https:\/\/olemosaic.com\/pt-pt\/wp-json\/wp\/v2\/media?parent=37030"}],"wp:term":[{"taxonomy":"product_brand","embeddable":true,"href":"https:\/\/olemosaic.com\/pt-pt\/wp-json\/wp\/v2\/product_brand?post=37030"},{"taxonomy":"product_cat","embeddable":true,"href":"https:\/\/olemosaic.com\/pt-pt\/wp-json\/wp\/v2\/product_cat?post=37030"},{"taxonomy":"product_tag","embeddable":true,"href":"https:\/\/olemosaic.com\/pt-pt\/wp-json\/wp\/v2\/product_tag?post=37030"}],"curies":[{"name":"wp","href":"https:\/\/api.w.org\/{rel}","templated":true}]}}