{"id":37028,"date":"2025-02-20T23:36:40","date_gmt":"2025-02-20T22:36:40","guid":{"rendered":"http:\/\/olemosaic.com\/producto\/mug-xl-de-ceramica-caballito-de-mar-beige-2\/"},"modified":"2025-07-25T18:43:27","modified_gmt":"2025-07-25T16:43:27","slug":"caneca-xl-de-ceramica-cavalo-marinho-bege-2","status":"publish","type":"product","link":"https:\/\/olemosaic.com\/pt-pt\/produto\/caneca-xl-de-ceramica-cavalo-marinho-bege-2\/","title":{"rendered":"Caneca XL de cer\u00e2mica. Cavalo-marinho. Mosaico. Bege."},"content":{"rendered":"<p>Apresentamos a caneca XL de cer\u00e2mica decorada com vibrantes cavalos-marinhos, uma pe\u00e7a ideal para adicionar um toque marinho a qualquer lar. Esta caneca destaca-se pelo seu design elegante em tons bege, que contrasta dinamicamente com as cores vivas dos cavalos-marinhos, dando vida \u00e0s suas laterais com um mosaico \u00fanico que evoca a beleza do mundo submarino. Cada cavalo-marinho, em delicados matizes de azul, vermelho e verde, est\u00e1 rodeado de plantas marinhas em tonalidades brilhantes que se espalham sobre um fundo branco imaculado, criando um efeito visual fresco e alegre. Este design n\u00e3o s\u00f3 \u00e9 atraente \u00e0 vista, como tamb\u00e9m celebra a rica heran\u00e7a marinha de Espanha, evocando a liga\u00e7\u00e3o cultural com o mar Mediterr\u00e2neo e os seus coloridos ecossistemas. Como souvenir, representa de forma aut\u00eantica o encanto das nossas costas, tornando-se uma excelente op\u00e7\u00e3o para os turistas que procuram recorda\u00e7\u00f5es \u00fanicas e significativas da sua visita. Na Ol\u00e9 Mosaic somos distribuidores de souvenirs aut\u00eanticos por grosso, e esta caneca XL \u00e9 uma maravilhosa adi\u00e7\u00e3o para lojas de presentes tur\u00edsticos que procuram produtos de qualidade e relev\u00e2ncia cultural; cada pe\u00e7a reflete o artesanato e a paix\u00e3o pela tradi\u00e7\u00e3o que nos caracteriza.<\/p>\n","protected":false},"excerpt":{"rendered":"<p>Caneca XL de cer\u00e2mica decorada com alegres cavalos-marinhos, ideal para dar um toque marinho ao seu lar. Este design apresenta motivos em mosaico de m\u00faltiplas cores sobre um fundo branco, evocando o encanto do mundo submarino. Os cavalos-marinhos, rodeados de plantas marinhas em tons vermelhos e verdes, s\u00e3o pintados com precis\u00e3o, proporcionando uma imagem fresca e alegre. Perfeita para desfrutar com estilo das suas bebidas favoritas.<\/p>\n","protected":false},"featured_media":7684,"template":"","meta":{"_acf_changed":false},"product_brand":[],"product_cat":[726],"product_tag":[516,515],"class_list":{"0":"post-37028","1":"product","2":"type-product","3":"status-publish","4":"has-post-thumbnail","6":"product_cat-mugs","7":"product_tag-animais","8":"product_tag-ceramica","9":"pa_motivo-cavalos-marinhos","11":"first","12":"instock","13":"shipping-taxable","14":"product-type-simple"},"acf":[],"_links":{"self":[{"href":"https:\/\/olemosaic.com\/pt-pt\/wp-json\/wp\/v2\/product\/37028","targetHints":{"allow":["GET"]}}],"collection":[{"href":"https:\/\/olemosaic.com\/pt-pt\/wp-json\/wp\/v2\/product"}],"about":[{"href":"https:\/\/olemosaic.com\/pt-pt\/wp-json\/wp\/v2\/types\/product"}],"wp:featuredmedia":[{"embeddable":true,"href":"https:\/\/olemosaic.com\/pt-pt\/wp-json\/wp\/v2\/media\/7684"}],"wp:attachment":[{"href":"https:\/\/olemosaic.com\/pt-pt\/wp-json\/wp\/v2\/media?parent=37028"}],"wp:term":[{"taxonomy":"product_brand","embeddable":true,"href":"https:\/\/olemosaic.com\/pt-pt\/wp-json\/wp\/v2\/product_brand?post=37028"},{"taxonomy":"product_cat","embeddable":true,"href":"https:\/\/olemosaic.com\/pt-pt\/wp-json\/wp\/v2\/product_cat?post=37028"},{"taxonomy":"product_tag","embeddable":true,"href":"https:\/\/olemosaic.com\/pt-pt\/wp-json\/wp\/v2\/product_tag?post=37028"}],"curies":[{"name":"wp","href":"https:\/\/api.w.org\/{rel}","templated":true}]}}