{"id":37027,"date":"2025-02-20T23:36:40","date_gmt":"2025-02-20T22:36:40","guid":{"rendered":"http:\/\/olemosaic.com\/producto\/bol-de-coco-rojo-delfin-4\/"},"modified":"2025-07-25T20:07:39","modified_gmt":"2025-07-25T18:07:39","slug":"taca-de-coco-vermelha-golfinho-4","status":"publish","type":"product","link":"https:\/\/olemosaic.com\/pt-pt\/produto\/taca-de-coco-vermelha-golfinho-4\/","title":{"rendered":"Ta\u00e7a de coco vermelha. Golfinho. Decora\u00e7\u00e3o em ovais vermelhos."},"content":{"rendered":"<p>Apresentamos a requintada ta\u00e7a de coco vermelha com design de golfinho, uma aut\u00eantica pe\u00e7a artesanal que se destaca pela sua singularidade e beleza. Elaborada a partir de casca de coco reciclada, esta ta\u00e7a conta com um acabamento interior suave e brilhante que contrasta elegantemente com o vibrante design exterior. No centro, um golfinho gravado com mestria capta a aten\u00e7\u00e3o, simbolizando a liga\u00e7\u00e3o com a vida marinha que caracteriza as regi\u00f5es costeiras de Espanha. Rodeando o golfinho, uma decora\u00e7\u00e3o de ovais em tons vermelhos confere um toque quente e ex\u00f3tico, tornando esta ta\u00e7a n\u00e3o s\u00f3 funcional, mas tamb\u00e9m um atrativo decorativo.<\/p>\n<p>Esta ta\u00e7a \u00e9 mais do que um simples objeto; o seu design evoca a ess\u00eancia do mar Mediterr\u00e2neo e a sua biodiversidade, tornando-se uma recorda\u00e7\u00e3o ideal para quem procura levar um pedacinho de cultura e natureza para casa. Este souvenir n\u00e3o s\u00f3 \u00e9 representativo da arte local, como tamb\u00e9m promove a consci\u00eancia sobre a sustentabilidade ao utilizar materiais reciclados.<\/p>\n<p>Na Ol\u00e9 Mosaic, o seu distribuidor de souvenirs por grosso, garantimos a autenticidade e qualidade em cada pe\u00e7a. Esta ta\u00e7a de coco vermelha \u00e9 uma excelente op\u00e7\u00e3o para lojas de presentes tur\u00edsticos que procuram oferecer produtos \u00fanicos e culturais, que sem d\u00favida ressoar\u00e3o junto dos turistas que sentem admira\u00e7\u00e3o pela beleza natural e pelo artesanato local.<\/p>\n","protected":false},"excerpt":{"rendered":"<p>Ta\u00e7a de coco vermelha com design de golfinho, uma pe\u00e7a artesanal que se destaca pela sua beleza e originalidade. Fabricada a partir de casca de coco, a ta\u00e7a apresenta um acabamento interior liso com um elegante golfinho gravado no centro, rodeado por uma decora\u00e7\u00e3o de ovais em tons vermelhos. Esta chamativa mistura de cores e texturas torna-a num atrativo objeto decorativo que evoca a vida marinha, ideal para dar um toque ex\u00f3tico a qualquer lar.<\/p>\n","protected":false},"featured_media":11842,"template":"","meta":{"_acf_changed":false},"product_brand":[],"product_cat":[513],"product_tag":[516],"class_list":{"0":"post-37027","1":"product","2":"type-product","3":"status-publish","4":"has-post-thumbnail","6":"product_cat-bols","7":"product_tag-animais","8":"pa_motivo-golfinhos","10":"first","11":"instock","12":"shipping-taxable","13":"product-type-simple"},"acf":[],"_links":{"self":[{"href":"https:\/\/olemosaic.com\/pt-pt\/wp-json\/wp\/v2\/product\/37027","targetHints":{"allow":["GET"]}}],"collection":[{"href":"https:\/\/olemosaic.com\/pt-pt\/wp-json\/wp\/v2\/product"}],"about":[{"href":"https:\/\/olemosaic.com\/pt-pt\/wp-json\/wp\/v2\/types\/product"}],"wp:featuredmedia":[{"embeddable":true,"href":"https:\/\/olemosaic.com\/pt-pt\/wp-json\/wp\/v2\/media\/11842"}],"wp:attachment":[{"href":"https:\/\/olemosaic.com\/pt-pt\/wp-json\/wp\/v2\/media?parent=37027"}],"wp:term":[{"taxonomy":"product_brand","embeddable":true,"href":"https:\/\/olemosaic.com\/pt-pt\/wp-json\/wp\/v2\/product_brand?post=37027"},{"taxonomy":"product_cat","embeddable":true,"href":"https:\/\/olemosaic.com\/pt-pt\/wp-json\/wp\/v2\/product_cat?post=37027"},{"taxonomy":"product_tag","embeddable":true,"href":"https:\/\/olemosaic.com\/pt-pt\/wp-json\/wp\/v2\/product_tag?post=37027"}],"curies":[{"name":"wp","href":"https:\/\/api.w.org\/{rel}","templated":true}]}}