{"id":37026,"date":"2025-02-20T23:36:39","date_gmt":"2025-02-20T22:36:39","guid":{"rendered":"http:\/\/olemosaic.com\/producto\/llavero-de-madera-letra-j-sevilla\/"},"modified":"2025-07-25T19:16:20","modified_gmt":"2025-07-25T17:16:20","slug":"porta-chaves-de-madeira-letra-j-sevilha","status":"publish","type":"product","link":"https:\/\/olemosaic.com\/pt-pt\/produto\/porta-chaves-de-madeira-letra-j-sevilha\/","title":{"rendered":"Porta-chaves de madeira. Letra J. Sevilha."},"content":{"rendered":"<p>Apresentamos o encantador porta-chaves de madeira com a letra J, uma magn\u00edfica recorda\u00e7\u00e3o que capta a ess\u00eancia e a beleza de Sevilha. Este porta-chaves exclusivo apresenta uma vibrante ilustra\u00e7\u00e3o de um emblem\u00e1tico monumento da cidade, fundido com uma carruagem t\u00edpica, tudo pintado \u00e0 m\u00e3o numa cativante paleta de cores: vermelho, amarelo e azul. A parte frontal do porta-chaves mostra a majestosidade de Sevilha, com detalhes que representam a sua arquitetura singular, enquanto na parte traseira se revela uma colorida representa\u00e7\u00e3o do mosaico sevilhano, um s\u00edmbolo patrimonial da regi\u00e3o. Este porta-chaves de madeira n\u00e3o s\u00f3 \u00e9 funcional, como \u00e9 uma recorda\u00e7\u00e3o perfeita da cultura andaluza e da sua rica hist\u00f3ria.<\/p>\n<p>O porta-chaves \u00e9 uma excelente op\u00e7\u00e3o para turistas que procuram recorda\u00e7\u00f5es emblem\u00e1ticas de Sevilha, para levar consigo como s\u00edmbolo da sua visita. Na Ol\u00e9 Mosaic, dedicamo-nos a oferecer recorda\u00e7\u00f5es aut\u00eanticas e artesanais por grosso, e este porta-chaves \u00e9 ideal para lojas de presentes tur\u00edsticos que desejem oferecer produtos representativos da cultura local. O seu design muito especial e colorido garante a sua relev\u00e2ncia cultural e torna-o um artigo atrativo para atrair os viajantes que desejem levar um pedacinho de Sevilha para casa.<\/p>\n","protected":false},"excerpt":{"rendered":"<p>Porta-chaves de madeira com forma de letra J, desenhado para representar a beleza de Sevilha. Este porta-chaves apresenta uma ilustra\u00e7\u00e3o vibrante de um monumento emblem\u00e1tico da cidade e uma carruagem t\u00edpica, com detalhes pintados \u00e0 m\u00e3o em cores chamativas como o vermelho, o amarelo e o azul. A parte posterior mostra uma colorida representa\u00e7\u00e3o do mosaico sevilhano, o que o torna uma recorda\u00e7\u00e3o perfeita e funcional da cultura andaluza.<\/p>\n","protected":false},"featured_media":10894,"template":"","meta":{"_acf_changed":false},"product_brand":[],"product_cat":[611],"product_tag":[612],"class_list":{"0":"post-37026","1":"product","2":"type-product","3":"status-publish","4":"has-post-thumbnail","6":"product_cat-porta-chaves","7":"product_tag-cartas","8":"pa_ciudad-sevilla","9":"pa_motivo-letra-j","10":"pa_pais-espana","12":"first","13":"instock","14":"shipping-taxable","15":"product-type-simple"},"acf":[],"_links":{"self":[{"href":"https:\/\/olemosaic.com\/pt-pt\/wp-json\/wp\/v2\/product\/37026","targetHints":{"allow":["GET"]}}],"collection":[{"href":"https:\/\/olemosaic.com\/pt-pt\/wp-json\/wp\/v2\/product"}],"about":[{"href":"https:\/\/olemosaic.com\/pt-pt\/wp-json\/wp\/v2\/types\/product"}],"wp:featuredmedia":[{"embeddable":true,"href":"https:\/\/olemosaic.com\/pt-pt\/wp-json\/wp\/v2\/media\/10894"}],"wp:attachment":[{"href":"https:\/\/olemosaic.com\/pt-pt\/wp-json\/wp\/v2\/media?parent=37026"}],"wp:term":[{"taxonomy":"product_brand","embeddable":true,"href":"https:\/\/olemosaic.com\/pt-pt\/wp-json\/wp\/v2\/product_brand?post=37026"},{"taxonomy":"product_cat","embeddable":true,"href":"https:\/\/olemosaic.com\/pt-pt\/wp-json\/wp\/v2\/product_cat?post=37026"},{"taxonomy":"product_tag","embeddable":true,"href":"https:\/\/olemosaic.com\/pt-pt\/wp-json\/wp\/v2\/product_tag?post=37026"}],"curies":[{"name":"wp","href":"https:\/\/api.w.org\/{rel}","templated":true}]}}