{"id":37024,"date":"2025-02-20T23:36:39","date_gmt":"2025-02-20T22:36:39","guid":{"rendered":"http:\/\/olemosaic.com\/producto\/colgador-de-ceramica-golondrina-lisboa-3\/"},"modified":"2025-07-25T18:34:08","modified_gmt":"2025-07-25T16:34:08","slug":"cabide-de-ceramica-andorinha-lisboa-3","status":"publish","type":"product","link":"https:\/\/olemosaic.com\/pt-pt\/produto\/cabide-de-ceramica-andorinha-lisboa-3\/","title":{"rendered":"Cabide de cer\u00e2mica. Andorinha. Lisboa. Portugal."},"content":{"rendered":"<p>Apresentamos o cabide de cer\u00e2mica com forma de andorinha, uma joia decorativa inspirada na vibrante beleza de Lisboa. Este encantador design, pintado \u00e0 m\u00e3o, destaca-se pelo seu acabamento cheio de vida, com uma paleta de cores vibrantes que inclui vermelhos intensos, azuis profundos, amarelos alegres e verdes frescos. Decorada com delicados motivos florais e padr\u00f5es abstratos, cada pe\u00e7a \u00e9 \u00fanica e reflete a rica tradi\u00e7\u00e3o artesanal portuguesa. A andorinha, s\u00edmbolo de alegria e liberdade, evoca a ess\u00eancia dos c\u00e9us luminosos de Lisboa e torna-se um atrativo elemento decorativo para qualquer espa\u00e7o, seja em casa ou num ambiente comercial.<\/p>\n<p>A sua superf\u00edcie lisa e os seus contornos elegantes n\u00e3o s\u00f3 conferem um toque distintivo \u00e0 decora\u00e7\u00e3o de interiores, como tamb\u00e9m celebram a liga\u00e7\u00e3o emocional com a cultura lisboeta. Este cabide de cer\u00e2mica \u00e9 uma aut\u00eantica recorda\u00e7\u00e3o, ideal para turistas que procuram levar um peda\u00e7o da hist\u00f3ria e da arte do Portugal tradicional. Na Ol\u00e9 Mosaic, como especialistas na distribui\u00e7\u00e3o de recorda\u00e7\u00f5es por grosso, garantimos que cada cabide de cer\u00e2mica \u00e9 uma representa\u00e7\u00e3o aut\u00eantica da beleza cultural de Lisboa. Este produto \u00e9 uma excelente op\u00e7\u00e3o para lojas de presentes tur\u00edsticos que desejem oferecer artigos de qualidade e significado. Descubra a magia de Lisboa atrav\u00e9s deste cabide decorativo!<\/p>\n","protected":false},"excerpt":{"rendered":"<p>Cabide de cer\u00e2mica com forma de andorinha, inspirado na beleza de Lisboa. Este design encantador, de fabrico artesanal e pintado \u00e0 m\u00e3o, apresenta uma variedade de cores vibrantes como o vermelho, o azul, o amarelo e o verde, adornado com motivos florais e padr\u00f5es abstratos. A andorinha simboliza a alegria e a liberdade, tornando-se um elemento decorativo de destaque para qualquer espa\u00e7o. O seu acabamento liso e os seus contornos elegantes conferem um toque art\u00edstico \u00fanico \u00e0 decora\u00e7\u00e3o da sua casa.<\/p>\n","protected":false},"featured_media":11236,"template":"","meta":{"_acf_changed":false},"product_brand":[],"product_cat":[792],"product_tag":[516,515],"class_list":{"0":"post-37024","1":"product","2":"type-product","3":"status-publish","4":"has-post-thumbnail","6":"product_cat-cabides","7":"product_tag-animais","8":"product_tag-ceramica","9":"pa_ciudad-lisboa","10":"pa_motivo-andorinhas","11":"pa_pais-portugal","13":"first","14":"instock","15":"shipping-taxable","16":"product-type-simple"},"acf":[],"_links":{"self":[{"href":"https:\/\/olemosaic.com\/pt-pt\/wp-json\/wp\/v2\/product\/37024","targetHints":{"allow":["GET"]}}],"collection":[{"href":"https:\/\/olemosaic.com\/pt-pt\/wp-json\/wp\/v2\/product"}],"about":[{"href":"https:\/\/olemosaic.com\/pt-pt\/wp-json\/wp\/v2\/types\/product"}],"wp:featuredmedia":[{"embeddable":true,"href":"https:\/\/olemosaic.com\/pt-pt\/wp-json\/wp\/v2\/media\/11236"}],"wp:attachment":[{"href":"https:\/\/olemosaic.com\/pt-pt\/wp-json\/wp\/v2\/media?parent=37024"}],"wp:term":[{"taxonomy":"product_brand","embeddable":true,"href":"https:\/\/olemosaic.com\/pt-pt\/wp-json\/wp\/v2\/product_brand?post=37024"},{"taxonomy":"product_cat","embeddable":true,"href":"https:\/\/olemosaic.com\/pt-pt\/wp-json\/wp\/v2\/product_cat?post=37024"},{"taxonomy":"product_tag","embeddable":true,"href":"https:\/\/olemosaic.com\/pt-pt\/wp-json\/wp\/v2\/product_tag?post=37024"}],"curies":[{"name":"wp","href":"https:\/\/api.w.org\/{rel}","templated":true}]}}