{"id":37021,"date":"2025-02-20T23:36:39","date_gmt":"2025-02-20T22:36:39","guid":{"rendered":"http:\/\/olemosaic.com\/producto\/posavasos-de-ceramica-mariposa-mallorca-2\/"},"modified":"2025-07-25T20:19:51","modified_gmt":"2025-07-25T18:19:51","slug":"base-de-copos-de-ceramica-borboleta-maiorca-2","status":"publish","type":"product","link":"https:\/\/olemosaic.com\/pt-pt\/produto\/base-de-copos-de-ceramica-borboleta-maiorca-2\/","title":{"rendered":"Base de copos de cer\u00e2mica. Borboleta. Ilha. Maiorca."},"content":{"rendered":"<p>Bases de copos de cer\u00e2mica decoradas com borboletas vibrantes, inspiradas na beleza de Maiorca, s\u00e3o uma aut\u00eantica joia da arte tradicional balear. Cada base de copos \u00e9 uma pe\u00e7a com efeito de pintura \u00e0 m\u00e3o que exibe um design alegre e colorido, destacando borboletas em tons de vermelho, azul e amarelo, elegantemente dispostas entre flores sobre um fundo de mosaico em tons de cinzento. Esta representa\u00e7\u00e3o reflete a rica flora e fauna mediterr\u00e2nicas, evocando a frescura e a alegria do ambiente insular.<\/p>\n<p>A cer\u00e2mica, um elemento emblem\u00e1tico da cultura maiorquina, combina-se com uma ilustra\u00e7\u00e3o que capta a ess\u00eancia do ver\u00e3o na ilha, tornando cada base de copos uma recorda\u00e7\u00e3o \u00fanica e significativa de Maiorca. O seu design vibrante n\u00e3o \u00e9 apenas funcional, mas tamb\u00e9m acrescenta um toque decorativo a qualquer mesa, perfeito para quem valoriza a est\u00e9tica e a arte local.<\/p>\n<p>Na Ol\u00e9 Mosaic, como distribuidores de souvenirs de cer\u00e2mica por grosso, oferecemos produtos que celebram a autenticidade cultural e a tradi\u00e7\u00e3o de Maiorca. Estas bases de copos s\u00e3o uma excelente op\u00e7\u00e3o para lojas de presentes tur\u00edsticos, ideais para turistas que procuram souvenirs representativos que encapsulem a ess\u00eancia da sua viagem.<\/p>\n","protected":false},"excerpt":{"rendered":"<p>Base de copos de cer\u00e2mica decorada com borboletas vibrantes, inspirada na beleza de Maiorca. Este produto apresenta um design alegre, com borboletas em tons de vermelho, azul e amarelo, rodeadas de flores coloridas sobre um fundo de mosaico em tons de cinzento. A pe\u00e7a, com design artesanal e pintura \u00e0 m\u00e3o, destaca-se pelo seu estilo fresco e colorido, perfeito para adicionar um toque mediterr\u00e2nico a qualquer mesa. Ideal para os amantes da arte e da cultura maiorquina.<\/p>\n","protected":false},"featured_media":8962,"template":"","meta":{"_acf_changed":false},"product_brand":[],"product_cat":[818],"product_tag":[516,515],"class_list":{"0":"post-37021","1":"product","2":"type-product","3":"status-publish","4":"has-post-thumbnail","6":"product_cat-bases-de-copos","7":"product_tag-animais","8":"product_tag-ceramica","9":"pa_ciudad-mallorca","10":"pa_motivo-borboletas","11":"pa_pais-espana","13":"first","14":"instock","15":"shipping-taxable","16":"product-type-simple"},"acf":[],"_links":{"self":[{"href":"https:\/\/olemosaic.com\/pt-pt\/wp-json\/wp\/v2\/product\/37021","targetHints":{"allow":["GET"]}}],"collection":[{"href":"https:\/\/olemosaic.com\/pt-pt\/wp-json\/wp\/v2\/product"}],"about":[{"href":"https:\/\/olemosaic.com\/pt-pt\/wp-json\/wp\/v2\/types\/product"}],"wp:featuredmedia":[{"embeddable":true,"href":"https:\/\/olemosaic.com\/pt-pt\/wp-json\/wp\/v2\/media\/8962"}],"wp:attachment":[{"href":"https:\/\/olemosaic.com\/pt-pt\/wp-json\/wp\/v2\/media?parent=37021"}],"wp:term":[{"taxonomy":"product_brand","embeddable":true,"href":"https:\/\/olemosaic.com\/pt-pt\/wp-json\/wp\/v2\/product_brand?post=37021"},{"taxonomy":"product_cat","embeddable":true,"href":"https:\/\/olemosaic.com\/pt-pt\/wp-json\/wp\/v2\/product_cat?post=37021"},{"taxonomy":"product_tag","embeddable":true,"href":"https:\/\/olemosaic.com\/pt-pt\/wp-json\/wp\/v2\/product_tag?post=37021"}],"curies":[{"name":"wp","href":"https:\/\/api.w.org\/{rel}","templated":true}]}}