{"id":37019,"date":"2025-02-20T23:36:38","date_gmt":"2025-02-20T22:36:38","guid":{"rendered":"http:\/\/olemosaic.com\/producto\/portavelas-de-ceramica-madrid-blanco\/"},"modified":"2025-07-25T18:38:19","modified_gmt":"2025-07-25T16:38:19","slug":"porta-velas-de-ceramica-madrid-branco","status":"publish","type":"product","link":"https:\/\/olemosaic.com\/pt-pt\/produto\/porta-velas-de-ceramica-madrid-branco\/","title":{"rendered":"Porta-velas de cer\u00e2mica. Madrid. Branco."},"content":{"rendered":"<p>Porta-velas de cer\u00e2mica de design quadrado de Madrid<\/p>\n<p>Este porta-velas de cer\u00e2mica \u00e9 uma aut\u00eantica joia decorativa que captura a ess\u00eancia vibrante de Madrid. Com a sua elegante forma quadrada e tonalidades brancas, n\u00e3o \u00e9 apenas funcional, mas tamb\u00e9m uma declara\u00e7\u00e3o de estilo que confere um toque \u00fanico a qualquer espa\u00e7o. Adornado com desenhos coloridos que representam monumentos emblem\u00e1ticos da cidade, como a ic\u00f3nica Puerta de Alcal\u00e1 e a majestosa Plaza de Cibeles, este artigo destaca-se pela sua ilustra\u00e7\u00e3o com efeito de pintura \u00e0 m\u00e3o, que reflete a riqueza cultural e arquitet\u00f3nica da capital espanhola.<\/p>\n<p>A palavra &#8220;Madrid&#8221; est\u00e1 escrita num estilo apelativo, integrando-se harmoniosamente com as cores vibrantes dos monumentos que a rodeiam. As ilustra\u00e7\u00f5es, repletas de detalhes, transmitem o dinamismo da cidade e s\u00e3o uma recorda\u00e7\u00e3o constante do patrim\u00f3nio hist\u00f3rico que alberga. Este porta-velas n\u00e3o \u00e9 apenas uma recorda\u00e7\u00e3o perfeita de Madrid, mas tamb\u00e9m um elemento decorativo que liga os visitantes \u00e0 cultura local e ao seu esp\u00edrito.<\/p>\n<p>Na Ol\u00e9 Mosaic, especializamo-nos na distribui\u00e7\u00e3o de recorda\u00e7\u00f5es por grosso, oferecendo produtos que celebram a autenticidade e a beleza de Espanha. Este porta-velas de Madrid \u00e9 uma excelente op\u00e7\u00e3o para lojas de presentes tur\u00edsticos que procuram artigos \u00fanicos e representativos, combinando est\u00e9tica e funcionalidade numa pe\u00e7a que encantar\u00e1 todos aqueles que desejem levar um fragmento da capital madrilena.<\/p>\n","protected":false},"excerpt":{"rendered":"<p>Porta-velas de cer\u00e2mica de design quadrado, adornado com desenhos coloridos representativos de Madrid. Este elegante porta-velas, em tons brancos, destaca-se pelas suas ilustra\u00e7\u00f5es de monumentos ic\u00f3nicos como a Puerta de Alcal\u00e1 e a emblem\u00e1tica pra\u00e7a de Cibeles, capturando a ess\u00eancia da cidade. Pintado com estilo artesanal com detalhes vibrantes, inclui a palavra &#8220;Madrid&#8221; num estilo apelativo, tornando-se uma pe\u00e7a decorativa e funcional, ideal para dar um toque madrileno a qualquer espa\u00e7o.<\/p>\n","protected":false},"featured_media":9958,"template":"","meta":{"_acf_changed":false},"product_brand":[],"product_cat":[811],"product_tag":[515],"class_list":{"0":"post-37019","1":"product","2":"type-product","3":"status-publish","4":"has-post-thumbnail","6":"product_cat-porta-velas","7":"product_tag-ceramica","8":"pa_ciudad-madrid","9":"pa_pais-espana","11":"first","12":"instock","13":"shipping-taxable","14":"product-type-simple"},"acf":[],"_links":{"self":[{"href":"https:\/\/olemosaic.com\/pt-pt\/wp-json\/wp\/v2\/product\/37019","targetHints":{"allow":["GET"]}}],"collection":[{"href":"https:\/\/olemosaic.com\/pt-pt\/wp-json\/wp\/v2\/product"}],"about":[{"href":"https:\/\/olemosaic.com\/pt-pt\/wp-json\/wp\/v2\/types\/product"}],"wp:featuredmedia":[{"embeddable":true,"href":"https:\/\/olemosaic.com\/pt-pt\/wp-json\/wp\/v2\/media\/9958"}],"wp:attachment":[{"href":"https:\/\/olemosaic.com\/pt-pt\/wp-json\/wp\/v2\/media?parent=37019"}],"wp:term":[{"taxonomy":"product_brand","embeddable":true,"href":"https:\/\/olemosaic.com\/pt-pt\/wp-json\/wp\/v2\/product_brand?post=37019"},{"taxonomy":"product_cat","embeddable":true,"href":"https:\/\/olemosaic.com\/pt-pt\/wp-json\/wp\/v2\/product_cat?post=37019"},{"taxonomy":"product_tag","embeddable":true,"href":"https:\/\/olemosaic.com\/pt-pt\/wp-json\/wp\/v2\/product_tag?post=37019"}],"curies":[{"name":"wp","href":"https:\/\/api.w.org\/{rel}","templated":true}]}}