{"id":37016,"date":"2025-02-20T23:36:37","date_gmt":"2025-02-20T22:36:37","guid":{"rendered":"http:\/\/olemosaic.com\/producto\/plato-de-ceramica-de-15-cm-patio-blanco-2\/"},"modified":"2025-07-25T20:38:10","modified_gmt":"2025-07-25T18:38:10","slug":"prato-de-ceramica-de-15-cm-patio-andaluz-branco","status":"publish","type":"product","link":"https:\/\/olemosaic.com\/pt-pt\/produto\/prato-de-ceramica-de-15-cm-patio-andaluz-branco\/","title":{"rendered":"Prato de cer\u00e2mica de 15 cm. P\u00e1tio andaluz. Branco."},"content":{"rendered":"<p>Prato de cer\u00e2mica decorado com um design vibrante que evoca a ess\u00eancia do folclore espanhol. Este atraente prato de cer\u00e2mica, com 15 cm de di\u00e2metro, apresenta um fundo branco puro que real\u00e7a uma encantadora cena t\u00edpica de um p\u00e1tio andaluz. Na ilustra\u00e7\u00e3o, uma bailarina, trajada com um vibrante vestido de folhos vermelhos e detalhes brancos, encontra-se em pleno baile, enquanto um guitarrista a acompanha com a sua guitarra, criando uma atmosfera festiva e alegre. Ao redor, os vasos coloridos adornados com flores vermelhas e verdes complementam o quadro, transportando o espetador para o calor e o encanto da cultura espanhola.<\/p>\n<p>Os detalhes pintados \u00e0 m\u00e3o conferem autenticidade e um toque pessoal, tornando este prato um souvenir excecional que representa a tradi\u00e7\u00e3o e a arte de Espanha. Este prato n\u00e3o s\u00f3 \u00e9 ideal para colecionadores e amantes da arte, como tamb\u00e9m serve como uma magn\u00edfica pe\u00e7a decorativa para qualquer casa, evocando a alegria das festividades espanholas. Na Ol\u00e9 Mosaic, orgulhamo-nos de oferecer pratos de cer\u00e2mica aut\u00eanticos e artesanais que encapsulam a heran\u00e7a cultural espanhola, tornando-os souvenirs perfeitos para turistas que procuram levar um pedacinho de Espanha. Como distribuidores de souvenirs de cer\u00e2mica, garantimos a qualidade e singularidade em cada pe\u00e7a, ideal para lojas de presentes tur\u00edsticos que procuram produtos aut\u00eanticos.<\/p>\n","protected":false},"excerpt":{"rendered":"<p>Prato de cer\u00e2mica de 15 cm, decorado com um design vibrante que evoca a ess\u00eancia do folclore espanhol. Este prato branco apresenta uma cena t\u00edpica de um p\u00e1tio andaluz, com uma bailarina vestida com folhos vermelhos, um guitarrista acompanhado de uma guitarra e vasos coloridos a adornar o ambiente. Os detalhes s\u00e3o pintados \u00e0 m\u00e3o, real\u00e7ando o car\u00e1ter festivo e cultural de Espanha. Ideal como souvenir ou para decorar qualquer espa\u00e7o.<\/p>\n","protected":false},"featured_media":8493,"template":"","meta":{"_acf_changed":false},"product_brand":[],"product_cat":[629],"product_tag":[515],"class_list":{"0":"post-37016","1":"product","2":"type-product","3":"status-publish","4":"has-post-thumbnail","6":"product_cat-pratos-decorativos","7":"product_tag-ceramica","8":"pa_motivo-patios","10":"first","11":"instock","12":"shipping-taxable","13":"product-type-simple"},"acf":[],"_links":{"self":[{"href":"https:\/\/olemosaic.com\/pt-pt\/wp-json\/wp\/v2\/product\/37016","targetHints":{"allow":["GET"]}}],"collection":[{"href":"https:\/\/olemosaic.com\/pt-pt\/wp-json\/wp\/v2\/product"}],"about":[{"href":"https:\/\/olemosaic.com\/pt-pt\/wp-json\/wp\/v2\/types\/product"}],"wp:featuredmedia":[{"embeddable":true,"href":"https:\/\/olemosaic.com\/pt-pt\/wp-json\/wp\/v2\/media\/8493"}],"wp:attachment":[{"href":"https:\/\/olemosaic.com\/pt-pt\/wp-json\/wp\/v2\/media?parent=37016"}],"wp:term":[{"taxonomy":"product_brand","embeddable":true,"href":"https:\/\/olemosaic.com\/pt-pt\/wp-json\/wp\/v2\/product_brand?post=37016"},{"taxonomy":"product_cat","embeddable":true,"href":"https:\/\/olemosaic.com\/pt-pt\/wp-json\/wp\/v2\/product_cat?post=37016"},{"taxonomy":"product_tag","embeddable":true,"href":"https:\/\/olemosaic.com\/pt-pt\/wp-json\/wp\/v2\/product_tag?post=37016"}],"curies":[{"name":"wp","href":"https:\/\/api.w.org\/{rel}","templated":true}]}}