{"id":37015,"date":"2025-02-20T22:36:37","date_gmt":"2025-02-20T22:36:37","guid":{"rendered":"http:\/\/olemosaic.com\/producto\/plato-de-ceramica-de-15-cm-barcelona-blanco\/"},"modified":"2025-07-25T18:51:10","modified_gmt":"2025-07-25T16:51:10","slug":"prato-de-ceramica-de-15-cm-barcelona-branco","status":"publish","type":"product","link":"https:\/\/olemosaic.com\/pt-pt\/produto\/prato-de-ceramica-de-15-cm-barcelona-branco\/","title":{"rendered":"Prato de cer\u00e2mica de 15 cm. Barcelona. Branco."},"content":{"rendered":"<p>Prato de cer\u00e2mica decorado com os emblem\u00e1ticos monumentos de Barcelona. Este atraente prato de cer\u00e2mica, de 15 cm de di\u00e2metro, combina um fundo branco brilhante que real\u00e7a as cores vibrantes da Sagrada Fam\u00edlia e outros edif\u00edcios ic\u00f3nicos da cidade, representados num estilo art\u00edstico que evoca a tradi\u00e7\u00e3o do mosaico catal\u00e3o. A ilustra\u00e7\u00e3o capta a ess\u00eancia arquitet\u00f3nica da cidade, com o seu distintivo uso da cor e da forma, tornando-o um presente perfeito. Sobre esta cena colorida, o nome &#8220;Barcelona&#8221; destaca-se com letras artisticamente desenhadas, adicionando um toque de personalidade \u00e0 pe\u00e7a. Este souvenir \u00e9 ideal tanto para decorar como para fazer parte de uma cole\u00e7\u00e3o, servindo de recorda\u00e7\u00e3o da rica hist\u00f3ria cultural de Barcelona. Com este prato, os turistas poder\u00e3o levar um peda\u00e7o da vibrante vida urbana e da criatividade que caracterizam a capital catal\u00e3. Na Ol\u00e9 Mosaic, especializamo-nos na distribui\u00e7\u00e3o de souvenirs por grosso, garantindo que cada produto, como este belo prato de cer\u00e2mica, encapsule a autenticidade e o encanto da cultura espanhola. Este prato \u00e9 uma excelente op\u00e7\u00e3o para lojas de presentes tur\u00edsticos que procuram oferecer recorda\u00e7\u00f5es aut\u00eanticas e representativas da cidade.<\/p>\n","protected":false},"excerpt":{"rendered":"<p>Prato de cer\u00e2mica de 15 cm decorado com uma ilustra\u00e7\u00e3o vibrante dos emblem\u00e1ticos monumentos de Barcelona. A pe\u00e7a, com um fundo branco, real\u00e7a as cores brilhantes da Sagrada Fam\u00edlia e outros edif\u00edcios ic\u00f3nicos, num estilo art\u00edstico que recorda o mosaico. Com a palavra &#8220;Barcelona&#8221; na parte superior, este prato \u00e9 um souvenir atraente que capta a ess\u00eancia cultural e arquitet\u00f3nica da cidade. Ideal para decorar ou como pe\u00e7a de colecionador.<\/p>\n","protected":false},"featured_media":9506,"template":"","meta":{"_acf_changed":false},"product_brand":[],"product_cat":[629],"product_tag":[515],"class_list":{"0":"post-37015","1":"product","2":"type-product","3":"status-publish","4":"has-post-thumbnail","6":"product_cat-pratos-decorativos","7":"product_tag-ceramica","8":"pa_ciudad-barcelona","9":"pa_pais-espana","11":"first","12":"instock","13":"shipping-taxable","14":"product-type-simple"},"acf":[],"_links":{"self":[{"href":"https:\/\/olemosaic.com\/pt-pt\/wp-json\/wp\/v2\/product\/37015","targetHints":{"allow":["GET"]}}],"collection":[{"href":"https:\/\/olemosaic.com\/pt-pt\/wp-json\/wp\/v2\/product"}],"about":[{"href":"https:\/\/olemosaic.com\/pt-pt\/wp-json\/wp\/v2\/types\/product"}],"wp:featuredmedia":[{"embeddable":true,"href":"https:\/\/olemosaic.com\/pt-pt\/wp-json\/wp\/v2\/media\/9506"}],"wp:attachment":[{"href":"https:\/\/olemosaic.com\/pt-pt\/wp-json\/wp\/v2\/media?parent=37015"}],"wp:term":[{"taxonomy":"product_brand","embeddable":true,"href":"https:\/\/olemosaic.com\/pt-pt\/wp-json\/wp\/v2\/product_brand?post=37015"},{"taxonomy":"product_cat","embeddable":true,"href":"https:\/\/olemosaic.com\/pt-pt\/wp-json\/wp\/v2\/product_cat?post=37015"},{"taxonomy":"product_tag","embeddable":true,"href":"https:\/\/olemosaic.com\/pt-pt\/wp-json\/wp\/v2\/product_tag?post=37015"}],"curies":[{"name":"wp","href":"https:\/\/api.w.org\/{rel}","templated":true}]}}