{"id":37014,"date":"2025-02-20T22:36:37","date_gmt":"2025-02-20T22:36:37","guid":{"rendered":"http:\/\/olemosaic.com\/producto\/plato-de-ceramica-de-10-cm-punt-de-trobada-barcelona-blanco\/"},"modified":"2025-07-25T19:23:18","modified_gmt":"2025-07-25T17:23:18","slug":"prato-de-ceramica-de-10-cm-punt-de-trobada-barcelona-branco","status":"publish","type":"product","link":"https:\/\/olemosaic.com\/pt-pt\/produto\/prato-de-ceramica-de-10-cm-punt-de-trobada-barcelona-branco\/","title":{"rendered":"Prato de cer\u00e2mica de 10 cm. Punt de trobada. Barcelona. Branco."},"content":{"rendered":"<p>Prato de cer\u00e2mica &#8220;Punt de trobada&#8221; de 10 cm decorado, que capta a vibrante ess\u00eancia de Barcelona. Este encantador prato, com os seus tons brancos, azuis, vermelhos, amarelos e verdes, apresenta um design que evoca o estilo distintivo do modernismo catal\u00e3o, caracterizado pelas suas formas abstratas e uma est\u00e9tica \u00fanica que recorda as obras de artistas ic\u00f3nicos da cidade. A base branca do prato real\u00e7a os intrincados padr\u00f5es de mosaico que decoram a sua superf\u00edcie, criando um espet\u00e1culo visual que resulta atraente tanto para os amantes da arte como para os turistas que procuram uma representa\u00e7\u00e3o aut\u00eantica da cultura barcelonesa. A inscri\u00e7\u00e3o &#8220;Barcelona&#8221; na parte inferior reafirma a sua identidade como um souvenir representativo.<\/p>\n<p>Este prato de cer\u00e2mica n\u00e3o s\u00f3 \u00e9 ideal para uso decorativo, como tamb\u00e9m pode ser utilizado como pequeno suporte para joias ou como objeto de exposi\u00e7\u00e3o em qualquer casa. \u00c9 o presente perfeito para quem deseja levar um pedacinho da arte e da cultura de Barcelona. Na Ol\u00e9 Mosaic, orgulhamo-nos de oferecer recorda\u00e7\u00f5es aut\u00eanticas que celebram a riqueza cultural de Espanha, e este prato \u00e9 uma pe\u00e7a de destaque que far\u00e1 as del\u00edcias dos compradores de souvenirs nas suas lojas. Como distribuidor de souvenirs por grosso, garantimos a qualidade e autenticidade de cada produto, tornando este prato uma excelente op\u00e7\u00e3o para qualquer estabelecimento dedicado \u00e0 venda de recorda\u00e7\u00f5es tur\u00edsticas.<\/p>\n","protected":false},"excerpt":{"rendered":"<p>Prato de cer\u00e2mica de 10 cm decorado com o design &#8220;Punt de trobada&#8221;, que representa a vibrante ess\u00eancia de Barcelona. Este prato, em tons brancos, azuis, vermelhos, amarelos e verdes, apresenta um estilo de mosaico com motivos abstratos que evocam as obras do modernismo catal\u00e3o. Com a palavra &#8220;Barcelona&#8221; impressa na parte inferior, \u00e9 um souvenir ideal que combina funcionalidade e arte, perfeito para colecionar ou oferecer.<\/p>\n","protected":false},"featured_media":9144,"template":"","meta":{"_acf_changed":false},"product_brand":[],"product_cat":[629],"product_tag":[515],"class_list":{"0":"post-37014","1":"product","2":"type-product","3":"status-publish","4":"has-post-thumbnail","6":"product_cat-pratos-decorativos","7":"product_tag-ceramica","8":"pa_ciudad-barcelona","9":"pa_motivo-punt-de-trobada","10":"pa_pais-espana","12":"first","13":"instock","14":"shipping-taxable","15":"product-type-simple"},"acf":[],"_links":{"self":[{"href":"https:\/\/olemosaic.com\/pt-pt\/wp-json\/wp\/v2\/product\/37014","targetHints":{"allow":["GET"]}}],"collection":[{"href":"https:\/\/olemosaic.com\/pt-pt\/wp-json\/wp\/v2\/product"}],"about":[{"href":"https:\/\/olemosaic.com\/pt-pt\/wp-json\/wp\/v2\/types\/product"}],"wp:featuredmedia":[{"embeddable":true,"href":"https:\/\/olemosaic.com\/pt-pt\/wp-json\/wp\/v2\/media\/9144"}],"wp:attachment":[{"href":"https:\/\/olemosaic.com\/pt-pt\/wp-json\/wp\/v2\/media?parent=37014"}],"wp:term":[{"taxonomy":"product_brand","embeddable":true,"href":"https:\/\/olemosaic.com\/pt-pt\/wp-json\/wp\/v2\/product_brand?post=37014"},{"taxonomy":"product_cat","embeddable":true,"href":"https:\/\/olemosaic.com\/pt-pt\/wp-json\/wp\/v2\/product_cat?post=37014"},{"taxonomy":"product_tag","embeddable":true,"href":"https:\/\/olemosaic.com\/pt-pt\/wp-json\/wp\/v2\/product_tag?post=37014"}],"curies":[{"name":"wp","href":"https:\/\/api.w.org\/{rel}","templated":true}]}}