{"id":37013,"date":"2025-02-20T23:36:37","date_gmt":"2025-02-20T22:36:37","guid":{"rendered":"http:\/\/olemosaic.com\/producto\/mug-xl-de-ceramica-punt-de-trobada-barcelona-blanco-13-cm\/"},"modified":"2025-07-25T20:03:41","modified_gmt":"2025-07-25T18:03:41","slug":"caneca-xl-de-ceramica-punt-de-trobada-barcelona-branco-13-cm","status":"publish","type":"product","link":"https:\/\/olemosaic.com\/pt-pt\/produto\/caneca-xl-de-ceramica-punt-de-trobada-barcelona-branco-13-cm\/","title":{"rendered":"Caneca XL de cer\u00e2mica. Punt de trobada. Barcelona. Branco. 13 cm."},"content":{"rendered":"<p>Caneca XL de cer\u00e2mica inspirada no famoso &#8220;Punt de Trobada&#8221; de Barcelona. Esta magn\u00edfica caneca, de 13 cm de altura, apresenta um design vibrante que combina elementos de mosaico numa requintada gama de tons azuis, vermelhos e verdes sobre um fundo branco, evocando a ess\u00eancia do modernismo catal\u00e3o. O seu distintivo acabamento pintado \u00e0 m\u00e3o garante que cada pe\u00e7a seja \u00fanica, o que torna esta caneca n\u00e3o apenas um objeto funcional, mas tamb\u00e9m uma obra de arte decorativa que capta a criatividade e o dinamismo da cidade.<\/p>\n<p>O &#8220;Punt de Trobada&#8221; \u00e9 um s\u00edmbolo ic\u00f3nico de Barcelona, reconhec\u00edvel pelo seu uso de cores e formas que representam a fus\u00e3o art\u00edstica pr\u00f3pria da regi\u00e3o. Esta caneca \u00e9 ideal para desfrutar das suas bebidas favoritas, seja caf\u00e9, ch\u00e1 ou chocolate quente. Al\u00e9m disso, ao ser um aut\u00eantico souvenir de Barcelona, torna-se o presente perfeito para turistas e amantes da cultura que procuram levar um peda\u00e7o desta maravilhosa cidade.<\/p>\n<p>Na Ol\u00e9 Mosaic, como distribuidores de souvenirs por grosso, oferecemos produtos que se destacam pela sua qualidade e pela sua liga\u00e7\u00e3o cultural. Esta caneca XL n\u00e3o \u00e9 apenas uma recorda\u00e7\u00e3o representativa de Barcelona, mas uma excelente op\u00e7\u00e3o para lojas de presentes tur\u00edsticos que desejem oferecer artigos aut\u00eanticos e inspiradores. Com o seu design atraente e a sua rica heran\u00e7a cultural, esta caneca \u00e9 um complemento ideal para qualquer cole\u00e7\u00e3o de souvenirs de Barcelona.<\/p>\n","protected":false},"excerpt":{"rendered":"<p>Caneca XL de cer\u00e2mica, inspirada no famoso &#8220;Punt de Trobada&#8221; de Barcelona. Com um design vibrante que inclui elementos de mosaico colorido em tons azuis, vermelhos e verdes sobre um fundo branco, esta caneca de 13 cm combina funcionalidade com arte. Ideal para desfrutar das suas bebidas favoritas, o seu distintivo acabamento de design artesanal, pintado \u00e0 m\u00e3o, converte cada pe\u00e7a numa obra \u00fanica, que capta a ess\u00eancia do modernismo catal\u00e3o e o ambiente din\u00e2mico da cidade.<\/p>\n","protected":false},"featured_media":9157,"template":"","meta":{"_acf_changed":false},"product_brand":[],"product_cat":[726],"product_tag":[515],"class_list":{"0":"post-37013","1":"product","2":"type-product","3":"status-publish","4":"has-post-thumbnail","6":"product_cat-mugs","7":"product_tag-ceramica","8":"pa_ciudad-barcelona","9":"pa_motivo-punt-de-trobada","10":"pa_pais-espana","12":"first","13":"instock","14":"shipping-taxable","15":"product-type-simple"},"acf":[],"_links":{"self":[{"href":"https:\/\/olemosaic.com\/pt-pt\/wp-json\/wp\/v2\/product\/37013","targetHints":{"allow":["GET"]}}],"collection":[{"href":"https:\/\/olemosaic.com\/pt-pt\/wp-json\/wp\/v2\/product"}],"about":[{"href":"https:\/\/olemosaic.com\/pt-pt\/wp-json\/wp\/v2\/types\/product"}],"wp:featuredmedia":[{"embeddable":true,"href":"https:\/\/olemosaic.com\/pt-pt\/wp-json\/wp\/v2\/media\/9157"}],"wp:attachment":[{"href":"https:\/\/olemosaic.com\/pt-pt\/wp-json\/wp\/v2\/media?parent=37013"}],"wp:term":[{"taxonomy":"product_brand","embeddable":true,"href":"https:\/\/olemosaic.com\/pt-pt\/wp-json\/wp\/v2\/product_brand?post=37013"},{"taxonomy":"product_cat","embeddable":true,"href":"https:\/\/olemosaic.com\/pt-pt\/wp-json\/wp\/v2\/product_cat?post=37013"},{"taxonomy":"product_tag","embeddable":true,"href":"https:\/\/olemosaic.com\/pt-pt\/wp-json\/wp\/v2\/product_tag?post=37013"}],"curies":[{"name":"wp","href":"https:\/\/api.w.org\/{rel}","templated":true}]}}