{"id":37012,"date":"2025-02-20T22:36:37","date_gmt":"2025-02-20T22:36:37","guid":{"rendered":"http:\/\/olemosaic.com\/producto\/mug-xl-de-ceramica-sevilla-blanco-13-cm\/"},"modified":"2025-07-25T19:55:57","modified_gmt":"2025-07-25T17:55:57","slug":"caneca-xl-de-ceramica-sevilha-branco-13-cm","status":"publish","type":"product","link":"https:\/\/olemosaic.com\/pt-pt\/produto\/caneca-xl-de-ceramica-sevilha-branco-13-cm\/","title":{"rendered":"Caneca XL de cer\u00e2mica. Sevilha. Branco. 13 cm."},"content":{"rendered":"<p>Caneca XL de cer\u00e2mica decorada com uma representa\u00e7\u00e3o vibrante da arquitetura sevilhana. Esta caneca exclusiva de 13 cm, com um elegante acabamento branco, exibe a palavra &#8220;Sevilha&#8221; em letras multicoloridas que captam a ess\u00eancia festiva desta encantadora cidade andaluza. O seu design destaca-se pela representa\u00e7\u00e3o de monumentos emblem\u00e1ticos, cada um meticulosamente ilustrado para que os detalhes arquitet\u00f3nicos ganhem vida, refletindo a rica hist\u00f3ria e cultura de Sevilha. A base da caneca apresenta um mosaico de cores que evoca as tradi\u00e7\u00f5es art\u00edsticas andaluzas, enquanto o interior, num tom vermelho vibrante, adiciona um toque contempor\u00e2neo.<\/p>\n<p>Esta caneca n\u00e3o s\u00f3 \u00e9 ideal para desfrutar das suas bebidas favoritas, como tamb\u00e9m funciona como um objeto decorativo que recorda a singularidade de Sevilha em cada gole. Perfeita como souvenir, esta caneca torna-se um tesouro para aqueles que desejam guardar uma parte da sua experi\u00eancia na cidade. Pela sua autenticidade e design atraente, \u00e9 uma op\u00e7\u00e3o ideal para lojas de presentes tur\u00edsticos que procuram souvenirs representativos de Sevilha. Na Ol\u00e9 Mosaic, como grossistas de souvenirs, garantimos a qualidade e o valor cultural de cada produto, orientados para oferecer recorda\u00e7\u00f5es aut\u00eanticas que realcem a riqueza da heran\u00e7a andaluza.<\/p>\n","protected":false},"excerpt":{"rendered":"<p>Caneca XL de cer\u00e2mica de 13 cm, decorada com uma representa\u00e7\u00e3o colorida da arquitetura sevilhana. Este design vibrante inclui o nome &#8220;Sevilha&#8221; em letras multicoloridas e detalhes ornamentais que refletem a vida cultural da cidade. A base da caneca apresenta um mosaico de cores que evoca a tradi\u00e7\u00e3o andaluza, tudo com um acabamento brilhante. Ideal para desfrutar das suas bebidas favoritas enquanto recorda a ess\u00eancia de Sevilha.<\/p>\n","protected":false},"featured_media":9937,"template":"","meta":{"_acf_changed":false},"product_brand":[],"product_cat":[726],"product_tag":[515],"class_list":{"0":"post-37012","1":"product","2":"type-product","3":"status-publish","4":"has-post-thumbnail","6":"product_cat-mugs","7":"product_tag-ceramica","8":"pa_ciudad-sevilla","9":"pa_pais-espana","11":"first","12":"instock","13":"shipping-taxable","14":"product-type-simple"},"acf":[],"_links":{"self":[{"href":"https:\/\/olemosaic.com\/pt-pt\/wp-json\/wp\/v2\/product\/37012","targetHints":{"allow":["GET"]}}],"collection":[{"href":"https:\/\/olemosaic.com\/pt-pt\/wp-json\/wp\/v2\/product"}],"about":[{"href":"https:\/\/olemosaic.com\/pt-pt\/wp-json\/wp\/v2\/types\/product"}],"wp:featuredmedia":[{"embeddable":true,"href":"https:\/\/olemosaic.com\/pt-pt\/wp-json\/wp\/v2\/media\/9937"}],"wp:attachment":[{"href":"https:\/\/olemosaic.com\/pt-pt\/wp-json\/wp\/v2\/media?parent=37012"}],"wp:term":[{"taxonomy":"product_brand","embeddable":true,"href":"https:\/\/olemosaic.com\/pt-pt\/wp-json\/wp\/v2\/product_brand?post=37012"},{"taxonomy":"product_cat","embeddable":true,"href":"https:\/\/olemosaic.com\/pt-pt\/wp-json\/wp\/v2\/product_cat?post=37012"},{"taxonomy":"product_tag","embeddable":true,"href":"https:\/\/olemosaic.com\/pt-pt\/wp-json\/wp\/v2\/product_tag?post=37012"}],"curies":[{"name":"wp","href":"https:\/\/api.w.org\/{rel}","templated":true}]}}