{"id":37011,"date":"2025-02-20T22:36:37","date_gmt":"2025-02-20T22:36:37","guid":{"rendered":"http:\/\/olemosaic.com\/producto\/mug-xl-de-ceramica-sagrada-familia-barcelona-beige\/"},"modified":"2025-07-25T18:48:37","modified_gmt":"2025-07-25T16:48:37","slug":"caneca-xl-de-ceramica-sagrada-familia-barcelona-bege","status":"publish","type":"product","link":"https:\/\/olemosaic.com\/pt-pt\/produto\/caneca-xl-de-ceramica-sagrada-familia-barcelona-bege\/","title":{"rendered":"Caneca XL de cer\u00e2mica. Sagrada Fam\u00edlia. Barcelona. Bege."},"content":{"rendered":"<p>Caneca XL de cer\u00e2mica decorada com uma representa\u00e7\u00e3o colorida da Sagrada Fam\u00edlia de Barcelona. Esta pe\u00e7a \u00fanica \u00e9 uma homenagem \u00e0 maravilha arquitet\u00f3nica de Antoni Gaud\u00ed, que captura a ess\u00eancia do seu estilo inconfund\u00edvel atrav\u00e9s de um design vibrante de mosaicos em tons beges, laranjas e verdes. Com um acabamento brilhante, esta caneca mostra a majestosidade da Sagrada Fam\u00edlia, real\u00e7ando as suas ic\u00f3nicas torres e os elaborados detalhes arquitet\u00f3nicos que a tornam um s\u00edmbolo da cidade. A parte superior apresenta uma faixa vermelha que complementa a paleta de cores do design, enquanto o texto \u00abBarcelona\u00bb \u00e9 exibido com uma tipografia alegre, acrescentando um toque divertido e contempor\u00e2neo. Esta caneca n\u00e3o s\u00f3 \u00e9 uma excelente op\u00e7\u00e3o para desfrutar das suas bebidas quentes ou frias, como tamb\u00e9m serve como uma lembran\u00e7a tang\u00edvel da rica cultura e do patrim\u00f3nio de Barcelona. Perfeita para turistas que procuram recorda\u00e7\u00f5es aut\u00eanticas e representativas, esta caneca XL de cer\u00e2mica \u00e9 um produto de destaque entre as nossas recorda\u00e7\u00f5es de Barcelona. Na Ol\u00e9 Mosaic especializamo-nos na distribui\u00e7\u00e3o de recorda\u00e7\u00f5es por grosso, garantindo que cada artigo, como esta caneca, reflita a autenticidade e a beleza cultural da sua origem. Atraia os seus clientes com esta recorda\u00e7\u00e3o essencial que celebra a arte e a tradi\u00e7\u00e3o de Barcelona, ideal para lojas de presentes tur\u00edsticos que desejem oferecer produtos de qualidade.<\/p>\n","protected":false},"excerpt":{"rendered":"<p>Caneca XL de cer\u00e2mica decorada com uma representa\u00e7\u00e3o colorida da Sagrada Fam\u00edlia de Barcelona. Este design, inspirado no famoso monumento, apresenta uma variedade de mosaicos em tons bege, laranja e verde, capturando a ess\u00eancia do estilo arquitet\u00f3nico de Gaud\u00ed. A ilustra\u00e7\u00e3o \u00e9 complementada pela palavra &#8220;Barcelona&#8221; numa tipografia alegre, o que torna esta caneca uma lembran\u00e7a funcional e atraente para os amantes da cidade. Perfeita para desfrutar das suas bebidas favoritas enquanto celebra a arte e a cultura de Barcelona.<\/p>\n","protected":false},"featured_media":7680,"template":"","meta":{"_acf_changed":false},"product_brand":[],"product_cat":[726],"product_tag":[515],"class_list":{"0":"post-37011","1":"product","2":"type-product","3":"status-publish","4":"has-post-thumbnail","6":"product_cat-mugs","7":"product_tag-ceramica","8":"pa_ciudad-barcelona","9":"pa_motivo-sagrada-familia","10":"pa_pais-espana","12":"first","13":"instock","14":"shipping-taxable","15":"product-type-simple"},"acf":[],"_links":{"self":[{"href":"https:\/\/olemosaic.com\/pt-pt\/wp-json\/wp\/v2\/product\/37011","targetHints":{"allow":["GET"]}}],"collection":[{"href":"https:\/\/olemosaic.com\/pt-pt\/wp-json\/wp\/v2\/product"}],"about":[{"href":"https:\/\/olemosaic.com\/pt-pt\/wp-json\/wp\/v2\/types\/product"}],"wp:featuredmedia":[{"embeddable":true,"href":"https:\/\/olemosaic.com\/pt-pt\/wp-json\/wp\/v2\/media\/7680"}],"wp:attachment":[{"href":"https:\/\/olemosaic.com\/pt-pt\/wp-json\/wp\/v2\/media?parent=37011"}],"wp:term":[{"taxonomy":"product_brand","embeddable":true,"href":"https:\/\/olemosaic.com\/pt-pt\/wp-json\/wp\/v2\/product_brand?post=37011"},{"taxonomy":"product_cat","embeddable":true,"href":"https:\/\/olemosaic.com\/pt-pt\/wp-json\/wp\/v2\/product_cat?post=37011"},{"taxonomy":"product_tag","embeddable":true,"href":"https:\/\/olemosaic.com\/pt-pt\/wp-json\/wp\/v2\/product_tag?post=37011"}],"curies":[{"name":"wp","href":"https:\/\/api.w.org\/{rel}","templated":true}]}}