{"id":37010,"date":"2025-02-20T22:36:36","date_gmt":"2025-02-20T22:36:36","guid":{"rendered":"http:\/\/olemosaic.com\/producto\/mug-xl-de-ceramica-tortuga-mallorca-beige\/"},"modified":"2025-07-25T20:27:14","modified_gmt":"2025-07-25T18:27:14","slug":"caneca-xl-de-ceramica-tartaruga-maiorca-bege","status":"publish","type":"product","link":"https:\/\/olemosaic.com\/pt-pt\/produto\/caneca-xl-de-ceramica-tartaruga-maiorca-bege\/","title":{"rendered":"Caneca XL de cer\u00e2mica. Tartaruga. Maiorca. Bege."},"content":{"rendered":"<p>Caneca XL de cer\u00e2mica decorada com tartarugas marinhas coloridas, inspirada na beleza de Maiorca. Esta preciosa caneca combina funcionalidade e encanto, destacando-se pelo seu espetacular design em tons bege que evocam o mar Mediterr\u00e2neo. As ilustra\u00e7\u00f5es em mosaico de tartarugas a nadar entre corais vibrantes e elementos marinhos conferem um toque art\u00edstico que celebra a rica biodiversidade da regi\u00e3o. Na parte superior, a palavra &#8220;MALLORCA&#8221; em letras chamativas sublinha a sua origem, transformando cada gole numa experi\u00eancia que o transporta para as Ilhas Baleares.<\/p>\n<p>Esta caneca XL \u00e9 ideal para desfrutar das suas bebidas favoritas, seja caf\u00e9, ch\u00e1 ou at\u00e9 uma deliciosa infus\u00e3o. Com a sua ampla capacidade, \u00e9 uma op\u00e7\u00e3o pr\u00e1tica e atraente para a casa ou o escrit\u00f3rio. Al\u00e9m disso, o seu design \u00fanico torna-a uma excelente recorda\u00e7\u00e3o para os turistas que visitam Maiorca, oferecendo um pedacinho da cultura balear que podem levar para casa. Na Ol\u00e9 Mosaic, especializamo-nos na distribui\u00e7\u00e3o de recorda\u00e7\u00f5es por grosso e esta caneca representa a autenticidade e o valor cultural da regi\u00e3o. Perfeita para lojas de presentes tur\u00edsticos, esta caneca de tartarugas marinhas \u00e9 uma excelente op\u00e7\u00e3o que combina artesanato e estilo, tornando cada compra uma lembran\u00e7a memor\u00e1vel.<\/p>\n","protected":false},"excerpt":{"rendered":"<p>Caneca XL de cer\u00e2mica decorada com alegres tartarugas marinhas, inspirada na beleza de Maiorca. Este design \u00fanico apresenta um acabamento em tons bege, com ilustra\u00e7\u00f5es de mosaico de tartarugas a nadar entre corais e elementos marinhos, complementadas pela palavra &#8220;MALLORCA&#8221; na parte superior. A caneca \u00e9 ideal para desfrutar das suas bebidas favoritas, combinando funcionalidade com o encanto do folclore balear. Perfeita como lembran\u00e7a ou presente.<\/p>\n","protected":false},"featured_media":9316,"template":"","meta":{"_acf_changed":false},"product_brand":[],"product_cat":[726],"product_tag":[516,515],"class_list":{"0":"post-37010","1":"product","2":"type-product","3":"status-publish","4":"has-post-thumbnail","6":"product_cat-mugs","7":"product_tag-animais","8":"product_tag-ceramica","9":"pa_ciudad-mallorca","10":"pa_motivo-tartarugas","11":"pa_pais-espana","13":"first","14":"instock","15":"shipping-taxable","16":"product-type-simple"},"acf":[],"_links":{"self":[{"href":"https:\/\/olemosaic.com\/pt-pt\/wp-json\/wp\/v2\/product\/37010","targetHints":{"allow":["GET"]}}],"collection":[{"href":"https:\/\/olemosaic.com\/pt-pt\/wp-json\/wp\/v2\/product"}],"about":[{"href":"https:\/\/olemosaic.com\/pt-pt\/wp-json\/wp\/v2\/types\/product"}],"wp:featuredmedia":[{"embeddable":true,"href":"https:\/\/olemosaic.com\/pt-pt\/wp-json\/wp\/v2\/media\/9316"}],"wp:attachment":[{"href":"https:\/\/olemosaic.com\/pt-pt\/wp-json\/wp\/v2\/media?parent=37010"}],"wp:term":[{"taxonomy":"product_brand","embeddable":true,"href":"https:\/\/olemosaic.com\/pt-pt\/wp-json\/wp\/v2\/product_brand?post=37010"},{"taxonomy":"product_cat","embeddable":true,"href":"https:\/\/olemosaic.com\/pt-pt\/wp-json\/wp\/v2\/product_cat?post=37010"},{"taxonomy":"product_tag","embeddable":true,"href":"https:\/\/olemosaic.com\/pt-pt\/wp-json\/wp\/v2\/product_tag?post=37010"}],"curies":[{"name":"wp","href":"https:\/\/api.w.org\/{rel}","templated":true}]}}