{"id":37009,"date":"2025-02-20T23:36:36","date_gmt":"2025-02-20T22:36:36","guid":{"rendered":"http:\/\/olemosaic.com\/producto\/mug-de-ceramica-salamandra-menorca-beige\/"},"modified":"2025-07-25T18:39:54","modified_gmt":"2025-07-25T16:39:54","slug":"caneca-de-ceramica-salamandra-menorca-bege","status":"publish","type":"product","link":"https:\/\/olemosaic.com\/pt-pt\/produto\/caneca-de-ceramica-salamandra-menorca-bege\/","title":{"rendered":"Caneca de cer\u00e2mica. Salamandra. Menorca. Bege."},"content":{"rendered":"<p>Caneca de cer\u00e2mica vibrante inspirada nas salamandras de Menorca. Esta encantadora caneca destaca-se pela sua tonalidade bege suave, adornada com detalhes pintados \u00e0 m\u00e3o que fazem refer\u00eancia ao colorido folclore menorquino. As ilustra\u00e7\u00f5es de salamandras em mosaico foram cuidadosamente desenhadas, cada uma com uma mistura de cores vivas, complementadas com flores que conferem um ar fresco e alegre. A palavra &#8220;MENORCA&#8221; apresenta-se em letras chamativas, acrescentando um toque de personalidade ao design. O rebordo da caneca destaca-se em tons vermelhos, criando um contraste atraente que completa a sua est\u00e9tica distintiva.<\/p>\n<p>Esta caneca n\u00e3o s\u00f3 \u00e9 ideal para as suas pausas de caf\u00e9, como tamb\u00e9m \u00e9 um maravilhoso representante da rica cultura de Menorca, onde as salamandras s\u00e3o um s\u00edmbolo da beleza natural da ilha. O seu design artesanal real\u00e7a a sua autenticidade como recorda\u00e7\u00e3o, tornando-a um presente perfeito para quem procura levar um pedacinho de Menorca. Na Ol\u00e9 Mosaic, especializamo-nos na distribui\u00e7\u00e3o de recorda\u00e7\u00f5es por grosso, oferecendo produtos aut\u00eanticos como esta caneca de cer\u00e2mica que captura a ess\u00eancia da cultura menorquina. Uma escolha perfeita para lojas de presentes tur\u00edsticos que procuram adicionar recorda\u00e7\u00f5es de qualidade \u00e0 sua oferta.<\/p>\n","protected":false},"excerpt":{"rendered":"<p>Caneca de cer\u00e2mica com um design vibrante, inspirado nas salamandras de Menorca. Este produto destaca-se pela sua cor bege e pelos seus detalhes pintados \u00e0 m\u00e3o, que incluem salamandras num mosaico colorido, flores e a palavra &#8220;MENORCA&#8221; em tonalidades alegres. O rebordo, em tons vermelhos, complementa a sua est\u00e9tica apelativa. Esta caneca \u00e9 ideal para dar um toque distintivo \u00e0s suas pausas de caf\u00e9, real\u00e7ando a cultura menorquina.<\/p>\n","protected":false},"featured_media":6727,"template":"","meta":{"_acf_changed":false},"product_brand":[],"product_cat":[726],"product_tag":[516,515],"class_list":{"0":"post-37009","1":"product","2":"type-product","3":"status-publish","4":"has-post-thumbnail","6":"product_cat-mugs","7":"product_tag-animais","8":"product_tag-ceramica","9":"pa_ciudad-menorca","10":"pa_motivo-salamandras","11":"pa_pais-espana","13":"first","14":"instock","15":"shipping-taxable","16":"product-type-simple"},"acf":[],"_links":{"self":[{"href":"https:\/\/olemosaic.com\/pt-pt\/wp-json\/wp\/v2\/product\/37009","targetHints":{"allow":["GET"]}}],"collection":[{"href":"https:\/\/olemosaic.com\/pt-pt\/wp-json\/wp\/v2\/product"}],"about":[{"href":"https:\/\/olemosaic.com\/pt-pt\/wp-json\/wp\/v2\/types\/product"}],"wp:featuredmedia":[{"embeddable":true,"href":"https:\/\/olemosaic.com\/pt-pt\/wp-json\/wp\/v2\/media\/6727"}],"wp:attachment":[{"href":"https:\/\/olemosaic.com\/pt-pt\/wp-json\/wp\/v2\/media?parent=37009"}],"wp:term":[{"taxonomy":"product_brand","embeddable":true,"href":"https:\/\/olemosaic.com\/pt-pt\/wp-json\/wp\/v2\/product_brand?post=37009"},{"taxonomy":"product_cat","embeddable":true,"href":"https:\/\/olemosaic.com\/pt-pt\/wp-json\/wp\/v2\/product_cat?post=37009"},{"taxonomy":"product_tag","embeddable":true,"href":"https:\/\/olemosaic.com\/pt-pt\/wp-json\/wp\/v2\/product_tag?post=37009"}],"curies":[{"name":"wp","href":"https:\/\/api.w.org\/{rel}","templated":true}]}}