{"id":37008,"date":"2025-02-20T23:36:36","date_gmt":"2025-02-20T22:36:36","guid":{"rendered":"http:\/\/olemosaic.com\/producto\/mug-de-ceramica-salamandra-barcelona-beige\/"},"modified":"2025-07-25T19:53:44","modified_gmt":"2025-07-25T17:53:44","slug":"caneca-de-ceramica-salamandra-barcelona-bege-pt-pt","status":"publish","type":"product","link":"https:\/\/olemosaic.com\/pt-pt\/produto\/caneca-de-ceramica-salamandra-barcelona-bege-pt-pt\/","title":{"rendered":"Caneca de cer\u00e2mica. Salamandra. Barcelona. Bege."},"content":{"rendered":"<p>Caneca de cer\u00e2mica decorada com vibrantes salamandras sobre um fundo bege, inspirada na m\u00e1gica cidade de Barcelona. Este design atraente inclui mosaicos coloridos e flores que evocam o estilo modernista de Gaud\u00ed, destacando-se pela sua originalidade e criatividade. A caneca apresenta uma base bege decorada com salamandras estilizadas com acabamento em mosaico, em tons variados como vermelhos, verdes, azuis e amarelos, que refletem a biodiversidade e a riqueza visual da cidade. No interior, uma cor vermelha intensa contrasta harmoniosamente com o exterior bege, conferindo um toque vibrante e quente.<\/p>\n<p>Al\u00e9m disso, inclui uma pr\u00e1tica colher a condizer, o que a torna um artigo funcional ideal para desfrutar das suas bebidas favoritas, desde um caf\u00e9 quente at\u00e9 um delicioso chocolate. Esta recorda\u00e7\u00e3o n\u00e3o \u00e9 apenas uma pe\u00e7a decorativa, mas uma lembran\u00e7a representativa de Barcelona, que liga quem a utiliza \u00e0 rica cultura e arte da cidade. Na Ol\u00e9 Mosaic, o nosso compromisso \u00e9 oferecer recorda\u00e7\u00f5es aut\u00eanticas que capturem a ess\u00eancia de cada destino. Esta caneca de cer\u00e2mica \u00e9 uma excelente op\u00e7\u00e3o para as lojas de presentes tur\u00edsticos que procuram produtos que realcem a identidade cultural de Barcelona, posicionando-se como um imprescind\u00edvel para os visitantes que desejam levar um pedacinho desta emblem\u00e1tica cidade.<\/p>\n","protected":false},"excerpt":{"rendered":"<p>Caneca de cer\u00e2mica decorada com vibrantes salamandras sobre um fundo bege, inspirada na m\u00e1gica cidade de Barcelona. Este design atraente inclui mosaicos coloridos e flores, evocando o estilo modernista de Gaud\u00ed. Com um interior vermelho que contrasta harmoniosamente com o exterior branco, esta caneca tamb\u00e9m inclui uma pr\u00e1tica colher. \u00c9 ideal para desfrutar das suas bebidas favoritas enquanto evoca a criatividade e a arte de Barcelona.<\/p>\n","protected":false},"featured_media":6725,"template":"","meta":{"_acf_changed":false},"product_brand":[],"product_cat":[726],"product_tag":[516,515],"class_list":{"0":"post-37008","1":"product","2":"type-product","3":"status-publish","4":"has-post-thumbnail","6":"product_cat-mugs","7":"product_tag-animais","8":"product_tag-ceramica","9":"pa_ciudad-barcelona","10":"pa_motivo-salamandras","11":"pa_pais-espana","13":"first","14":"instock","15":"shipping-taxable","16":"product-type-simple"},"acf":[],"_links":{"self":[{"href":"https:\/\/olemosaic.com\/pt-pt\/wp-json\/wp\/v2\/product\/37008","targetHints":{"allow":["GET"]}}],"collection":[{"href":"https:\/\/olemosaic.com\/pt-pt\/wp-json\/wp\/v2\/product"}],"about":[{"href":"https:\/\/olemosaic.com\/pt-pt\/wp-json\/wp\/v2\/types\/product"}],"wp:featuredmedia":[{"embeddable":true,"href":"https:\/\/olemosaic.com\/pt-pt\/wp-json\/wp\/v2\/media\/6725"}],"wp:attachment":[{"href":"https:\/\/olemosaic.com\/pt-pt\/wp-json\/wp\/v2\/media?parent=37008"}],"wp:term":[{"taxonomy":"product_brand","embeddable":true,"href":"https:\/\/olemosaic.com\/pt-pt\/wp-json\/wp\/v2\/product_brand?post=37008"},{"taxonomy":"product_cat","embeddable":true,"href":"https:\/\/olemosaic.com\/pt-pt\/wp-json\/wp\/v2\/product_cat?post=37008"},{"taxonomy":"product_tag","embeddable":true,"href":"https:\/\/olemosaic.com\/pt-pt\/wp-json\/wp\/v2\/product_tag?post=37008"}],"curies":[{"name":"wp","href":"https:\/\/api.w.org\/{rel}","templated":true}]}}