{"id":37006,"date":"2025-02-20T23:36:36","date_gmt":"2025-02-20T22:36:36","guid":{"rendered":"http:\/\/olemosaic.com\/producto\/mug-de-ceramica-barcelona-azul-95-cm\/"},"modified":"2025-07-25T18:49:53","modified_gmt":"2025-07-25T16:49:53","slug":"caneca-de-ceramica-barcelona-azul-95-cm","status":"publish","type":"product","link":"https:\/\/olemosaic.com\/pt-pt\/produto\/caneca-de-ceramica-barcelona-azul-95-cm\/","title":{"rendered":"Caneca de cer\u00e2mica. Barcelona. Azul. 9,5 cm."},"content":{"rendered":"<p>Caneca de cer\u00e2mica de Barcelona<\/p>\n<p>Esta vibrante caneca de cer\u00e2mica de 9,5 cm \u00e9 uma atraente lembran\u00e7a de Barcelona que encapsula a ess\u00eancia arquitet\u00f3nica e cultural da cidade. Decorada com uma magn\u00edfica ilustra\u00e7\u00e3o de edif\u00edcios emblem\u00e1ticos, destaca a obra do famoso arquiteto Antoni Gaud\u00ed, com obras-primas como a Sagrada Fam\u00edlia e o Parque G\u00fcell refletidas nos seus designs coloridos. Predominantemente em tons azuis, a caneca inclui detalhes interiores em laranja, criando um contraste visual que alegrar\u00e1 qualquer momento. A asa, engenhosamente desenhada, alude a elementos arquitet\u00f3nicos ic\u00f3nicos da cidade, convertendo cada utiliza\u00e7\u00e3o numa experi\u00eancia cultural \u00fanica.<\/p>\n<p>Perfeita para desfrutar das suas bebidas favoritas, esta caneca n\u00e3o \u00e9 apenas funcional, mas tamb\u00e9m uma bela recorda\u00e7\u00e3o da riqueza art\u00edstica de Barcelona. Como lembran\u00e7a, oferece uma liga\u00e7\u00e3o palp\u00e1vel com a hist\u00f3ria e o legado cultural da regi\u00e3o, ideal para quem deseje levar um peda\u00e7o de Barcelona para casa. Na Ol\u00e9 Mosaic, como grossistas de lembran\u00e7as, garantimos a autenticidade e qualidade de cada produto. Esta caneca \u00e9 uma op\u00e7\u00e3o excecional para lojas de presentes tur\u00edsticos que procuram oferecer artigos que realcem a beleza e diversidade da cultura espanhola.<\/p>\n","protected":false},"excerpt":{"rendered":"<p>Caneca de cer\u00e2mica de 9,5 cm decorada com uma vibrante ilustra\u00e7\u00e3o que representa os edif\u00edcios mais emblem\u00e1ticos de Barcelona, incluindo motivos da obra de Gaud\u00ed. A caneca destaca-se pelo seu design colorido, com predomin\u00e2ncia de azuis e detalhes em laranja no seu interior. A asa tem uma forma criativa que alude a elementos arquitet\u00f3nicos da cidade. Perfeita para desfrutar das suas bebidas favoritas enquanto aprecia a arte e a cultura barcelonesa.<\/p>\n","protected":false},"featured_media":12090,"template":"","meta":{"_acf_changed":false},"product_brand":[],"product_cat":[726],"product_tag":[515],"class_list":{"0":"post-37006","1":"product","2":"type-product","3":"status-publish","4":"has-post-thumbnail","6":"product_cat-mugs","7":"product_tag-ceramica","8":"pa_ciudad-barcelona","9":"pa_pais-espana","11":"first","12":"instock","13":"shipping-taxable","14":"product-type-simple"},"acf":[],"_links":{"self":[{"href":"https:\/\/olemosaic.com\/pt-pt\/wp-json\/wp\/v2\/product\/37006","targetHints":{"allow":["GET"]}}],"collection":[{"href":"https:\/\/olemosaic.com\/pt-pt\/wp-json\/wp\/v2\/product"}],"about":[{"href":"https:\/\/olemosaic.com\/pt-pt\/wp-json\/wp\/v2\/types\/product"}],"wp:featuredmedia":[{"embeddable":true,"href":"https:\/\/olemosaic.com\/pt-pt\/wp-json\/wp\/v2\/media\/12090"}],"wp:attachment":[{"href":"https:\/\/olemosaic.com\/pt-pt\/wp-json\/wp\/v2\/media?parent=37006"}],"wp:term":[{"taxonomy":"product_brand","embeddable":true,"href":"https:\/\/olemosaic.com\/pt-pt\/wp-json\/wp\/v2\/product_brand?post=37006"},{"taxonomy":"product_cat","embeddable":true,"href":"https:\/\/olemosaic.com\/pt-pt\/wp-json\/wp\/v2\/product_cat?post=37006"},{"taxonomy":"product_tag","embeddable":true,"href":"https:\/\/olemosaic.com\/pt-pt\/wp-json\/wp\/v2\/product_tag?post=37006"}],"curies":[{"name":"wp","href":"https:\/\/api.w.org\/{rel}","templated":true}]}}