{"id":37005,"date":"2025-02-20T23:36:36","date_gmt":"2025-02-20T22:36:36","guid":{"rendered":"http:\/\/olemosaic.com\/producto\/4-bols-de-coco-de-13-x-6-cm-caballito-de-mar-3\/"},"modified":"2025-07-25T19:09:32","modified_gmt":"2025-07-25T17:09:32","slug":"4-tacas-de-coco-de-13-x-6-cm-cavalo-marinho-3","status":"publish","type":"product","link":"https:\/\/olemosaic.com\/pt-pt\/produto\/4-tacas-de-coco-de-13-x-6-cm-cavalo-marinho-3\/","title":{"rendered":"4 Ta\u00e7as de coco de 13 x 6 cm. Cavalo-marinho. Fundo branco."},"content":{"rendered":"<p>As ta\u00e7as de coco s\u00e3o um conjunto encantador que confere um toque mediterr\u00e2nico e vibrante a qualquer casa. Com um di\u00e2metro de 13 cm e uma altura de 6 cm, este conjunto inclui quatro ta\u00e7as decorativas, cada uma adornada com elegantes cavalos-marinhos numa espetacular gama de cores: azul, laranja, vermelho e rosa. O design destaca-se pela sua cer\u00e2mica com efeito pintado \u00e0 m\u00e3o, que d\u00e1 vida a cada ta\u00e7a com um estilo art\u00edstico que evoca a beleza do fundo marinho. Cada pe\u00e7a conta com uma moldura branca que real\u00e7a os detalhes intrincados do cavalo-marinho, um s\u00edmbolo emblem\u00e1tico da vida marinha em regi\u00f5es costeiras.<\/p>\n<p>Estas ta\u00e7as n\u00e3o s\u00e3o apenas ideais para servir aperitivos e snacks, mas tamb\u00e9m funcionam como elementos decorativos \u00fanicos, perfeitos para embelezar mesas em qualquer ocasi\u00e3o. A liga\u00e7\u00e3o cultural destas ta\u00e7as reside na tradi\u00e7\u00e3o mediterr\u00e2nica de celebrar a vida e o oceano, fazendo de cada uma uma recorda\u00e7\u00e3o aut\u00eantica que evoca o calor e a alegria da costa. S\u00e3o uma excelente op\u00e7\u00e3o para turistas que procuram lembran\u00e7as de qualidade que representem a ess\u00eancia da sua viagem. Na Ol\u00e9 Mosaic, orgulhamo-nos de oferecer produtos aut\u00eanticos e artisticamente elaborados, ideais para lojas de presentes tur\u00edsticos que desejem oferecer lembran\u00e7as memor\u00e1veis e de grande relev\u00e2ncia cultural.<\/p>\n","protected":false},"excerpt":{"rendered":"<p>Ta\u00e7as de coco de 13 x 6 cm, decoradas com elegantes cavalos-marinhos em cores vibrantes. Cada ta\u00e7a apresenta um design muito especial, com uma cer\u00e2mica de design artesanal, pintada \u00e0 m\u00e3o, em tons azuis, laranjas, vermelhos e rosas, emoldurados em branco com um estilo art\u00edstico. Perfeitas para servir aperitivos ou como elemento decorativo, estas ta\u00e7as conferem um toque alegre e mediterr\u00e2nico a qualquer mesa, evocando a beleza do fundo marinho.<\/p>\n","protected":false},"featured_media":10632,"template":"","meta":{"_acf_changed":false},"product_brand":[],"product_cat":[513],"product_tag":[516],"class_list":{"0":"post-37005","1":"product","2":"type-product","3":"status-publish","4":"has-post-thumbnail","6":"product_cat-bols","7":"product_tag-animais","8":"pa_motivo-cavalos-marinhos","10":"first","11":"instock","12":"shipping-taxable","13":"product-type-simple"},"acf":[],"_links":{"self":[{"href":"https:\/\/olemosaic.com\/pt-pt\/wp-json\/wp\/v2\/product\/37005","targetHints":{"allow":["GET"]}}],"collection":[{"href":"https:\/\/olemosaic.com\/pt-pt\/wp-json\/wp\/v2\/product"}],"about":[{"href":"https:\/\/olemosaic.com\/pt-pt\/wp-json\/wp\/v2\/types\/product"}],"wp:featuredmedia":[{"embeddable":true,"href":"https:\/\/olemosaic.com\/pt-pt\/wp-json\/wp\/v2\/media\/10632"}],"wp:attachment":[{"href":"https:\/\/olemosaic.com\/pt-pt\/wp-json\/wp\/v2\/media?parent=37005"}],"wp:term":[{"taxonomy":"product_brand","embeddable":true,"href":"https:\/\/olemosaic.com\/pt-pt\/wp-json\/wp\/v2\/product_brand?post=37005"},{"taxonomy":"product_cat","embeddable":true,"href":"https:\/\/olemosaic.com\/pt-pt\/wp-json\/wp\/v2\/product_cat?post=37005"},{"taxonomy":"product_tag","embeddable":true,"href":"https:\/\/olemosaic.com\/pt-pt\/wp-json\/wp\/v2\/product_tag?post=37005"}],"curies":[{"name":"wp","href":"https:\/\/api.w.org\/{rel}","templated":true}]}}