{"id":37004,"date":"2025-02-20T23:36:36","date_gmt":"2025-02-20T22:36:36","guid":{"rendered":"http:\/\/olemosaic.com\/producto\/llavero-de-madera-dragon-barcelona-2\/"},"modified":"2025-07-25T20:31:20","modified_gmt":"2025-07-25T18:31:20","slug":"porta-chaves-de-madeira-dragao-barcelona-2","status":"publish","type":"product","link":"https:\/\/olemosaic.com\/pt-pt\/produto\/porta-chaves-de-madeira-dragao-barcelona-2\/","title":{"rendered":"Porta-chaves de madeira. Drag\u00e3o. Gaud\u00ed. Barcelona."},"content":{"rendered":"<p>Porta-chaves de madeira que representa o ic\u00f3nico drag\u00e3o do Park G\u00fcell de Barcelona. Este atraente artigo \u00e9 uma pe\u00e7a \u00fanica que captura a ess\u00eancia do modernismo catal\u00e3o, desenhado meticulosamente para replicar o famoso drag\u00e3o de mosaico que d\u00e1 as boas-vindas aos visitantes do parque. Fabricado em madeira, o porta-chaves destaca-se pela sua vibrante paleta de cores, com tons azuis, verdes, vermelhos e amarelos que evocam a obra m\u00e1gica de Antoni Gaud\u00ed. O corpo do drag\u00e3o, coberto de pequenas pe\u00e7as de mosaico, real\u00e7a n\u00e3o s\u00f3 a sua forma extraordin\u00e1ria, mas tamb\u00e9m a singularidade do design art\u00edstico que caracteriza esta estrutura emblem\u00e1tica.<\/p>\n<p>Este porta-chaves n\u00e3o \u00e9 apenas um objeto pr\u00e1tico, mas tamb\u00e9m uma recorda\u00e7\u00e3o significativa que permite levar um peda\u00e7o da arquitetura e da cultura catal\u00e3s para qualquer lugar. Perfeito como lembran\u00e7a, representa a visita a um dos monumentos mais emblem\u00e1ticos de Barcelona, ideal para turistas que procuram uma recorda\u00e7\u00e3o aut\u00eantica da sua experi\u00eancia. Na Ol\u00e9 Mosaic, conhecemos a import\u00e2ncia de oferecer artigos que fundam arte e funcionalidade, e este porta-chaves do drag\u00e3o de Barcelona \u00e9 uma excelente op\u00e7\u00e3o para lojas de presentes tur\u00edsticos, garantindo qualidade e liga\u00e7\u00e3o cultural para todos os amantes da arte e da hist\u00f3ria.<\/p>\n","protected":false},"excerpt":{"rendered":"<p>Porta-chaves de madeira que representa o ic\u00f3nico drag\u00e3o do Park G\u00fcell de Barcelona. Este design atraente, realizado com um vibrante mosaico de cores, evoca a obra de Gaud\u00ed, com o seu corpo colorido rodeado de tonalidades azuis, verdes, vermelhas e amarelas. Um artigo pr\u00e1tico e memor\u00e1vel que funde arte e funcionalidade, ideal para recordar a magia arquitet\u00f3nica da Cidade Condal. Perfeito como recorda\u00e7\u00e3o ou presente para os amantes da arte e da cultura catal\u00e3.<\/p>\n","protected":false},"featured_media":10447,"template":"","meta":{"_acf_changed":false},"product_brand":[],"product_cat":[611],"product_tag":[],"class_list":{"0":"post-37004","1":"product","2":"type-product","3":"status-publish","4":"has-post-thumbnail","6":"product_cat-porta-chaves","7":"pa_ciudad-barcelona","8":"pa_motivo-dragao","9":"pa_pais-espana","11":"first","12":"instock","13":"shipping-taxable","14":"product-type-simple"},"acf":[],"_links":{"self":[{"href":"https:\/\/olemosaic.com\/pt-pt\/wp-json\/wp\/v2\/product\/37004","targetHints":{"allow":["GET"]}}],"collection":[{"href":"https:\/\/olemosaic.com\/pt-pt\/wp-json\/wp\/v2\/product"}],"about":[{"href":"https:\/\/olemosaic.com\/pt-pt\/wp-json\/wp\/v2\/types\/product"}],"wp:featuredmedia":[{"embeddable":true,"href":"https:\/\/olemosaic.com\/pt-pt\/wp-json\/wp\/v2\/media\/10447"}],"wp:attachment":[{"href":"https:\/\/olemosaic.com\/pt-pt\/wp-json\/wp\/v2\/media?parent=37004"}],"wp:term":[{"taxonomy":"product_brand","embeddable":true,"href":"https:\/\/olemosaic.com\/pt-pt\/wp-json\/wp\/v2\/product_brand?post=37004"},{"taxonomy":"product_cat","embeddable":true,"href":"https:\/\/olemosaic.com\/pt-pt\/wp-json\/wp\/v2\/product_cat?post=37004"},{"taxonomy":"product_tag","embeddable":true,"href":"https:\/\/olemosaic.com\/pt-pt\/wp-json\/wp\/v2\/product_tag?post=37004"}],"curies":[{"name":"wp","href":"https:\/\/api.w.org\/{rel}","templated":true}]}}