{"id":37002,"date":"2025-02-20T22:36:35","date_gmt":"2025-02-20T22:36:35","guid":{"rendered":"http:\/\/olemosaic.com\/producto\/llavero-de-madera-letra-k-mosaico\/"},"modified":"2025-07-25T19:12:38","modified_gmt":"2025-07-25T17:12:38","slug":"porta-chaves-de-madeira-letra-k-mosaico","status":"publish","type":"product","link":"https:\/\/olemosaic.com\/pt-pt\/produto\/porta-chaves-de-madeira-letra-k-mosaico\/","title":{"rendered":"Porta-chaves de madeira. Letra K. Mosaico."},"content":{"rendered":"<p>Porta-chaves de madeira com a forma da letra &#8220;K&#8221; e um design vibrante de mosaico. Esta encantadora pe\u00e7a da Ol\u00e9 Mosaic \u00e9 uma pe\u00e7a \u00fanica que inspira com a sua combina\u00e7\u00e3o de cores brilhantes, como vermelho, azul, amarelo e verde, meticulosamente dispostas num estilo que recorda a t\u00e9cnica do trencad\u00eds, emblem\u00e1tica da cer\u00e2mica espanhola. Fabricado em madeira de alta qualidade, este porta-chaves destaca-se n\u00e3o s\u00f3 pelo seu apelo est\u00e9tico, mas tamb\u00e9m pela sua durabilidade. A sua forma estilizada da letra &#8220;K&#8221; confere um toque pessoal, tornando-o um acess\u00f3rio ideal para quem procura expressar a sua identidade ou fazer um presente significativo.<\/p>\n<p>O design do mosaico, vibrante e colorido, evoca a rica tradi\u00e7\u00e3o art\u00edstica de Espanha, conhecida pela sua abund\u00e2ncia em obras de cer\u00e2mica e arquitetura de mosaico, especialmente em regi\u00f5es como a Catalunha. Este porta-chaves n\u00e3o serve apenas como um pr\u00e1tico organizador de chaves, mas tamb\u00e9m atua como uma recorda\u00e7\u00e3o constante de uma viagem a Espanha ou como um presente especial para os entes queridos que apreciam o artesanato.<\/p>\n<p>Como grossistas de lembran\u00e7as aut\u00eanticas na Ol\u00e9 Mosaic, oferecemos este porta-chaves de madeira como uma excelente op\u00e7\u00e3o para lojas de presentes tur\u00edsticos que procuram produtos \u00fanicos e representativos. Este porta-chaves de mosaico \u00e9, sem d\u00favida, uma recorda\u00e7\u00e3o perfeita, que captura a ess\u00eancia da arte espanhola e a alegria de viver.<\/p>\n","protected":false},"excerpt":{"rendered":"<p>Porta-chaves de madeira com a forma da letra &#8220;K&#8221;, decorado com um design chamativo de mosaico. Este atraente porta-chaves combina cores brilhantes como vermelho, azul, amarelo e verde, imitando a t\u00e9cnica do trencad\u00eds, t\u00e3o caracter\u00edstica da cer\u00e2mica espanhola. Com um acabamento polido, \u00e9 perfeito para adicionar um toque art\u00edstico e pessoal \u00e0s suas chaves. O seu design moderno e apelativo torna-o uma lembran\u00e7a perfeita de Espanha.<\/p>\n","protected":false},"featured_media":10761,"template":"","meta":{"_acf_changed":false},"product_brand":[],"product_cat":[611],"product_tag":[612],"class_list":{"0":"post-37002","1":"product","2":"type-product","3":"status-publish","4":"has-post-thumbnail","6":"product_cat-porta-chaves","7":"product_tag-cartas","8":"pa_motivo-letra-k","10":"first","11":"instock","12":"shipping-taxable","13":"product-type-simple"},"acf":[],"_links":{"self":[{"href":"https:\/\/olemosaic.com\/pt-pt\/wp-json\/wp\/v2\/product\/37002","targetHints":{"allow":["GET"]}}],"collection":[{"href":"https:\/\/olemosaic.com\/pt-pt\/wp-json\/wp\/v2\/product"}],"about":[{"href":"https:\/\/olemosaic.com\/pt-pt\/wp-json\/wp\/v2\/types\/product"}],"wp:featuredmedia":[{"embeddable":true,"href":"https:\/\/olemosaic.com\/pt-pt\/wp-json\/wp\/v2\/media\/10761"}],"wp:attachment":[{"href":"https:\/\/olemosaic.com\/pt-pt\/wp-json\/wp\/v2\/media?parent=37002"}],"wp:term":[{"taxonomy":"product_brand","embeddable":true,"href":"https:\/\/olemosaic.com\/pt-pt\/wp-json\/wp\/v2\/product_brand?post=37002"},{"taxonomy":"product_cat","embeddable":true,"href":"https:\/\/olemosaic.com\/pt-pt\/wp-json\/wp\/v2\/product_cat?post=37002"},{"taxonomy":"product_tag","embeddable":true,"href":"https:\/\/olemosaic.com\/pt-pt\/wp-json\/wp\/v2\/product_tag?post=37002"}],"curies":[{"name":"wp","href":"https:\/\/api.w.org\/{rel}","templated":true}]}}