{"id":36999,"date":"2025-02-20T23:36:35","date_gmt":"2025-02-20T22:36:35","guid":{"rendered":"http:\/\/olemosaic.com\/producto\/llavero-de-madera-caballito-de-mar-3\/"},"modified":"2025-07-25T20:16:08","modified_gmt":"2025-07-25T18:16:08","slug":"porta-chaves-de-madeira-cavalo-marinho-3","status":"publish","type":"product","link":"https:\/\/olemosaic.com\/pt-pt\/produto\/porta-chaves-de-madeira-cavalo-marinho-3\/","title":{"rendered":"Porta-chaves de madeira. Cavalo-marinho. Motivos florais."},"content":{"rendered":"<p>Porta-chaves de madeira com forma de cavalo-marinho, adornado com um design vibrante inspirado na cer\u00e2mica tradicional. Este encantador porta-chaves, pintado \u00e0 m\u00e3o com motivos florais em tons de azul, vermelho e laranja, capta a ess\u00eancia do Mediterr\u00e2neo e o car\u00e1cter art\u00edstico das costas de Espanha e Portugal. A figura do cavalo-marinho, reconhecida pela sua for\u00e7a e eleg\u00e2ncia, \u00e9 um s\u00edmbolo da vida marinha e representa a beleza da cultura costeira, tornando-o um souvenir representativo da regi\u00e3o.<\/p>\n<p>Cada porta-chaves destaca-se pelos seus detalhes meticulosos; as flores vibrantes que decoram a superf\u00edcie criam um efeito visual impactante, evocando a alegre atmosfera dos mercados locais e as tradi\u00e7\u00f5es artesanais. De tamanho pr\u00e1tico, este porta-chaves n\u00e3o s\u00f3 serve para manter as suas chaves organizadas, como tamb\u00e9m \u00e9 uma recorda\u00e7\u00e3o colorida e art\u00edstica das suas experi\u00eancias nas costas mediterr\u00e2nicas.<\/p>\n<p>A Ol\u00e9 Mosaic especializa-se na distribui\u00e7\u00e3o de souvenirs por grosso, e este porta-chaves de cavalo-marinho \u00e9 a op\u00e7\u00e3o perfeita para lojas de presentes tur\u00edsticos que procuram produtos aut\u00eanticos. Como grossistas de souvenirs, garantimos que cada pe\u00e7a reflete a rica heran\u00e7a cultural da regi\u00e3o, oferecendo um toque de arte e tradi\u00e7\u00e3o aos turistas que desejam levar um peda\u00e7o do encanto mediterr\u00e2nico. Este porta-chaves \u00e9, sem d\u00favida, um presente ideal que combina funcionalidade com uma liga\u00e7\u00e3o emocional \u00e0 sua viagem.<\/p>\n","protected":false},"excerpt":{"rendered":"<p>Porta-chaves de madeira com forma de cavalo-marinho, adornado com um design colorido inspirado na cer\u00e2mica tradicional. Este porta-chaves de design artesanal, pintado \u00e0 m\u00e3o, apresenta motivos florais vibrantes em tons de azul, vermelho e laranja, que evocam o encanto das costas mediterr\u00e2nicas. O detalhe do cavalo-marinho, s\u00edmbolo de for\u00e7a e eleg\u00e2ncia, torna-o um souvenir ideal das regi\u00f5es mar\u00edtimas de Espanha e Portugal. Perfeito para levar as suas chaves com um toque art\u00edstico.<\/p>\n","protected":false},"featured_media":10965,"template":"","meta":{"_acf_changed":false},"product_brand":[],"product_cat":[611],"product_tag":[516],"class_list":{"0":"post-36999","1":"product","2":"type-product","3":"status-publish","4":"has-post-thumbnail","6":"product_cat-porta-chaves","7":"product_tag-animais","8":"pa_motivo-cavalos-marinhos","10":"first","11":"instock","12":"shipping-taxable","13":"product-type-simple"},"acf":[],"_links":{"self":[{"href":"https:\/\/olemosaic.com\/pt-pt\/wp-json\/wp\/v2\/product\/36999","targetHints":{"allow":["GET"]}}],"collection":[{"href":"https:\/\/olemosaic.com\/pt-pt\/wp-json\/wp\/v2\/product"}],"about":[{"href":"https:\/\/olemosaic.com\/pt-pt\/wp-json\/wp\/v2\/types\/product"}],"wp:featuredmedia":[{"embeddable":true,"href":"https:\/\/olemosaic.com\/pt-pt\/wp-json\/wp\/v2\/media\/10965"}],"wp:attachment":[{"href":"https:\/\/olemosaic.com\/pt-pt\/wp-json\/wp\/v2\/media?parent=36999"}],"wp:term":[{"taxonomy":"product_brand","embeddable":true,"href":"https:\/\/olemosaic.com\/pt-pt\/wp-json\/wp\/v2\/product_brand?post=36999"},{"taxonomy":"product_cat","embeddable":true,"href":"https:\/\/olemosaic.com\/pt-pt\/wp-json\/wp\/v2\/product_cat?post=36999"},{"taxonomy":"product_tag","embeddable":true,"href":"https:\/\/olemosaic.com\/pt-pt\/wp-json\/wp\/v2\/product_tag?post=36999"}],"curies":[{"name":"wp","href":"https:\/\/api.w.org\/{rel}","templated":true}]}}