{"id":36998,"date":"2025-02-20T23:36:35","date_gmt":"2025-02-20T22:36:35","guid":{"rendered":"http:\/\/olemosaic.com\/producto\/llavero-de-madera-buho-3\/"},"modified":"2025-07-25T18:52:08","modified_gmt":"2025-07-25T16:52:08","slug":"porta-chaves-de-madeira-coruja-3","status":"publish","type":"product","link":"https:\/\/olemosaic.com\/pt-pt\/produto\/porta-chaves-de-madeira-coruja-3\/","title":{"rendered":"Porta-chaves de madeira. Coruja. Mosaico."},"content":{"rendered":"<p>Porta-chaves de madeira com forma de coruja, adornado com um atraente mosaico de cores vibrantes, \u00e9 um souvenir perfeito que encapsula a ess\u00eancia do folclore espanhol. Este porta-chaves, fabricado com madeira de alta qualidade, apresenta um acabamento pintado \u00e0 m\u00e3o que evoca a fauna e as paisagens \u00fanicas de Espanha. A ilustra\u00e7\u00e3o da coruja destaca-se pelo seu colorido, com detalhes em tons vermelhos, amarelos, verdes e azuis que se entrela\u00e7am num design que recorda os famosos mosaicos da cultura mediterr\u00e2nica. A combina\u00e7\u00e3o de cores n\u00e3o s\u00f3 atrai o olhar, como tamb\u00e9m simboliza o engenho art\u00edstico que a Espanha cultivou ao longo dos s\u00e9culos.<\/p>\n<p>Este porta-chaves n\u00e3o s\u00f3 \u00e9 funcional para manter as chaves organizadas, como tamb\u00e9m atua como uma encantadora recorda\u00e7\u00e3o da viagem a Espanha, tornando-se um excelente presente para amigos e familiares ou um detalhe pessoal para adicionar \u00e0 cole\u00e7\u00e3o. Na Ol\u00e9 Mosaic, destacamo-nos por oferecer souvenirs aut\u00eanticos, e este porta-chaves de coruja \u00e9 uma grandiosa representa\u00e7\u00e3o da rica cultura espanhola. Perfeito para lojas de presentes tur\u00edsticos, este acess\u00f3rio \u00e9 uma op\u00e7\u00e3o ideal para quem procura souvenirs emblem\u00e1ticos que reflitam a tradi\u00e7\u00e3o e a vitalidade do patrim\u00f3nio espanhol. Como distribuidores de souvenirs por grosso, asseguramos a qualidade e singularidade dos nossos produtos, conferindo um toque especial a cada compra.<\/p>\n","protected":false},"excerpt":{"rendered":"<p>Porta-chaves de madeira com forma de coruja, desenhado com um atraente mosaico de cores vibrantes. Este porta-chaves destaca-se pela sua estrutura de madeira e pelo seu acabamento de design artesanal, pintado \u00e0 m\u00e3o, que recria uma bela coruja com detalhes em tons de vermelho, amarelo, verde e azul, evocando o folclore e a fauna espanhola. Perfeito para adicionar um toque de distin\u00e7\u00e3o \u00e0s suas chaves, ao mesmo tempo que presta homenagem \u00e0 rica cultura espanhola.<\/p>\n","protected":false},"featured_media":10781,"template":"","meta":{"_acf_changed":false},"product_brand":[],"product_cat":[611],"product_tag":[516],"class_list":{"0":"post-36998","1":"product","2":"type-product","3":"status-publish","4":"has-post-thumbnail","6":"product_cat-porta-chaves","7":"product_tag-animais","8":"pa_motivo-corujas","10":"first","11":"instock","12":"shipping-taxable","13":"product-type-simple"},"acf":[],"_links":{"self":[{"href":"https:\/\/olemosaic.com\/pt-pt\/wp-json\/wp\/v2\/product\/36998","targetHints":{"allow":["GET"]}}],"collection":[{"href":"https:\/\/olemosaic.com\/pt-pt\/wp-json\/wp\/v2\/product"}],"about":[{"href":"https:\/\/olemosaic.com\/pt-pt\/wp-json\/wp\/v2\/types\/product"}],"wp:featuredmedia":[{"embeddable":true,"href":"https:\/\/olemosaic.com\/pt-pt\/wp-json\/wp\/v2\/media\/10781"}],"wp:attachment":[{"href":"https:\/\/olemosaic.com\/pt-pt\/wp-json\/wp\/v2\/media?parent=36998"}],"wp:term":[{"taxonomy":"product_brand","embeddable":true,"href":"https:\/\/olemosaic.com\/pt-pt\/wp-json\/wp\/v2\/product_brand?post=36998"},{"taxonomy":"product_cat","embeddable":true,"href":"https:\/\/olemosaic.com\/pt-pt\/wp-json\/wp\/v2\/product_cat?post=36998"},{"taxonomy":"product_tag","embeddable":true,"href":"https:\/\/olemosaic.com\/pt-pt\/wp-json\/wp\/v2\/product_tag?post=36998"}],"curies":[{"name":"wp","href":"https:\/\/api.w.org\/{rel}","templated":true}]}}