{"id":36997,"date":"2025-02-20T23:36:34","date_gmt":"2025-02-20T22:36:34","guid":{"rendered":"http:\/\/olemosaic.com\/producto\/llavero-de-madera-letra-x-2\/"},"modified":"2025-07-25T18:46:50","modified_gmt":"2025-07-25T16:46:50","slug":"porta-chaves-de-madeira-letra-x-2","status":"publish","type":"product","link":"https:\/\/olemosaic.com\/pt-pt\/produto\/porta-chaves-de-madeira-letra-x-2\/","title":{"rendered":"Porta-chaves de madeira. Letra X. Azulejos."},"content":{"rendered":"<p>Porta-chaves de madeira decorado com cer\u00e2mica tradicional em forma de letra X, que reflete a rica heran\u00e7a cultural espanhola. Esta pe\u00e7a \u00fanica combina um acabamento de madeira de alta qualidade com um vibrante mosaico de azulejos, caracter\u00edstico da arte cer\u00e2mica ib\u00e9rica, cheio de matizes em vermelho, azul, laranja e branco. Os motivos florais e geom\u00e9tricos que adornam o porta-chaves s\u00e3o representativos da tradi\u00e7\u00e3o espanhola, evocando a beleza dos p\u00e1tios andaluzes e a cer\u00e2mica de Talavera. O seu design em forma de letra X torna-o um souvenir personaliz\u00e1vel e moderno, ideal para quem deseja levar consigo um peda\u00e7o da cultura espanhola. Este porta-chaves, al\u00e9m de ser funcional, \u00e9 uma recorda\u00e7\u00e3o visual da diversidade e da arte que a Espanha oferece, tornando-se um excelente presente para turistas e visitantes que desejem levar um peda\u00e7o aut\u00eantico da sua viagem. Na Ol\u00e9 Mosaic, como distribuidores de souvenirs por grosso, oferecemos este porta-chaves como uma magn\u00edfica op\u00e7\u00e3o para lojas de presentes tur\u00edsticos que procuram produtos originais e culturalmente significativos, conferindo autenticidade e design ao seu cat\u00e1logo de souvenirs de Espanha.<\/p>\n","protected":false},"excerpt":{"rendered":"<p>Porta-chaves de madeira com forma de letra X, decorado com cer\u00e2micas tradicionais que evocam o colorido dos azulejos espanh\u00f3is. Este chamativo porta-chaves incorpora uma vibrante paleta de vermelho, azul, laranja e branco, representando motivos florais e geom\u00e9tricos t\u00edpicos da cultura ib\u00e9rica. Com um acabamento em madeira, o porta-chaves combina est\u00e9tica e funcionalidade, sendo ideal para personalizar as suas chaves ou como uma atraente recorda\u00e7\u00e3o de Espanha.<\/p>\n","protected":false},"featured_media":9614,"template":"","meta":{"_acf_changed":false},"product_brand":[],"product_cat":[611],"product_tag":[612],"class_list":{"0":"post-36997","1":"product","2":"type-product","3":"status-publish","4":"has-post-thumbnail","6":"product_cat-porta-chaves","7":"product_tag-cartas","8":"pa_motivo-letra-x","10":"first","11":"instock","12":"shipping-taxable","13":"product-type-simple"},"acf":[],"_links":{"self":[{"href":"https:\/\/olemosaic.com\/pt-pt\/wp-json\/wp\/v2\/product\/36997","targetHints":{"allow":["GET"]}}],"collection":[{"href":"https:\/\/olemosaic.com\/pt-pt\/wp-json\/wp\/v2\/product"}],"about":[{"href":"https:\/\/olemosaic.com\/pt-pt\/wp-json\/wp\/v2\/types\/product"}],"wp:featuredmedia":[{"embeddable":true,"href":"https:\/\/olemosaic.com\/pt-pt\/wp-json\/wp\/v2\/media\/9614"}],"wp:attachment":[{"href":"https:\/\/olemosaic.com\/pt-pt\/wp-json\/wp\/v2\/media?parent=36997"}],"wp:term":[{"taxonomy":"product_brand","embeddable":true,"href":"https:\/\/olemosaic.com\/pt-pt\/wp-json\/wp\/v2\/product_brand?post=36997"},{"taxonomy":"product_cat","embeddable":true,"href":"https:\/\/olemosaic.com\/pt-pt\/wp-json\/wp\/v2\/product_cat?post=36997"},{"taxonomy":"product_tag","embeddable":true,"href":"https:\/\/olemosaic.com\/pt-pt\/wp-json\/wp\/v2\/product_tag?post=36997"}],"curies":[{"name":"wp","href":"https:\/\/api.w.org\/{rel}","templated":true}]}}