{"id":36993,"date":"2025-02-20T23:36:34","date_gmt":"2025-02-20T22:36:34","guid":{"rendered":"http:\/\/olemosaic.com\/producto\/llavero-de-madera-letra-q-madrid\/"},"modified":"2025-07-25T19:09:24","modified_gmt":"2025-07-25T17:09:24","slug":"porta-chaves-de-madeira-letra-q-madrid","status":"publish","type":"product","link":"https:\/\/olemosaic.com\/pt-pt\/produto\/porta-chaves-de-madeira-letra-q-madrid\/","title":{"rendered":"Porta-chaves de madeira. Letra Q. Madrid."},"content":{"rendered":"<p>Porta-chaves de madeira com forma de letra Q, decorado com ilustra\u00e7\u00f5es emblem\u00e1ticas de Madrid. Este porta-chaves \u00fanico representa a ess\u00eancia da capital espanhola, incorporando elementos ic\u00f3nicos como a Puerta del Sol e o famoso urso da escultura que d\u00e1 nome \u00e0 cidade. Pintado \u00e0 m\u00e3o em cores vibrantes, cada detalhe reflete a riqueza cultural e o dinamismo de Madrid, desde o rel\u00f3gio que marca a hora exata at\u00e9 aos coloridos azulejos que adornam a pra\u00e7a. O acabamento brilhante real\u00e7a o seu atrativo, tornando-o um objeto n\u00e3o s\u00f3 funcional, mas tamb\u00e9m esteticamente cativante.<\/p>\n<p>Este porta-chaves n\u00e3o \u00e9 apenas um acess\u00f3rio pr\u00e1tico, mas um aut\u00eantico souvenir que captura a identidade madrilena, ideal para quem deseja levar um pedacinho de Madrid consigo. Al\u00e9m disso, o seu design em forma de letra Q acrescenta um toque moderno e original, perfeito para colecionadores e turistas que procuram um presente significativo. Na Ol\u00e9 Mosaic, especializamo-nos na distribui\u00e7\u00e3o de souvenirs por grosso, oferecendo produtos aut\u00eanticos e representativos da cultura espanhola. Este porta-chaves de Madrid \u00e9 uma excelente op\u00e7\u00e3o para lojas de presentes tur\u00edsticos que procuram atrair clientes interessados em artigos \u00fanicos e memor\u00e1veis.<\/p>\n","protected":false},"excerpt":{"rendered":"<p>Porta-chaves de madeira com forma da letra Q, decorado com ilustra\u00e7\u00f5es representativas de Madrid. Este atraente porta-chaves apresenta no seu design elementos ic\u00f3nicos como a Puerta del Sol e o famoso urso da emblem\u00e1tica escultura. Pintado com estilo artesanal com cores vibrantes, reflete a cultura madrilena com detalhes distintivos e um acabamento brilhante. Perfeito para levar uma recorda\u00e7\u00e3o da capital espanhola consigo para qualquer lugar.<\/p>\n","protected":false},"featured_media":10849,"template":"","meta":{"_acf_changed":false},"product_brand":[],"product_cat":[611],"product_tag":[612],"class_list":{"0":"post-36993","1":"product","2":"type-product","3":"status-publish","4":"has-post-thumbnail","6":"product_cat-porta-chaves","7":"product_tag-cartas","8":"pa_ciudad-madrid","9":"pa_motivo-letra-q","10":"pa_pais-espana","12":"first","13":"instock","14":"shipping-taxable","15":"product-type-simple"},"acf":[],"_links":{"self":[{"href":"https:\/\/olemosaic.com\/pt-pt\/wp-json\/wp\/v2\/product\/36993","targetHints":{"allow":["GET"]}}],"collection":[{"href":"https:\/\/olemosaic.com\/pt-pt\/wp-json\/wp\/v2\/product"}],"about":[{"href":"https:\/\/olemosaic.com\/pt-pt\/wp-json\/wp\/v2\/types\/product"}],"wp:featuredmedia":[{"embeddable":true,"href":"https:\/\/olemosaic.com\/pt-pt\/wp-json\/wp\/v2\/media\/10849"}],"wp:attachment":[{"href":"https:\/\/olemosaic.com\/pt-pt\/wp-json\/wp\/v2\/media?parent=36993"}],"wp:term":[{"taxonomy":"product_brand","embeddable":true,"href":"https:\/\/olemosaic.com\/pt-pt\/wp-json\/wp\/v2\/product_brand?post=36993"},{"taxonomy":"product_cat","embeddable":true,"href":"https:\/\/olemosaic.com\/pt-pt\/wp-json\/wp\/v2\/product_cat?post=36993"},{"taxonomy":"product_tag","embeddable":true,"href":"https:\/\/olemosaic.com\/pt-pt\/wp-json\/wp\/v2\/product_tag?post=36993"}],"curies":[{"name":"wp","href":"https:\/\/api.w.org\/{rel}","templated":true}]}}