{"id":36991,"date":"2025-02-20T23:36:34","date_gmt":"2025-02-20T22:36:34","guid":{"rendered":"http:\/\/olemosaic.com\/producto\/libreta-de-80-hojas-salamandra-tenerife-2\/"},"modified":"2025-07-25T18:42:00","modified_gmt":"2025-07-25T16:42:00","slug":"caderno-80-folhas-salamandra-tenerife","status":"publish","type":"product","link":"https:\/\/olemosaic.com\/pt-pt\/produto\/caderno-80-folhas-salamandra-tenerife\/","title":{"rendered":"Caderno de 80 folhas. Salamandra. Tenerife. Can\u00e1rias."},"content":{"rendered":"<p>Caderno decorativo de Tenerife, ideal para quem procura uma recorda\u00e7\u00e3o aut\u00eantica desta bela ilha can\u00e1ria. Este caderno conta com 80 folhas, oferecendo um amplo espa\u00e7o para notas, esbo\u00e7os ou recorda\u00e7\u00f5es de viagem. O seu vibrante design apresenta uma ilustra\u00e7\u00e3o de uma salamandra, emblem\u00e1tica da fauna local, rodeada por um mosaico de flores multicoloridas que confere um toque tropical e festivo. O fundo branco real\u00e7a o padr\u00e3o geom\u00e9trico da salamandra, que combina vermelho, verde e azul, exibindo a rica paleta de cores que caracteriza Tenerife.<\/p>\n<p>O caderno complementa-se com uma pr\u00e1tica banda el\u00e1stica vermelha que n\u00e3o s\u00f3 segura o conte\u00fado, como tamb\u00e9m acrescenta um contraste atraente ao design. Este objeto n\u00e3o \u00e9 apenas funcional, mas tamb\u00e9m encapsula o esp\u00edrito da ilha, onde a natureza e a cultura se entrela\u00e7am. Ideal como recorda\u00e7\u00e3o para turistas, este produto real\u00e7a a autenticidade e a arte local, tornando-o um presente memor\u00e1vel que representa a ess\u00eancia de Tenerife.<\/p>\n<p>Na Ol\u00e9 Mosaic, como grossista de recorda\u00e7\u00f5es, dedicamo-nos a oferecer produtos que realcem a originalidade e a diversidade cultural de Espanha e das suas regi\u00f5es. Este caderno \u00e9 perfeito para lojas de presentes tur\u00edsticos que procuram artigos \u00fanicos que liguem emocionalmente com os seus clientes.<\/p>\n","protected":false},"excerpt":{"rendered":"<p>Caderno de 80 folhas decorado com uma vibrante ilustra\u00e7\u00e3o de uma salamandra, inspirada no estilo art\u00edstico de Tenerife. Destaca-se pelo seu fundo branco com um mosaico de flores multicoloridas, enquanto a salamandra exibe um colorido padr\u00e3o geom\u00e9trico em vermelho, verde e azul. Com uma pr\u00e1tica banda el\u00e1stica vermelha, este caderno \u00e9 perfeito para tomar notas, fazer esbo\u00e7os ou guardar recorda\u00e7\u00f5es da ilha, combinando funcionalidade com um apelo visual distintivo.<\/p>\n","protected":false},"featured_media":12009,"template":"","meta":{"_acf_changed":false},"product_brand":[],"product_cat":[808],"product_tag":[516],"class_list":{"0":"post-36991","1":"product","2":"type-product","3":"status-publish","4":"has-post-thumbnail","6":"product_cat-cadernos","7":"product_tag-animais","8":"pa_ciudad-tenerife","9":"pa_motivo-salamandras","10":"pa_pais-espana","12":"first","13":"instock","14":"shipping-taxable","15":"product-type-simple"},"acf":[],"_links":{"self":[{"href":"https:\/\/olemosaic.com\/pt-pt\/wp-json\/wp\/v2\/product\/36991","targetHints":{"allow":["GET"]}}],"collection":[{"href":"https:\/\/olemosaic.com\/pt-pt\/wp-json\/wp\/v2\/product"}],"about":[{"href":"https:\/\/olemosaic.com\/pt-pt\/wp-json\/wp\/v2\/types\/product"}],"wp:featuredmedia":[{"embeddable":true,"href":"https:\/\/olemosaic.com\/pt-pt\/wp-json\/wp\/v2\/media\/12009"}],"wp:attachment":[{"href":"https:\/\/olemosaic.com\/pt-pt\/wp-json\/wp\/v2\/media?parent=36991"}],"wp:term":[{"taxonomy":"product_brand","embeddable":true,"href":"https:\/\/olemosaic.com\/pt-pt\/wp-json\/wp\/v2\/product_brand?post=36991"},{"taxonomy":"product_cat","embeddable":true,"href":"https:\/\/olemosaic.com\/pt-pt\/wp-json\/wp\/v2\/product_cat?post=36991"},{"taxonomy":"product_tag","embeddable":true,"href":"https:\/\/olemosaic.com\/pt-pt\/wp-json\/wp\/v2\/product_tag?post=36991"}],"curies":[{"name":"wp","href":"https:\/\/api.w.org\/{rel}","templated":true}]}}