{"id":36990,"date":"2025-02-20T23:36:33","date_gmt":"2025-02-20T22:36:33","guid":{"rendered":"http:\/\/olemosaic.com\/producto\/libreta-de-80-hojas-mosaico\/"},"modified":"2025-07-25T18:41:59","modified_gmt":"2025-07-25T16:41:59","slug":"caderno-80-folhas-mosaico","status":"publish","type":"product","link":"https:\/\/olemosaic.com\/pt-pt\/produto\/caderno-80-folhas-mosaico\/","title":{"rendered":"Caderno de 80 folhas. Mosaico."},"content":{"rendered":"<p>Caderno de Mosaicos de Espanha e Portugal<\/p>\n<p>Este caderno decorativo de 80 folhas \u00e9 um tributo \u00e0 rica tradi\u00e7\u00e3o art\u00edstica de Espanha e Portugal, perfeito para quem procura uma recorda\u00e7\u00e3o aut\u00eantica e funcional. A sua capa apresenta um vibrante design de mosaicos que combina intrincados elementos geom\u00e9tricos e florais, refletindo a famosa est\u00e9tica dos azulejos que adornam pra\u00e7as e edif\u00edcios hist\u00f3ricos de ambas as na\u00e7\u00f5es. Os tons azuis, vermelhos, amarelos e brancos criam um padr\u00e3o visualmente cativante que evoca o ambiente colorido e cultural do sul da Europa.<\/p>\n<p>O acabamento brilhante do caderno garante que se destaque em qualquer ambiente, enquanto a pr\u00e1tica banda el\u00e1stica vermelha proporciona comodidade ao mant\u00ea-lo fechado. Isto torna-o uma excelente op\u00e7\u00e3o para anotar ideias, sonhos ou recorda\u00e7\u00f5es durante as suas viagens. Como uma aut\u00eantica recorda\u00e7\u00e3o, este caderno n\u00e3o serve apenas como um \u00fatil acess\u00f3rio de escrita, mas tamb\u00e9m encapsula a ess\u00eancia da heran\u00e7a art\u00edstica que representa.<\/p>\n<p>Na Ol\u00e9 Mosaic, oferecemos este caderno de mosaicos por grosso, ideal para lojas de presentes tur\u00edsticos que procuram produtos \u00fanicos que realcem a cultura mediterr\u00e2nica. Com o seu design muito especial e a sua liga\u00e7\u00e3o cultural, este caderno \u00e9 um excelente presente para aqueles que desejam levar um peda\u00e7o de Espanha e Portugal consigo.<\/p>\n","protected":false},"excerpt":{"rendered":"<p>Caderno de 80 folhas decorado com um vibrante design de mosaicos, inspirado na rica tradi\u00e7\u00e3o art\u00edstica de Espanha e Portugal. A capa apresenta um colorido padr\u00e3o que combina elementos geom\u00e9tricos e florais em tons azuis, vermelhos, amarelos e brancos, evocando os c\u00e9lebres azulejos das pra\u00e7as e edif\u00edcios hist\u00f3ricos. Com um acabamento brilhante e uma pr\u00e1tica banda el\u00e1stica vermelha, este caderno \u00e9 ideal para anotar as suas ideias e recorda\u00e7\u00f5es com um estilo distintivo e cultural.<\/p>\n","protected":false},"featured_media":9367,"template":"","meta":{"_acf_changed":false},"product_brand":[],"product_cat":[808],"product_tag":[],"class_list":{"0":"post-36990","1":"product","2":"type-product","3":"status-publish","4":"has-post-thumbnail","6":"product_cat-cadernos","7":"pa_motivo-mosaico","9":"first","10":"instock","11":"shipping-taxable","12":"product-type-simple"},"acf":[],"_links":{"self":[{"href":"https:\/\/olemosaic.com\/pt-pt\/wp-json\/wp\/v2\/product\/36990","targetHints":{"allow":["GET"]}}],"collection":[{"href":"https:\/\/olemosaic.com\/pt-pt\/wp-json\/wp\/v2\/product"}],"about":[{"href":"https:\/\/olemosaic.com\/pt-pt\/wp-json\/wp\/v2\/types\/product"}],"wp:featuredmedia":[{"embeddable":true,"href":"https:\/\/olemosaic.com\/pt-pt\/wp-json\/wp\/v2\/media\/9367"}],"wp:attachment":[{"href":"https:\/\/olemosaic.com\/pt-pt\/wp-json\/wp\/v2\/media?parent=36990"}],"wp:term":[{"taxonomy":"product_brand","embeddable":true,"href":"https:\/\/olemosaic.com\/pt-pt\/wp-json\/wp\/v2\/product_brand?post=36990"},{"taxonomy":"product_cat","embeddable":true,"href":"https:\/\/olemosaic.com\/pt-pt\/wp-json\/wp\/v2\/product_cat?post=36990"},{"taxonomy":"product_tag","embeddable":true,"href":"https:\/\/olemosaic.com\/pt-pt\/wp-json\/wp\/v2\/product_tag?post=36990"}],"curies":[{"name":"wp","href":"https:\/\/api.w.org\/{rel}","templated":true}]}}