{"id":36988,"date":"2025-02-20T23:36:33","date_gmt":"2025-02-20T22:36:33","guid":{"rendered":"http:\/\/olemosaic.com\/producto\/lata-inox-de-500-ml-salamandra-2\/"},"modified":"2025-07-25T18:38:10","modified_gmt":"2025-07-25T16:38:10","slug":"lata-inox-500-ml-salamandra-gaudi-barcelona","status":"publish","type":"product","link":"https:\/\/olemosaic.com\/pt-pt\/produto\/lata-inox-500-ml-salamandra-gaudi-barcelona\/","title":{"rendered":"Lata inox. de 500 ml. Salamandra. Gaud\u00ed. Barcelona."},"content":{"rendered":"<p>Lata de a\u00e7o inoxid\u00e1vel de 500 ml com design de salamandras. Inspirada no famoso trencad\u00eds de Gaud\u00ed, esta elegante lata, ideal para manter as suas bebidas frias com estilo, destaca-se pelo seu vibrante fundo branco decorado com salamandras em tons brilhantes de verde, vermelho e azul, apresentadas em diversas posturas que evocam a criatividade e a arte de Barcelona. O acabamento em a\u00e7o inoxid\u00e1vel n\u00e3o s\u00f3 garante durabilidade, como tamb\u00e9m confere um toque de sofistica\u00e7\u00e3o e qualidade, tornando este objeto numa recorda\u00e7\u00e3o representativa da regi\u00e3o. As salamandras, \u00edcones da obra de Gaud\u00ed, simbolizam a fus\u00e3o da natureza e da arquitetura, encapsulando o esp\u00edrito da modernidade catal\u00e3. Este acess\u00f3rio n\u00e3o \u00e9 apenas pr\u00e1tico, mas tamb\u00e9m uma pe\u00e7a de arte que celebra o patrim\u00f3nio cultural de Barcelona. Na Ol\u00e9 Mosaic, como distribuidores de recorda\u00e7\u00f5es por grosso, oferecemos produtos que real\u00e7am a autenticidade e o valor art\u00edstico da cultura espanhola. Esta lata \u00e9 uma op\u00e7\u00e3o perfeita para lojas de presentes tur\u00edsticos, pois \u00e9 uma recorda\u00e7\u00e3o \u00fanica e colorida que atrair\u00e1 os visitantes que procuram um peda\u00e7o da magia de Barcelona.<\/p>\n","protected":false},"excerpt":{"rendered":"<p>Lata de a\u00e7o inoxid\u00e1vel de 500 ml com um design vibrante inspirado em salamandras, que evoca o famoso trencad\u00eds de Gaud\u00ed, t\u00e3o caracter\u00edstico de Barcelona. Esta elegante lata apresenta um fundo branco com decora\u00e7\u00f5es em tons vivos de verde, vermelho e azul, que representam salamandras em diversas posturas. O seu acabamento em a\u00e7o inoxid\u00e1vel garante durabilidade, enquanto o design art\u00edstico confere um toque de cor e cultura ao recipiente. Ideal para manter as suas bebidas frias com estilo.<\/p>\n","protected":false},"featured_media":11148,"template":"","meta":{"_acf_changed":false},"product_brand":[],"product_cat":[805],"product_tag":[516],"class_list":{"0":"post-36988","1":"product","2":"type-product","3":"status-publish","4":"has-post-thumbnail","6":"product_cat-latas","7":"product_tag-animais","8":"pa_motivo-salamandras","10":"first","11":"instock","12":"shipping-taxable","13":"product-type-simple"},"acf":[],"_links":{"self":[{"href":"https:\/\/olemosaic.com\/pt-pt\/wp-json\/wp\/v2\/product\/36988","targetHints":{"allow":["GET"]}}],"collection":[{"href":"https:\/\/olemosaic.com\/pt-pt\/wp-json\/wp\/v2\/product"}],"about":[{"href":"https:\/\/olemosaic.com\/pt-pt\/wp-json\/wp\/v2\/types\/product"}],"wp:featuredmedia":[{"embeddable":true,"href":"https:\/\/olemosaic.com\/pt-pt\/wp-json\/wp\/v2\/media\/11148"}],"wp:attachment":[{"href":"https:\/\/olemosaic.com\/pt-pt\/wp-json\/wp\/v2\/media?parent=36988"}],"wp:term":[{"taxonomy":"product_brand","embeddable":true,"href":"https:\/\/olemosaic.com\/pt-pt\/wp-json\/wp\/v2\/product_brand?post=36988"},{"taxonomy":"product_cat","embeddable":true,"href":"https:\/\/olemosaic.com\/pt-pt\/wp-json\/wp\/v2\/product_cat?post=36988"},{"taxonomy":"product_tag","embeddable":true,"href":"https:\/\/olemosaic.com\/pt-pt\/wp-json\/wp\/v2\/product_tag?post=36988"}],"curies":[{"name":"wp","href":"https:\/\/api.w.org\/{rel}","templated":true}]}}