{"id":36986,"date":"2025-02-20T23:36:32","date_gmt":"2025-02-20T22:36:32","guid":{"rendered":"http:\/\/olemosaic.com\/producto\/taza-de-ceramica-caballito-de-mar-mallorca-beige\/"},"modified":"2025-07-25T20:21:44","modified_gmt":"2025-07-25T18:21:44","slug":"caneca-de-ceramica-cavalo-marinho-maiorca-bege-pt-pt","status":"publish","type":"product","link":"https:\/\/olemosaic.com\/pt-pt\/produto\/caneca-de-ceramica-cavalo-marinho-maiorca-bege-pt-pt\/","title":{"rendered":"Caneca de cer\u00e2mica. Cavalo-marinho. Maiorca. Bege."},"content":{"rendered":"<p>A elegante caneca de cer\u00e2mica de Maiorca \u00e9 uma recorda\u00e7\u00e3o encantadora que capta a ess\u00eancia do mar Mediterr\u00e2neo. Com um design atraente que apresenta vibrantes cavalos-marinhos, este produto \u00e9 perfeito para quem deseja levar um pedacinho da beleza de Maiorca. A caneca tem um fundo bege que real\u00e7a os detalhes coloridos dos cavalos-marinhos, pintados \u00e0 m\u00e3o com t\u00e9cnicas tradicionais, o que garante a sua autenticidade e a qualidade artesanal da pe\u00e7a. Na parte frontal, destaca-se o nome &#8220;MALLORCA&#8221; num estilo l\u00fadico que adiciona um toque divertido e representativo do esp\u00edrito alegre da ilha.<\/p>\n<p>A sua asa em cor contrastante e o seu acabamento pintado \u00e0 m\u00e3o n\u00e3o s\u00f3 tornam esta caneca um objeto esteticamente atraente, mas tamb\u00e9m funcional, ideal para desfrutar da sua bebida favorita, seja caf\u00e9, ch\u00e1 ou qualquer outra infus\u00e3o. Esta caneca n\u00e3o se torna apenas um artigo de uso di\u00e1rio, mas tamb\u00e9m uma preciosa recorda\u00e7\u00e3o que evoca as costas e a fauna marinha de Maiorca.<\/p>\n<p>Na Ol\u00e9 Mosaic, somos l\u00edderes na distribui\u00e7\u00e3o de recorda\u00e7\u00f5es por grosso, e esta caneca de cer\u00e2mica representa na perfei\u00e7\u00e3o a tradi\u00e7\u00e3o cultural balear, tornando-se um presente ideal para turistas que procuram recorda\u00e7\u00f5es aut\u00eanticas e significativas da sua visita a Espanha. Com a sua relev\u00e2ncia cultural e o seu design atraente, \u00e9 uma excelente op\u00e7\u00e3o para qualquer loja de presentes tur\u00edsticos.<\/p>\n","protected":false},"excerpt":{"rendered":"<p>Elegante caneca de cer\u00e2mica decorada com vibrantes cavalos-marinhos, que representam a fauna marinha de Maiorca. Com um fundo bege, a caneca apresenta detalhes coloridos e o nome &#8220;MALLORCA&#8221; impresso com um estilo l\u00fadico. O seu design inclui uma asa em cor contrastante e um acabamento de design artesanal, pintado \u00e0 m\u00e3o, que real\u00e7a o artesanato local. Ideal para desfrutar da sua bebida favorita, esta caneca \u00e9 uma recorda\u00e7\u00e3o encantadora da beleza mediterr\u00e2nica.<\/p>\n","protected":false},"featured_media":7019,"template":"","meta":{"_acf_changed":false},"product_brand":[],"product_cat":[833],"product_tag":[516,515],"class_list":{"0":"post-36986","1":"product","2":"type-product","3":"status-publish","4":"has-post-thumbnail","6":"product_cat-canecas","7":"product_tag-animais","8":"product_tag-ceramica","9":"pa_ciudad-mallorca","10":"pa_motivo-cavalos-marinhos","11":"pa_pais-espana","13":"first","14":"instock","15":"shipping-taxable","16":"product-type-simple"},"acf":[],"_links":{"self":[{"href":"https:\/\/olemosaic.com\/pt-pt\/wp-json\/wp\/v2\/product\/36986","targetHints":{"allow":["GET"]}}],"collection":[{"href":"https:\/\/olemosaic.com\/pt-pt\/wp-json\/wp\/v2\/product"}],"about":[{"href":"https:\/\/olemosaic.com\/pt-pt\/wp-json\/wp\/v2\/types\/product"}],"wp:featuredmedia":[{"embeddable":true,"href":"https:\/\/olemosaic.com\/pt-pt\/wp-json\/wp\/v2\/media\/7019"}],"wp:attachment":[{"href":"https:\/\/olemosaic.com\/pt-pt\/wp-json\/wp\/v2\/media?parent=36986"}],"wp:term":[{"taxonomy":"product_brand","embeddable":true,"href":"https:\/\/olemosaic.com\/pt-pt\/wp-json\/wp\/v2\/product_brand?post=36986"},{"taxonomy":"product_cat","embeddable":true,"href":"https:\/\/olemosaic.com\/pt-pt\/wp-json\/wp\/v2\/product_cat?post=36986"},{"taxonomy":"product_tag","embeddable":true,"href":"https:\/\/olemosaic.com\/pt-pt\/wp-json\/wp\/v2\/product_tag?post=36986"}],"curies":[{"name":"wp","href":"https:\/\/api.w.org\/{rel}","templated":true}]}}