{"id":36985,"date":"2025-02-20T22:36:32","date_gmt":"2025-02-20T22:36:32","guid":{"rendered":"http:\/\/olemosaic.com\/producto\/taza-de-ceramica-mosaico-blanco\/"},"modified":"2025-07-25T20:07:30","modified_gmt":"2025-07-25T18:07:30","slug":"caneca-de-ceramica-mosaico-branco","status":"publish","type":"product","link":"https:\/\/olemosaic.com\/pt-pt\/produto\/caneca-de-ceramica-mosaico-branco\/","title":{"rendered":"Caneca de cer\u00e2mica. Mosaico. Branco."},"content":{"rendered":"<p>A caneca de cer\u00e2mica com um vibrante design de mosaico \u00e9 uma homenagem \u00e0 rica tradi\u00e7\u00e3o decorativa espanhola, perfeita para os amantes da arte e da cultura. Este artigo distintivo destaca-se pelo seu elegante exterior, onde uma variedade de padr\u00f5es intrincados se combinam em tons de azul, vermelho e amarelo, evocando os caracter\u00edsticos azulejos que adornam a arquitetura hist\u00f3rica do pa\u00eds. Cada detalhe do mosaico conta uma hist\u00f3ria, refletindo a diversidade cultural e a criatividade das regi\u00f5es espanholas.<\/p>\n<p>O interior da caneca, de uma atraente cor vermelha, adiciona uma explos\u00e3o de cor que real\u00e7a a experi\u00eancia visual, enquanto a asa, com o seu design original que simula uma forma estilizada, proporciona um toque moderno e funcional ao mesmo tempo. Esta caneca n\u00e3o s\u00f3 \u00e9 ideal para desfrutar de um caf\u00e9, ch\u00e1 ou infus\u00e3o, como tamb\u00e9m se torna um elemento decorativo que enriquecer\u00e1 qualquer cozinha ou espa\u00e7o de trabalho com o seu design art\u00edstico.<\/p>\n<p>Como recorda\u00e7\u00e3o representativa da cultura espanhola, esta caneca \u00e9 uma excelente escolha para turistas que procuram levar uma recorda\u00e7\u00e3o aut\u00eantica que encapsule a ess\u00eancia vibrante do pa\u00eds. Na Ol\u00e9 Mosaic, especializamo-nos na distribui\u00e7\u00e3o de recorda\u00e7\u00f5es por grosso, e esta caneca de cer\u00e2mica \u00e9 uma pe\u00e7a imprescind\u00edvel no invent\u00e1rio de lojas de presentes tur\u00edsticos que desejam oferecer produtos \u00fanicos e relevantes aos seus clientes.<\/p>\n","protected":false},"excerpt":{"rendered":"<p>Caneca de cer\u00e2mica com um vibrante design de mosaico, inspirada na rica tradi\u00e7\u00e3o decorativa espanhola. Esta pe\u00e7a distintiva apresenta uma variedade de padr\u00f5es e cores em tons de azul, vermelho e amarelo, que evocam os caracter\u00edsticos azulejos da arquitetura espanhola. O interior da caneca \u00e9 vermelho, enquanto a asa tem um design original com uma forma estilizada. Ideal para desfrutar das suas bebidas favoritas com um toque de arte e cultura.<\/p>\n","protected":false},"featured_media":8920,"template":"","meta":{"_acf_changed":false},"product_brand":[],"product_cat":[833],"product_tag":[515],"class_list":{"0":"post-36985","1":"product","2":"type-product","3":"status-publish","4":"has-post-thumbnail","6":"product_cat-canecas","7":"product_tag-ceramica","8":"pa_motivo-mosaico","10":"first","11":"instock","12":"shipping-taxable","13":"product-type-simple"},"acf":[],"_links":{"self":[{"href":"https:\/\/olemosaic.com\/pt-pt\/wp-json\/wp\/v2\/product\/36985","targetHints":{"allow":["GET"]}}],"collection":[{"href":"https:\/\/olemosaic.com\/pt-pt\/wp-json\/wp\/v2\/product"}],"about":[{"href":"https:\/\/olemosaic.com\/pt-pt\/wp-json\/wp\/v2\/types\/product"}],"wp:featuredmedia":[{"embeddable":true,"href":"https:\/\/olemosaic.com\/pt-pt\/wp-json\/wp\/v2\/media\/8920"}],"wp:attachment":[{"href":"https:\/\/olemosaic.com\/pt-pt\/wp-json\/wp\/v2\/media?parent=36985"}],"wp:term":[{"taxonomy":"product_brand","embeddable":true,"href":"https:\/\/olemosaic.com\/pt-pt\/wp-json\/wp\/v2\/product_brand?post=36985"},{"taxonomy":"product_cat","embeddable":true,"href":"https:\/\/olemosaic.com\/pt-pt\/wp-json\/wp\/v2\/product_cat?post=36985"},{"taxonomy":"product_tag","embeddable":true,"href":"https:\/\/olemosaic.com\/pt-pt\/wp-json\/wp\/v2\/product_tag?post=36985"}],"curies":[{"name":"wp","href":"https:\/\/api.w.org\/{rel}","templated":true}]}}