{"id":36983,"date":"2025-02-20T22:36:32","date_gmt":"2025-02-20T22:36:32","guid":{"rendered":"http:\/\/olemosaic.com\/producto\/libreta-de-80-hojas-mariposas-barcelona\/"},"modified":"2025-07-25T18:44:12","modified_gmt":"2025-07-25T16:44:12","slug":"caderno-de-80-folhas-borboletas-barcelona","status":"publish","type":"product","link":"https:\/\/olemosaic.com\/pt-pt\/produto\/caderno-de-80-folhas-borboletas-barcelona\/","title":{"rendered":"Caderno de 80 folhas. Borboletas. Barcelona."},"content":{"rendered":"<p>Este caderno decorativo de 80 folhas, inspirado nos mosaicos de Gaud\u00ed, \u00e9 uma recorda\u00e7\u00e3o elegante que capta a ess\u00eancia vibrante de Barcelona. A sua capa colorida apresenta um design arrojado em tons de branco e cinzento que serve de tela para uma explos\u00e3o de borboletas em azul, vermelho e amarelo. Cada borboleta, cuidadosamente ilustrada, reflete os detalhes intrincados do modernismo catal\u00e3o, t\u00e3o emblem\u00e1tico da arquitetura de Gaud\u00ed, c\u00e9lebre pelo seu amor \u00e0 natureza e pelo seu uso exuberante da cor.<\/p>\n<p>Este caderno n\u00e3o \u00e9 apenas funcional, com as suas 80 folhas prontas para notas, esbo\u00e7os ou reflex\u00f5es, mas tamb\u00e9m serve como um lembrete visual do esplendor art\u00edstico de Barcelona. O seu pr\u00e1tico fecho el\u00e1stico vermelho adiciona um toque de cor e modernidade, garantindo que as p\u00e1ginas permane\u00e7am protegidas e organizadas. \u00c9 uma excelente recorda\u00e7\u00e3o, ideal para quem deseja levar um pedacinho da hist\u00f3rica e vibrante cidade catal\u00e3.<\/p>\n<p>Na Ol\u00e9 Mosaic, oferecemos recorda\u00e7\u00f5es de Barcelona aut\u00eanticas e de alta qualidade, perfeitas para lojas de presentes tur\u00edsticos que procuram produtos distintivos. Este caderno, com o seu design cheio de vida e significado, \u00e9 um produto de destaque na nossa cole\u00e7\u00e3o de artigos decorativos, tornando-o uma op\u00e7\u00e3o perfeita para quem procura algo especial que represente a magia desta maravilhosa cidade.<\/p>\n","protected":false},"excerpt":{"rendered":"<p>Caderno de 80 folhas decorado com borboletas e flores coloridas, inspirado no estilo do mosaico de Gaud\u00ed em Barcelona. A capa apresenta um design vibrante, com borboletas em tons de azul, vermelho e amarelo sobre um fundo de mosaico branco e cinzento, evocativo do modernismo catal\u00e3o. Este artigo, ideal para tomar notas e fazer esbo\u00e7os, conta com um pr\u00e1tico fecho el\u00e1stico vermelho, que adiciona um toque de cor e funcionalidade.<\/p>\n","protected":false},"featured_media":12005,"template":"","meta":{"_acf_changed":false},"product_brand":[],"product_cat":[808],"product_tag":[516],"class_list":{"0":"post-36983","1":"product","2":"type-product","3":"status-publish","4":"has-post-thumbnail","6":"product_cat-cadernos","7":"product_tag-animais","8":"pa_ciudad-barcelona","9":"pa_motivo-borboletas","10":"pa_pais-espana","12":"first","13":"instock","14":"shipping-taxable","15":"product-type-simple"},"acf":[],"_links":{"self":[{"href":"https:\/\/olemosaic.com\/pt-pt\/wp-json\/wp\/v2\/product\/36983","targetHints":{"allow":["GET"]}}],"collection":[{"href":"https:\/\/olemosaic.com\/pt-pt\/wp-json\/wp\/v2\/product"}],"about":[{"href":"https:\/\/olemosaic.com\/pt-pt\/wp-json\/wp\/v2\/types\/product"}],"wp:featuredmedia":[{"embeddable":true,"href":"https:\/\/olemosaic.com\/pt-pt\/wp-json\/wp\/v2\/media\/12005"}],"wp:attachment":[{"href":"https:\/\/olemosaic.com\/pt-pt\/wp-json\/wp\/v2\/media?parent=36983"}],"wp:term":[{"taxonomy":"product_brand","embeddable":true,"href":"https:\/\/olemosaic.com\/pt-pt\/wp-json\/wp\/v2\/product_brand?post=36983"},{"taxonomy":"product_cat","embeddable":true,"href":"https:\/\/olemosaic.com\/pt-pt\/wp-json\/wp\/v2\/product_cat?post=36983"},{"taxonomy":"product_tag","embeddable":true,"href":"https:\/\/olemosaic.com\/pt-pt\/wp-json\/wp\/v2\/product_tag?post=36983"}],"curies":[{"name":"wp","href":"https:\/\/api.w.org\/{rel}","templated":true}]}}