{"id":36982,"date":"2025-02-20T22:36:32","date_gmt":"2025-02-20T22:36:32","guid":{"rendered":"http:\/\/olemosaic.com\/producto\/lata-inox-de-500-ml-mosaico\/"},"modified":"2025-07-25T20:02:47","modified_gmt":"2025-07-25T18:02:47","slug":"lata-inox-de-500-ml-mosaico-pt-pt","status":"publish","type":"product","link":"https:\/\/olemosaic.com\/pt-pt\/produto\/lata-inox-de-500-ml-mosaico-pt-pt\/","title":{"rendered":"Lata inox de 500 ml. Mosaico."},"content":{"rendered":"<p>A lata de inox de 500 ml com design de mosaico, inspirada nos tradicionais azulejos espanh\u00f3is, \u00e9 uma recorda\u00e7\u00e3o excecional que capta a ess\u00eancia da arte decorativa do sul de Espanha. A sua decora\u00e7\u00e3o vibrante apresenta uma variedade de motivos geom\u00e9tricos numa atraente paleta de cores, incluindo tons azuis intensos, laranjas quentes e verdes frescos, que recordam as fachadas coloridas de muitas cidades espanholas. Fabricada em a\u00e7o inoxid\u00e1vel, esta lata n\u00e3o s\u00f3 oferece funcionalidade e durabilidade, como tamb\u00e9m se destaca pela sua eleg\u00e2ncia e estilo, tornando-se um companheiro ideal para desfrutar tanto de bebidas frias como quentes.<\/p>\n<p>Cada detalhe do design presta homenagem \u00e0 rica tradi\u00e7\u00e3o dos azulejos, refletindo a mestria e a arte presentes na arquitetura e no folclore espanhol. Esta recorda\u00e7\u00e3o n\u00e3o \u00e9 apenas um lembrete visual das impressionantes vistas do sul de Espanha, mas tamb\u00e9m se torna um objeto de conversa que liga os turistas \u00e0 cultura local atrav\u00e9s da arte. Na Ol\u00e9 Mosaic, especializamo-nos na distribui\u00e7\u00e3o de recorda\u00e7\u00f5es por grosso, e esta lata de inox \u00e9 perfeita para lojas de presentes tur\u00edsticos que procuram oferecer produtos aut\u00eanticos e significativos. A sua relev\u00e2ncia cultural e o atrativo do seu design tornam-na uma excelente op\u00e7\u00e3o para aqueles que desejam levar um peda\u00e7o de Espanha para casa.<\/p>\n","protected":false},"excerpt":{"rendered":"<p>Lata de a\u00e7o inoxid\u00e1vel de 500 ml com um vibrante design de mosaico inspirado nos tradicionais azulejos espanh\u00f3is. Esta elegante lata apresenta uma variedade de motivos geom\u00e9tricos em tons de azul, laranja e verde, capturando a ess\u00eancia da arte decorativa do sul de Espanha. Ideal para bebidas frias e quentes, o seu acabamento em a\u00e7o inoxid\u00e1vel garante durabilidade e estilo, tornando-a uma recorda\u00e7\u00e3o perfeita para celebrar a riqueza cultural de Espanha.<\/p>\n","protected":false},"featured_media":11150,"template":"","meta":{"_acf_changed":false},"product_brand":[],"product_cat":[805],"product_tag":[],"class_list":{"0":"post-36982","1":"product","2":"type-product","3":"status-publish","4":"has-post-thumbnail","6":"product_cat-latas","7":"pa_motivo-mosaico","9":"first","10":"instock","11":"shipping-taxable","12":"product-type-simple"},"acf":[],"_links":{"self":[{"href":"https:\/\/olemosaic.com\/pt-pt\/wp-json\/wp\/v2\/product\/36982","targetHints":{"allow":["GET"]}}],"collection":[{"href":"https:\/\/olemosaic.com\/pt-pt\/wp-json\/wp\/v2\/product"}],"about":[{"href":"https:\/\/olemosaic.com\/pt-pt\/wp-json\/wp\/v2\/types\/product"}],"wp:featuredmedia":[{"embeddable":true,"href":"https:\/\/olemosaic.com\/pt-pt\/wp-json\/wp\/v2\/media\/11150"}],"wp:attachment":[{"href":"https:\/\/olemosaic.com\/pt-pt\/wp-json\/wp\/v2\/media?parent=36982"}],"wp:term":[{"taxonomy":"product_brand","embeddable":true,"href":"https:\/\/olemosaic.com\/pt-pt\/wp-json\/wp\/v2\/product_brand?post=36982"},{"taxonomy":"product_cat","embeddable":true,"href":"https:\/\/olemosaic.com\/pt-pt\/wp-json\/wp\/v2\/product_cat?post=36982"},{"taxonomy":"product_tag","embeddable":true,"href":"https:\/\/olemosaic.com\/pt-pt\/wp-json\/wp\/v2\/product_tag?post=36982"}],"curies":[{"name":"wp","href":"https:\/\/api.w.org\/{rel}","templated":true}]}}