{"id":36980,"date":"2025-02-20T22:36:31","date_gmt":"2025-02-20T22:36:31","guid":{"rendered":"http:\/\/olemosaic.com\/producto\/funda-de-telefono-para-xiaomi-13-tpu-salamandra-barcelona-blanco\/"},"modified":"2025-07-25T20:05:18","modified_gmt":"2025-07-25T18:05:18","slug":"capa-de-telemovel-para-xiaomi-13-tpu-salamandra-barcelona-branco","status":"publish","type":"product","link":"https:\/\/olemosaic.com\/pt-pt\/produto\/capa-de-telemovel-para-xiaomi-13-tpu-salamandra-barcelona-branco\/","title":{"rendered":"Capa para telem\u00f3vel para Xiaomi 13 (TPU). Salamandra. Barcelona. Branco"},"content":{"rendered":"<p>A capa para o Xiaomi 13 \u00e9 um acess\u00f3rio atraente e funcional que captura a ess\u00eancia vibrante de Barcelona. Fabricada em TPU, este produto n\u00e3o s\u00f3 protege o seu dispositivo de pancadas e quedas, como tamb\u00e9m se torna um s\u00edmbolo da riqueza cultural catal\u00e3. A decora\u00e7\u00e3o apresenta uma salamandra colorida, um motivo que evoca o estilo de Antoni Gaud\u00ed, o c\u00e9lebre arquiteto associado \u00e0 modernidade da cidade.<\/p>\n<p>O fundo branco da capa imita o famoso trencad\u00eds, uma t\u00e9cnica de mosaico com azulejos fragmentados que caracteriza muitas das obras de Gaud\u00ed, como a Casa Batll\u00f3. Adornada com flores em tons intensos e detalhes em diversas cores, o design reflete a diversidade e a alegria da vida barcelonesa. A palavra &#8220;Barcelona&#8221; destaca-se com uma tipografia apelativa, adicionando um toque moderno a esta pe\u00e7a art\u00edstica. Esta recorda\u00e7\u00e3o n\u00e3o s\u00f3 \u00e9 perfeita para quem procura souvenirs aut\u00eanticos, como tamb\u00e9m \u00e9 uma excelente op\u00e7\u00e3o para lojas de presentes tur\u00edsticos que desejem oferecer produtos representativos da cultura local. Na Ol\u00e9 Mosaic, como grossista de acess\u00f3rios, garantimos qualidade e autenticidade em cada pe\u00e7a, fazendo desta capa um artigo imprescind\u00edvel para qualquer amante de Barcelona.<\/p>\n","protected":false},"excerpt":{"rendered":"<p>Capa para o Xiaomi 13 fabricada em TPU, decorada com uma salamandra colorida que evoca o vibrante esp\u00edrito de Barcelona. Apresenta um design art\u00edstico sobre um fundo branco que imita o trencad\u00eds, caracter\u00edstico da obra de Gaud\u00ed, com flores de tons intensos e detalhes em diversas cores. A palavra &#8220;Barcelona&#8221; destaca-se com um estilo apelativo, tornando esta capa um acess\u00f3rio pr\u00e1tico e representativo da cultura catal\u00e3.<\/p>\n","protected":false},"featured_media":12669,"template":"","meta":{"_acf_changed":false},"product_brand":[],"product_cat":[685],"product_tag":[516],"class_list":{"0":"post-36980","1":"product","2":"type-product","3":"status-publish","4":"has-post-thumbnail","6":"product_cat-capas-para-telemoveis","7":"product_tag-animais","8":"pa_ciudad-barcelona","9":"pa_motivo-salamandras","10":"pa_pais-espana","12":"first","13":"instock","14":"shipping-taxable","15":"product-type-simple"},"acf":[],"_links":{"self":[{"href":"https:\/\/olemosaic.com\/pt-pt\/wp-json\/wp\/v2\/product\/36980","targetHints":{"allow":["GET"]}}],"collection":[{"href":"https:\/\/olemosaic.com\/pt-pt\/wp-json\/wp\/v2\/product"}],"about":[{"href":"https:\/\/olemosaic.com\/pt-pt\/wp-json\/wp\/v2\/types\/product"}],"wp:featuredmedia":[{"embeddable":true,"href":"https:\/\/olemosaic.com\/pt-pt\/wp-json\/wp\/v2\/media\/12669"}],"wp:attachment":[{"href":"https:\/\/olemosaic.com\/pt-pt\/wp-json\/wp\/v2\/media?parent=36980"}],"wp:term":[{"taxonomy":"product_brand","embeddable":true,"href":"https:\/\/olemosaic.com\/pt-pt\/wp-json\/wp\/v2\/product_brand?post=36980"},{"taxonomy":"product_cat","embeddable":true,"href":"https:\/\/olemosaic.com\/pt-pt\/wp-json\/wp\/v2\/product_cat?post=36980"},{"taxonomy":"product_tag","embeddable":true,"href":"https:\/\/olemosaic.com\/pt-pt\/wp-json\/wp\/v2\/product_tag?post=36980"}],"curies":[{"name":"wp","href":"https:\/\/api.w.org\/{rel}","templated":true}]}}