{"id":36977,"date":"2025-02-20T22:36:31","date_gmt":"2025-02-20T22:36:31","guid":{"rendered":"http:\/\/olemosaic.com\/producto\/funda-de-telefono-para-xiaomi-11-tpu-panoramica-barcelona-blanco\/"},"modified":"2025-07-25T23:06:08","modified_gmt":"2025-07-25T21:06:08","slug":"capa-de-telemovel-para-xiaomi-11-tpu-panoramica-barcelona-branco","status":"publish","type":"product","link":"https:\/\/olemosaic.com\/pt-pt\/produto\/capa-de-telemovel-para-xiaomi-11-tpu-panoramica-barcelona-branco\/","title":{"rendered":"Capa para telem\u00f3vel para Xiaomi 11 (TPU). Panor\u00e2mica. Barcelona. Branco"},"content":{"rendered":"<p>A capa para Xiaomi 11 \u00e9 o acess\u00f3rio ideal que funde estilo e prote\u00e7\u00e3o, encarnando a vibrante ess\u00eancia de Barcelona. Fabricada em TPU de alta qualidade, esta capa destaca-se pelo seu design colorido que apresenta uma panor\u00e2mica da ic\u00f3nica Sagrada Fam\u00edlia, complementada com outros elementos arquitet\u00f3nicos emblem\u00e1ticos do modernismo catal\u00e3o. O fundo branco real\u00e7a as cores vivas do mosaico, criando um impacto visual que n\u00e3o passar\u00e1 desapercebido. O elegante texto &#8220;Barcelona&#8221; integra-se harmoniosamente no design, conferindo um toque distintivo que sublinha a liga\u00e7\u00e3o com a cidade.<\/p>\n<p>Cada detalhe desta capa reflete a riqueza cultural de Barcelona, permitindo que cada utilizador leve um fragmento desta fascinante cidade consigo no seu dia a dia. Como souvenir, n\u00e3o s\u00f3 cumpre a fun\u00e7\u00e3o de proteger o telem\u00f3vel, mas tamb\u00e9m atua como uma recorda\u00e7\u00e3o representativa de uma das cidades mais visitadas da Europa. Na Ol\u00e9 Mosaic, a nossa miss\u00e3o \u00e9 oferecer souvenirs aut\u00eanticos e significativos, e esta capa \u00e9 uma excelente op\u00e7\u00e3o para lojas de presentes tur\u00edsticos que procuram produtos que combinem funcionalidade e beleza. Com a nossa experi\u00eancia como grossistas de acess\u00f3rios, garantimos que cada capa seja, al\u00e9m de pr\u00e1tica, uma celebra\u00e7\u00e3o do patrim\u00f3nio cultural catal\u00e3o.<\/p>\n","protected":false},"excerpt":{"rendered":"<p>Capa para Xiaomi 11 fabricada em TPU, desenhada com uma colorida panor\u00e2mica de Barcelona. Este acess\u00f3rio atraente apresenta um mosaico vibrante que ilustra a ic\u00f3nica Sagrada Fam\u00edlia e outros elementos arquitet\u00f3nicos do modernismo catal\u00e3o, tudo sobre um fundo branco que real\u00e7a as suas cores vivas. Com a palavra &#8220;Barcelona&#8221; escrita num estilo elegante, esta capa n\u00e3o s\u00f3 protege o seu dispositivo, como tamb\u00e9m celebra a beleza cultural da cidade.<\/p>\n","protected":false},"featured_media":12633,"template":"","meta":{"_acf_changed":false},"product_brand":[],"product_cat":[685],"product_tag":[],"class_list":{"0":"post-36977","1":"product","2":"type-product","3":"status-publish","4":"has-post-thumbnail","6":"product_cat-capas-para-telemoveis","7":"pa_ciudad-barcelona","8":"pa_motivo-panoramas","9":"pa_pais-espana","11":"first","12":"instock","13":"shipping-taxable","14":"product-type-simple"},"acf":[],"_links":{"self":[{"href":"https:\/\/olemosaic.com\/pt-pt\/wp-json\/wp\/v2\/product\/36977","targetHints":{"allow":["GET"]}}],"collection":[{"href":"https:\/\/olemosaic.com\/pt-pt\/wp-json\/wp\/v2\/product"}],"about":[{"href":"https:\/\/olemosaic.com\/pt-pt\/wp-json\/wp\/v2\/types\/product"}],"wp:featuredmedia":[{"embeddable":true,"href":"https:\/\/olemosaic.com\/pt-pt\/wp-json\/wp\/v2\/media\/12633"}],"wp:attachment":[{"href":"https:\/\/olemosaic.com\/pt-pt\/wp-json\/wp\/v2\/media?parent=36977"}],"wp:term":[{"taxonomy":"product_brand","embeddable":true,"href":"https:\/\/olemosaic.com\/pt-pt\/wp-json\/wp\/v2\/product_brand?post=36977"},{"taxonomy":"product_cat","embeddable":true,"href":"https:\/\/olemosaic.com\/pt-pt\/wp-json\/wp\/v2\/product_cat?post=36977"},{"taxonomy":"product_tag","embeddable":true,"href":"https:\/\/olemosaic.com\/pt-pt\/wp-json\/wp\/v2\/product_tag?post=36977"}],"curies":[{"name":"wp","href":"https:\/\/api.w.org\/{rel}","templated":true}]}}