{"id":36976,"date":"2025-02-20T22:36:31","date_gmt":"2025-02-20T22:36:31","guid":{"rendered":"http:\/\/olemosaic.com\/producto\/funda-de-telefono-para-samsung-a54-tpu-punt-de-trobada-barcelona-blanco\/"},"modified":"2025-07-25T19:26:39","modified_gmt":"2025-07-25T17:26:39","slug":"capa-de-telemovel-para-samsung-a54-tpu-punt-de-trobada-barcelona-branco","status":"publish","type":"product","link":"https:\/\/olemosaic.com\/pt-pt\/produto\/capa-de-telemovel-para-samsung-a54-tpu-punt-de-trobada-barcelona-branco\/","title":{"rendered":"Capa de telem\u00f3vel para Samsung A54 (TPU). Punt de trobada. Barcelona. Branco"},"content":{"rendered":"<p>A capa para o telem\u00f3vel Samsung A54 \u00e9 uma recorda\u00e7\u00e3o exclusiva de Barcelona que funde utilidade e arte num design vibrante. Fabricada em TPU, esta capa n\u00e3o s\u00f3 oferece prote\u00e7\u00e3o duradoura para o seu dispositivo, como tamb\u00e9m atua como uma pe\u00e7a de decora\u00e7\u00e3o inspirada no ic\u00f3nico &#8220;Punt de trobada&#8221;, emblema do estilo art\u00edstico de Gaud\u00ed que define a ess\u00eancia da cidade. A sua base branca salpicada de mosaicos coloridos em tons vermelhos, amarelos, verdes e azuis cria uma est\u00e9tica alegre e din\u00e2mica, evocando as cores vibrantes da arquitetura modernista barcelonesa.<\/p>\n<p>A palavra &#8220;Barcelona&#8221; apresenta-se num design l\u00fadico, que real\u00e7a a liga\u00e7\u00e3o cultural e a hist\u00f3ria art\u00edstica da metr\u00f3pole catal\u00e3. Esta recorda\u00e7\u00e3o \u00e9 perfeita para quem deseja levar consigo um peda\u00e7o da rica heran\u00e7a cultural de Barcelona, tornando-se um excelente presente para turistas que procuram recorda\u00e7\u00f5es aut\u00eanticas. Na Ol\u00e9 Mosaic, somos distribuidores de acess\u00f3rios por grosso, e esta capa para telem\u00f3vel \u00e9 uma magn\u00edfica op\u00e7\u00e3o para lojas de presentes tur\u00edsticos, oferecendo n\u00e3o s\u00f3 funcionalidade, mas tamb\u00e9m um toque art\u00edstico inconfund\u00edvel. Ofere\u00e7a eleg\u00e2ncia e cultura com esta capa, um objeto que captura o esp\u00edrito de Barcelona em cada detalhe.<\/p>\n","protected":false},"excerpt":{"rendered":"<p>Capa para telem\u00f3vel Samsung A54 fabricada em TPU, com um design vibrante que representa o ic\u00f3nico &#8220;Punt de trobada&#8221; de Barcelona. A capa apresenta uma base branca salpicada de mosaicos coloridos em tons vermelhos, amarelos, verdes e azuis, evocando o estilo art\u00edstico de Gaud\u00ed. Completa a decora\u00e7\u00e3o a palavra &#8220;Barcelona&#8221;, com um design l\u00fadico que encapsula a ess\u00eancia cultural da cidade. Ideal para quem procura prote\u00e7\u00e3o e um toque art\u00edstico para o seu telem\u00f3vel.<\/p>\n","protected":false},"featured_media":12578,"template":"","meta":{"_acf_changed":false},"product_brand":[],"product_cat":[685],"product_tag":[],"class_list":{"0":"post-36976","1":"product","2":"type-product","3":"status-publish","4":"has-post-thumbnail","6":"product_cat-capas-para-telemoveis","7":"pa_ciudad-barcelona","8":"pa_motivo-punt-de-trobada","9":"pa_pais-espana","11":"first","12":"instock","13":"shipping-taxable","14":"product-type-simple"},"acf":[],"_links":{"self":[{"href":"https:\/\/olemosaic.com\/pt-pt\/wp-json\/wp\/v2\/product\/36976","targetHints":{"allow":["GET"]}}],"collection":[{"href":"https:\/\/olemosaic.com\/pt-pt\/wp-json\/wp\/v2\/product"}],"about":[{"href":"https:\/\/olemosaic.com\/pt-pt\/wp-json\/wp\/v2\/types\/product"}],"wp:featuredmedia":[{"embeddable":true,"href":"https:\/\/olemosaic.com\/pt-pt\/wp-json\/wp\/v2\/media\/12578"}],"wp:attachment":[{"href":"https:\/\/olemosaic.com\/pt-pt\/wp-json\/wp\/v2\/media?parent=36976"}],"wp:term":[{"taxonomy":"product_brand","embeddable":true,"href":"https:\/\/olemosaic.com\/pt-pt\/wp-json\/wp\/v2\/product_brand?post=36976"},{"taxonomy":"product_cat","embeddable":true,"href":"https:\/\/olemosaic.com\/pt-pt\/wp-json\/wp\/v2\/product_cat?post=36976"},{"taxonomy":"product_tag","embeddable":true,"href":"https:\/\/olemosaic.com\/pt-pt\/wp-json\/wp\/v2\/product_tag?post=36976"}],"curies":[{"name":"wp","href":"https:\/\/api.w.org\/{rel}","templated":true}]}}