{"id":36974,"date":"2025-02-20T22:36:31","date_gmt":"2025-02-20T22:36:31","guid":{"rendered":"http:\/\/olemosaic.com\/producto\/funda-de-telefono-para-iphone-15-promax-tpu-gato-barcelona-blanco\/"},"modified":"2025-07-25T19:44:42","modified_gmt":"2025-07-25T17:44:42","slug":"capa-de-telemovel-para-iphone-15-pro-max-tpu-gato-barcelona-branco","status":"publish","type":"product","link":"https:\/\/olemosaic.com\/pt-pt\/produto\/capa-de-telemovel-para-iphone-15-pro-max-tpu-gato-barcelona-branco\/","title":{"rendered":"Capa de telem\u00f3vel para iPhone 15 Pro Max (TPU). Gato. Barcelona. Branco"},"content":{"rendered":"<p>A capa para iPhone 15 Pro Max \u00e9 um acess\u00f3rio vibrante e pr\u00e1tico que captura a ess\u00eancia colorida de Barcelona atrav\u00e9s de um belo design inspirado nos mosaicos da cidade e protagonizado por um gato. Fabricada em TPU resistente mas flex\u00edvel, esta capa adapta-se perfeitamente \u00e0s curvas do dispositivo, proporcionando uma prote\u00e7\u00e3o eficaz contra impactos e quedas. A ilustra\u00e7\u00e3o mostra um gato estilizado, adornado com fragmentos de cores que evocam a criatividade art\u00edstica que caracteriza Barcelona. O seu fundo branco real\u00e7a cada tom vibrante do felino, enquanto borboletas brincam ao seu redor, acrescentando um toque de encanto e vitalidade.<\/p>\n<p>Este design n\u00e3o s\u00f3 \u00e9 uma celebra\u00e7\u00e3o da arte do mosaico, como tamb\u00e9m representa uma liga\u00e7\u00e3o emocional com a cultura catal\u00e3. Os mosaicos s\u00e3o um s\u00edmbolo da arquitetura modernista da cidade, e esta capa assume-se como uma recorda\u00e7\u00e3o aut\u00eantica e \u00fanica para quem deseja levar consigo um peda\u00e7o de Barcelona. \u00c9 uma excelente op\u00e7\u00e3o para turistas e amantes de gatos que procuram recorda\u00e7\u00f5es significativas que combinem funcionalidade e um design art\u00edstico.<\/p>\n<p>Na Ol\u00e9 Mosaic, oferecemos esta capa de telem\u00f3vel como parte da nossa vasta gama de recorda\u00e7\u00f5es de Barcelona, ideal para lojas de presentes tur\u00edsticos que procuram produtos de qualidade e relev\u00e2ncia cultural. Como grossistas de acess\u00f3rios, garantimos que cada pe\u00e7a reflita a autenticidade e o esp\u00edrito vibrante desta cidade ic\u00f3nica.<\/p>\n","protected":false},"excerpt":{"rendered":"<p>Capa de TPU para iPhone 15 Pro Max com um design vibrante de um gato inspirado nos mosaicos de Barcelona. Adornada com fragmentos coloridos, a capa apresenta um atraente fundo branco que real\u00e7a os tons vivos do felino e as borboletas que o rodeiam. A ilustra\u00e7\u00e3o evoca a criatividade da cidade, tornando-a um acess\u00f3rio pr\u00e1tico e art\u00edstico, ideal para os amantes de Barcelona e de gatos.<\/p>\n","protected":false},"featured_media":12464,"template":"","meta":{"_acf_changed":false},"product_brand":[],"product_cat":[685],"product_tag":[516],"class_list":{"0":"post-36974","1":"product","2":"type-product","3":"status-publish","4":"has-post-thumbnail","6":"product_cat-capas-para-telemoveis","7":"product_tag-animais","8":"pa_ciudad-barcelona","9":"pa_motivo-gatos","10":"pa_pais-espana","12":"first","13":"instock","14":"shipping-taxable","15":"product-type-simple"},"acf":[],"_links":{"self":[{"href":"https:\/\/olemosaic.com\/pt-pt\/wp-json\/wp\/v2\/product\/36974","targetHints":{"allow":["GET"]}}],"collection":[{"href":"https:\/\/olemosaic.com\/pt-pt\/wp-json\/wp\/v2\/product"}],"about":[{"href":"https:\/\/olemosaic.com\/pt-pt\/wp-json\/wp\/v2\/types\/product"}],"wp:featuredmedia":[{"embeddable":true,"href":"https:\/\/olemosaic.com\/pt-pt\/wp-json\/wp\/v2\/media\/12464"}],"wp:attachment":[{"href":"https:\/\/olemosaic.com\/pt-pt\/wp-json\/wp\/v2\/media?parent=36974"}],"wp:term":[{"taxonomy":"product_brand","embeddable":true,"href":"https:\/\/olemosaic.com\/pt-pt\/wp-json\/wp\/v2\/product_brand?post=36974"},{"taxonomy":"product_cat","embeddable":true,"href":"https:\/\/olemosaic.com\/pt-pt\/wp-json\/wp\/v2\/product_cat?post=36974"},{"taxonomy":"product_tag","embeddable":true,"href":"https:\/\/olemosaic.com\/pt-pt\/wp-json\/wp\/v2\/product_tag?post=36974"}],"curies":[{"name":"wp","href":"https:\/\/api.w.org\/{rel}","templated":true}]}}