{"id":36973,"date":"2025-02-20T22:36:30","date_gmt":"2025-02-20T22:36:30","guid":{"rendered":"http:\/\/olemosaic.com\/producto\/funda-de-telefono-para-iphone-15-promax-tpu-gato-mallorca-blanco\/"},"modified":"2025-07-25T18:34:33","modified_gmt":"2025-07-25T16:34:33","slug":"capa-de-telemovel-para-iphone-15-pro-max-tpu-gato-maiorca-branco","status":"publish","type":"product","link":"https:\/\/olemosaic.com\/pt-pt\/produto\/capa-de-telemovel-para-iphone-15-pro-max-tpu-gato-maiorca-branco\/","title":{"rendered":"Capa de telem\u00f3vel para iPhone 15 Pro Max (TPU). Gato. Maiorca. Branco"},"content":{"rendered":"<p>A capa para iPhone 15 Pro Max \u00e9 o acess\u00f3rio ideal para quem deseja levar um pedacinho de Maiorca consigo. Fabricada em TPU de alta qualidade, esta capa n\u00e3o s\u00f3 protege eficazmente contra impactos e quedas, como tamb\u00e9m se destaca pela sua atraente e colorida ilustra\u00e7\u00e3o de um gato ao estilo mosaico. O fundo branco real\u00e7a o design vibrante, que apresenta um gato em tons brilhantes de vermelho, verde, azul e amarelo, rodeado de borboletas que acrescentam um toque de alegria e vitalidade. Este gato situa-se sobre um efeito mosaico que evoca a arte popular da ilha, fazendo refer\u00eancia \u00e0 rica cultura de Maiorca.<\/p>\n<p>A palavra &#8220;Mallorca&#8221;, escrita com uma tipografia elegante, complementa a ilustra\u00e7\u00e3o, tornando esta capa uma recorda\u00e7\u00e3o representativa da regi\u00e3o. Sendo um artigo aut\u00eantico da cultura balear, \u00e9 o presente perfeito para turistas que procuram objetos \u00fanicos que reflitam a sua viagem. Na Ol\u00e9 Mosaic, especializamo-nos na distribui\u00e7\u00e3o de recorda\u00e7\u00f5es por grosso, oferecendo produtos que n\u00e3o s\u00f3 s\u00e3o funcionais, mas que tamb\u00e9m capturam a ess\u00eancia das tradi\u00e7\u00f5es locais. Esta capa de gato de Maiorca \u00e9 uma excelente op\u00e7\u00e3o para lojas de presentes tur\u00edsticos que procuram artigos com car\u00e1ter e relev\u00e2ncia cultural.<\/p>\n","protected":false},"excerpt":{"rendered":"<p>Capa para iPhone 15 Pro Max de TPU, adornada com uma colorida ilustra\u00e7\u00e3o de um gato ao estilo mosaico, inspirada na vibrante cultura de Maiorca. O fundo branco real\u00e7a o design, que inclui borboletas a voar ao seu redor, criando uma cena alegre e art\u00edstica. O gato, em tons brilhantes de vermelho, verde, azul e amarelo, ergue-se sobre um efeito de mosaico que evoca a arte popular da ilha, acompanhado pela palavra &#8220;Mallorca&#8221; numa elegante tipografia.<\/p>\n","protected":false},"featured_media":12986,"template":"","meta":{"_acf_changed":false},"product_brand":[],"product_cat":[685],"product_tag":[516],"class_list":{"0":"post-36973","1":"product","2":"type-product","3":"status-publish","4":"has-post-thumbnail","6":"product_cat-capas-para-telemoveis","7":"product_tag-animais","8":"pa_ciudad-mallorca","9":"pa_motivo-gatos","10":"pa_pais-espana","12":"first","13":"instock","14":"shipping-taxable","15":"product-type-simple"},"acf":[],"_links":{"self":[{"href":"https:\/\/olemosaic.com\/pt-pt\/wp-json\/wp\/v2\/product\/36973","targetHints":{"allow":["GET"]}}],"collection":[{"href":"https:\/\/olemosaic.com\/pt-pt\/wp-json\/wp\/v2\/product"}],"about":[{"href":"https:\/\/olemosaic.com\/pt-pt\/wp-json\/wp\/v2\/types\/product"}],"wp:featuredmedia":[{"embeddable":true,"href":"https:\/\/olemosaic.com\/pt-pt\/wp-json\/wp\/v2\/media\/12986"}],"wp:attachment":[{"href":"https:\/\/olemosaic.com\/pt-pt\/wp-json\/wp\/v2\/media?parent=36973"}],"wp:term":[{"taxonomy":"product_brand","embeddable":true,"href":"https:\/\/olemosaic.com\/pt-pt\/wp-json\/wp\/v2\/product_brand?post=36973"},{"taxonomy":"product_cat","embeddable":true,"href":"https:\/\/olemosaic.com\/pt-pt\/wp-json\/wp\/v2\/product_cat?post=36973"},{"taxonomy":"product_tag","embeddable":true,"href":"https:\/\/olemosaic.com\/pt-pt\/wp-json\/wp\/v2\/product_tag?post=36973"}],"curies":[{"name":"wp","href":"https:\/\/api.w.org\/{rel}","templated":true}]}}