{"id":36972,"date":"2025-02-20T22:36:30","date_gmt":"2025-02-20T22:36:30","guid":{"rendered":"http:\/\/olemosaic.com\/producto\/funda-de-telefono-para-iphone-14-promax-tpu-mosaico-azul\/"},"modified":"2025-07-26T00:10:45","modified_gmt":"2025-07-25T22:10:45","slug":"capa-de-telemovel-para-iphone-14-pro-max-tpu-mosaico-azul","status":"publish","type":"product","link":"https:\/\/olemosaic.com\/pt-pt\/produto\/capa-de-telemovel-para-iphone-14-pro-max-tpu-mosaico-azul\/","title":{"rendered":"Capa de telem\u00f3vel para iPhone 14 Pro Max (TPU). Mosaico. Azul"},"content":{"rendered":"<p>A capa para iPhone 14 Pro Max \u00e9 um artigo imprescind\u00edvel que une prote\u00e7\u00e3o e est\u00e9tica, fabricada em TPU de alta qualidade. O seu sofisticado design de mosaico em tons azuis e brancos presta homenagem \u00e0 rica tradi\u00e7\u00e3o musiva que pontua a geografia espanhola, conferindo um toque de eleg\u00e2ncia e arte ao seu dispositivo. Este padr\u00e3o, que evoca as obras decorativas que adornam ruas e pra\u00e7as, apresenta-se de forma contempor\u00e2nea, permitindo que a capa n\u00e3o s\u00f3 resista a quedas e impactos, mas seja tamb\u00e9m um acess\u00f3rio com estilo.<\/p>\n<p>O acabamento liso facilita uma ader\u00eancia confort\u00e1vel, enquanto o seu design fino evita que o iPhone perca a sua eleg\u00e2ncia. Este artigo \u00e9 perfeito tanto para quem procura proteger o seu telem\u00f3vel como para quem deseja levar um pedacinho da cultura espanhola consigo. A capa \u00e9 uma magn\u00edfica recorda\u00e7\u00e3o para os turistas que visitam Espanha, pois captura a ess\u00eancia da est\u00e9tica local.<\/p>\n<p>Na Ol\u00e9 Mosaic, somos distribuidores de recorda\u00e7\u00f5es de qualidade, e esta capa de mosaico \u00e9 uma op\u00e7\u00e3o ideal para lojas de presentes tur\u00edsticos que desejem oferecer produtos aut\u00eanticos e significativos. Como grossistas de artigos de design local, garantimos que cada pe\u00e7a se destaca pela sua originalidade e pela sua liga\u00e7\u00e3o \u00e0 rica cultura espanhola.<\/p>\n","protected":false},"excerpt":{"rendered":"<p>Capa para iPhone 14 Pro Max fabricada em TPU, com um elegante design de mosaico em tons azuis e brancos. Oferece uma prote\u00e7\u00e3o duradoura e destaca-se pelo seu estilo inspirado nos mosaicos tradicionais que adornam as ruas espanholas. O seu acabamento liso e contempor\u00e2neo combina-se com um padr\u00e3o que evoca a beleza da arte decorativa, conferindo um toque art\u00edstico e moderno ao seu dispositivo. Ideal para quem procura estilo e funcionalidade num \u00fanico produto.<\/p>\n","protected":false},"featured_media":12417,"template":"","meta":{"_acf_changed":false},"product_brand":[],"product_cat":[685],"product_tag":[],"class_list":{"0":"post-36972","1":"product","2":"type-product","3":"status-publish","4":"has-post-thumbnail","6":"product_cat-capas-para-telemoveis","7":"pa_motivo-mosaico","9":"first","10":"instock","11":"shipping-taxable","12":"product-type-simple"},"acf":[],"_links":{"self":[{"href":"https:\/\/olemosaic.com\/pt-pt\/wp-json\/wp\/v2\/product\/36972","targetHints":{"allow":["GET"]}}],"collection":[{"href":"https:\/\/olemosaic.com\/pt-pt\/wp-json\/wp\/v2\/product"}],"about":[{"href":"https:\/\/olemosaic.com\/pt-pt\/wp-json\/wp\/v2\/types\/product"}],"wp:featuredmedia":[{"embeddable":true,"href":"https:\/\/olemosaic.com\/pt-pt\/wp-json\/wp\/v2\/media\/12417"}],"wp:attachment":[{"href":"https:\/\/olemosaic.com\/pt-pt\/wp-json\/wp\/v2\/media?parent=36972"}],"wp:term":[{"taxonomy":"product_brand","embeddable":true,"href":"https:\/\/olemosaic.com\/pt-pt\/wp-json\/wp\/v2\/product_brand?post=36972"},{"taxonomy":"product_cat","embeddable":true,"href":"https:\/\/olemosaic.com\/pt-pt\/wp-json\/wp\/v2\/product_cat?post=36972"},{"taxonomy":"product_tag","embeddable":true,"href":"https:\/\/olemosaic.com\/pt-pt\/wp-json\/wp\/v2\/product_tag?post=36972"}],"curies":[{"name":"wp","href":"https:\/\/api.w.org\/{rel}","templated":true}]}}