{"id":36970,"date":"2025-02-20T23:36:30","date_gmt":"2025-02-20T22:36:30","guid":{"rendered":"http:\/\/olemosaic.com\/producto\/funda-de-telefono-para-iphone-14-pro-tpu-abstracto-azul\/"},"modified":"2025-07-25T18:34:38","modified_gmt":"2025-07-25T16:34:38","slug":"capa-telemovel-iphone-14-pro-tpu-abstrato-azul","status":"publish","type":"product","link":"https:\/\/olemosaic.com\/pt-pt\/produto\/capa-telemovel-iphone-14-pro-tpu-abstrato-azul\/","title":{"rendered":"Capa para telem\u00f3vel para iPhone 14 Pro (TPU). Abstrato. Barcelona. Azul"},"content":{"rendered":"<p>A capa para iPhone 14 Pro &#8220;Barcelona&#8221; \u00e9 um acess\u00f3rio indispens\u00e1vel para quem deseja levar um peda\u00e7o da vibrante cultura catal\u00e3 para onde quer que v\u00e1. Fabricada em TPU, esta capa destaca-se pelo seu design abstrato e din\u00e2mico, que utiliza uma explos\u00e3o de cores como o azul, o vermelho e o amarelo, capturando a energia e a diversidade da cidade. No centro, a palavra &#8220;Barcelona&#8221; sobressai em letras grandes e estilizadas, perfeitamente integrada na composi\u00e7\u00e3o art\u00edstica que evoca a modernidade e o esp\u00edrito inovador da capital catal\u00e3.<\/p>\n<p>O acabamento suave e flex\u00edvel deste produto n\u00e3o s\u00f3 proporciona uma prote\u00e7\u00e3o leve e resistente para o dia a dia, como tamb\u00e9m oferece uma experi\u00eancia t\u00e1til agrad\u00e1vel, fundindo funcionalidade e estilo. Esta recorda\u00e7\u00e3o n\u00e3o \u00e9 apenas um simples acess\u00f3rio, \u00e9 uma declara\u00e7\u00e3o de amor por Barcelona, ideal para turistas e viajantes que procuram uma lembran\u00e7a aut\u00eantica e representativa da cidade. A sua liga\u00e7\u00e3o com a rica heran\u00e7a cultural da regi\u00e3o e o seu apelo est\u00e9tico tornam-na uma excelente op\u00e7\u00e3o para lojas de presentes tur\u00edsticos. Na Ol\u00e9 Mosaic, como grossista de artigos de recorda\u00e7\u00e3o, garantimos que cada produto, incluindo esta estilizada capa de telem\u00f3vel, reflete a ess\u00eancia \u00fanica do seu lugar de origem.<\/p>\n","protected":false},"excerpt":{"rendered":"<p>Capa para iPhone 14 Pro de TPU, com um chamativo design abstrato em cores vibrantes como azul, vermelho e amarelo. A capa inclui a palavra &#8220;Barcelona&#8221; em letras grandes e estilizadas, integrada num design din\u00e2mico que evoca a energia da cidade. O seu acabamento suave e flex\u00edvel oferece uma prote\u00e7\u00e3o leve e resistente, ideal para quem procura um acess\u00f3rio moderno que represente o esp\u00edrito da capital catal\u00e3.<\/p>\n","protected":false},"featured_media":12382,"template":"","meta":{"_acf_changed":false},"product_brand":[],"product_cat":[685],"product_tag":[],"class_list":{"0":"post-36970","1":"product","2":"type-product","3":"status-publish","4":"has-post-thumbnail","6":"product_cat-capas-para-telemoveis","7":"pa_ciudad-barcelona","8":"pa_motivo-resumo","9":"pa_pais-espana","11":"first","12":"instock","13":"shipping-taxable","14":"product-type-simple"},"acf":[],"_links":{"self":[{"href":"https:\/\/olemosaic.com\/pt-pt\/wp-json\/wp\/v2\/product\/36970","targetHints":{"allow":["GET"]}}],"collection":[{"href":"https:\/\/olemosaic.com\/pt-pt\/wp-json\/wp\/v2\/product"}],"about":[{"href":"https:\/\/olemosaic.com\/pt-pt\/wp-json\/wp\/v2\/types\/product"}],"wp:featuredmedia":[{"embeddable":true,"href":"https:\/\/olemosaic.com\/pt-pt\/wp-json\/wp\/v2\/media\/12382"}],"wp:attachment":[{"href":"https:\/\/olemosaic.com\/pt-pt\/wp-json\/wp\/v2\/media?parent=36970"}],"wp:term":[{"taxonomy":"product_brand","embeddable":true,"href":"https:\/\/olemosaic.com\/pt-pt\/wp-json\/wp\/v2\/product_brand?post=36970"},{"taxonomy":"product_cat","embeddable":true,"href":"https:\/\/olemosaic.com\/pt-pt\/wp-json\/wp\/v2\/product_cat?post=36970"},{"taxonomy":"product_tag","embeddable":true,"href":"https:\/\/olemosaic.com\/pt-pt\/wp-json\/wp\/v2\/product_tag?post=36970"}],"curies":[{"name":"wp","href":"https:\/\/api.w.org\/{rel}","templated":true}]}}