{"id":36968,"date":"2025-02-20T23:36:30","date_gmt":"2025-02-20T22:36:30","guid":{"rendered":"http:\/\/olemosaic.com\/producto\/funda-de-telefono-para-iphone-13-promax-tpu-abstracto-azul-3\/"},"modified":"2025-07-25T18:55:23","modified_gmt":"2025-07-25T16:55:23","slug":"capa-telemovel-iphone-13-promax-tpu-abstrato-azul-3","status":"publish","type":"product","link":"https:\/\/olemosaic.com\/pt-pt\/produto\/capa-telemovel-iphone-13-promax-tpu-abstrato-azul-3\/","title":{"rendered":"Capa para telem\u00f3vel para iPhone 13 Pro Max (TPU). Abstrato. Barcelona. Azul"},"content":{"rendered":"<p>A capa para iPhone 13 Pro Max \u00e9 o complemento perfeito para quem quer levar consigo um peda\u00e7o da vibrante ess\u00eancia de Barcelona. Fabricada em TPU de alta qualidade, esta capa n\u00e3o s\u00f3 protege eficazmente o seu dispositivo, como tamb\u00e9m se destaca pelo seu design abstrato que joga com uma gama de cores vibrantes: azuis, laranjas, rosas e amarelos entrela\u00e7am-se num motivo din\u00e2mico que captura a beleza e o esp\u00edrito art\u00edstico da cidade condal. A palavra &#8220;Barcelona&#8221;, escrita em letras brancas com um estilo moderno, integra-se de forma harmoniosa na composi\u00e7\u00e3o visual, tornando este acess\u00f3rio num s\u00edmbolo de orgulho pela cultura e arte da regi\u00e3o.<\/p>\n<p>Esta recorda\u00e7\u00e3o \u00e9 mais do que uma simples capa; \u00e9 uma excelente lembran\u00e7a de uma viagem inesquec\u00edvel, que captura a energia criativa e simb\u00f3lica de Barcelona, reconhecida mundialmente pelas suas inovadoras obras de arte e arquitetura. Na Ol\u00e9 Mosaic, especializamo-nos na distribui\u00e7\u00e3o de recorda\u00e7\u00f5es por grosso, e esta capa \u00e9 uma magn\u00edfica op\u00e7\u00e3o para lojas de presentes tur\u00edsticos que procuram produtos \u00fanicos e relevantes. Com a sua autenticidade e liga\u00e7\u00e3o cultural, \u00e9 o presente ideal para os turistas que desejam recordar a sua visita a esta magn\u00edfica cidade.<\/p>\n","protected":false},"excerpt":{"rendered":"<p>Capa para iPhone 13 Pro Max de TPU, com um design abstrato e colorido que se destaca pelos seus vibrantes tons de azul, laranja, rosa e amarelo. A capa apresenta um motivo din\u00e2mico que evoca a ess\u00eancia art\u00edstica de Barcelona, complementado com a palavra &#8220;Barcelona&#8221; em letras brancas de estilo moderno. Este acess\u00f3rio n\u00e3o s\u00f3 protege o seu dispositivo, como tamb\u00e9m adiciona um toque de estilo contempor\u00e2neo e criativo.<\/p>\n","protected":false},"featured_media":12342,"template":"","meta":{"_acf_changed":false},"product_brand":[],"product_cat":[685],"product_tag":[],"class_list":{"0":"post-36968","1":"product","2":"type-product","3":"status-publish","4":"has-post-thumbnail","6":"product_cat-capas-para-telemoveis","7":"pa_ciudad-barcelona","8":"pa_motivo-resumo","9":"pa_pais-espana","11":"first","12":"instock","13":"shipping-taxable","14":"product-type-simple"},"acf":[],"_links":{"self":[{"href":"https:\/\/olemosaic.com\/pt-pt\/wp-json\/wp\/v2\/product\/36968","targetHints":{"allow":["GET"]}}],"collection":[{"href":"https:\/\/olemosaic.com\/pt-pt\/wp-json\/wp\/v2\/product"}],"about":[{"href":"https:\/\/olemosaic.com\/pt-pt\/wp-json\/wp\/v2\/types\/product"}],"wp:featuredmedia":[{"embeddable":true,"href":"https:\/\/olemosaic.com\/pt-pt\/wp-json\/wp\/v2\/media\/12342"}],"wp:attachment":[{"href":"https:\/\/olemosaic.com\/pt-pt\/wp-json\/wp\/v2\/media?parent=36968"}],"wp:term":[{"taxonomy":"product_brand","embeddable":true,"href":"https:\/\/olemosaic.com\/pt-pt\/wp-json\/wp\/v2\/product_brand?post=36968"},{"taxonomy":"product_cat","embeddable":true,"href":"https:\/\/olemosaic.com\/pt-pt\/wp-json\/wp\/v2\/product_cat?post=36968"},{"taxonomy":"product_tag","embeddable":true,"href":"https:\/\/olemosaic.com\/pt-pt\/wp-json\/wp\/v2\/product_tag?post=36968"}],"curies":[{"name":"wp","href":"https:\/\/api.w.org\/{rel}","templated":true}]}}