{"id":36966,"date":"2025-02-20T23:36:29","date_gmt":"2025-02-20T22:36:29","guid":{"rendered":"http:\/\/olemosaic.com\/producto\/funda-de-telefono-para-iphone-12-promax-tpu-panoramica-barcelona-azul-2\/"},"modified":"2025-07-25T20:39:15","modified_gmt":"2025-07-25T18:39:15","slug":"capa-de-telemovel-para-iphone-12-pro-max-tpu-panoramica-barcelona-azul-2","status":"publish","type":"product","link":"https:\/\/olemosaic.com\/pt-pt\/produto\/capa-de-telemovel-para-iphone-12-pro-max-tpu-panoramica-barcelona-azul-2\/","title":{"rendered":"Capa de telem\u00f3vel para iPhone 12 Pro Max (TPU). Panor\u00e2mica. Mosaico. Barcelona. Azul"},"content":{"rendered":"<p>A capa para iPhone 12 Pro Max \u00e9 um acess\u00f3rio espetacular que transforma o seu dispositivo numa vibrante homenagem a Barcelona. Fabricada em TPU resistente, esta capa funde estilo e funcionalidade, protegendo o seu telem\u00f3vel ao mesmo tempo que exibe uma colorida panor\u00e2mica da cidade catal\u00e3. O seu design inclui elementos ic\u00f3nicos como a majestosa Sagrada Fam\u00edlia, que se ergue orgulhosa, e detalhes que evocam o caracter\u00edstico trencad\u00eds de Gaud\u00ed, uma t\u00e9cnica de mosaico que real\u00e7a a criatividade e a arte inovadora da arquitetura catal\u00e3.<\/p>\n<p>A cor azul predominante confere frescura e dinamismo, enquanto os acentos em vermelho, amarelo e verde criam um efeito visual alegre e chamativo. Cada canto da capa \u00e9 meticulosamente desenhado, mostrando uma perspetiva art\u00edstica que capta a ess\u00eancia de Barcelona, tornando este produto um presente ideal para os turistas que procuram uma recorda\u00e7\u00e3o aut\u00eantica da sua experi\u00eancia na cidade.<\/p>\n<p>Esta capa n\u00e3o \u00e9 apenas um artigo de prote\u00e7\u00e3o; \u00e9 um souvenir de Barcelona que reflete a rica cultura e a vibrante arte urbana da regi\u00e3o. Na Ol\u00e9 Mosaic, o nosso compromisso \u00e9 oferecer produtos \u00fanicos e de alta qualidade por grosso, perfeitos para lojas de presentes tur\u00edsticos que desejam surpreender os seus clientes com a magia desta emblem\u00e1tica cidade espanhola.<\/p>\n","protected":false},"excerpt":{"rendered":"<p>Capa para iPhone 12 Pro Max fabricada em TPU com uma panor\u00e2mica vibrante de Barcelona. O design inclui elementos ic\u00f3nicos como a Sagrada Fam\u00edlia, juntamente com azulejos coloridos que evocam o famoso trencad\u00eds de Gaud\u00ed. Predomina a cor azul, complementada com detalhes em vermelho, amarelo e verde, criando um efeito visual din\u00e2mico e alegre. Ideal para proteger o seu dispositivo e exibir o encanto desta emblem\u00e1tica cidade espanhola.<\/p>\n","protected":false},"featured_media":12266,"template":"","meta":{"_acf_changed":false},"product_brand":[],"product_cat":[685],"product_tag":[],"class_list":{"0":"post-36966","1":"product","2":"type-product","3":"status-publish","4":"has-post-thumbnail","6":"product_cat-capas-para-telemoveis","7":"pa_ciudad-barcelona","8":"pa_motivo-panoramas","9":"pa_pais-espana","11":"first","12":"instock","13":"shipping-taxable","14":"product-type-simple"},"acf":[],"_links":{"self":[{"href":"https:\/\/olemosaic.com\/pt-pt\/wp-json\/wp\/v2\/product\/36966","targetHints":{"allow":["GET"]}}],"collection":[{"href":"https:\/\/olemosaic.com\/pt-pt\/wp-json\/wp\/v2\/product"}],"about":[{"href":"https:\/\/olemosaic.com\/pt-pt\/wp-json\/wp\/v2\/types\/product"}],"wp:featuredmedia":[{"embeddable":true,"href":"https:\/\/olemosaic.com\/pt-pt\/wp-json\/wp\/v2\/media\/12266"}],"wp:attachment":[{"href":"https:\/\/olemosaic.com\/pt-pt\/wp-json\/wp\/v2\/media?parent=36966"}],"wp:term":[{"taxonomy":"product_brand","embeddable":true,"href":"https:\/\/olemosaic.com\/pt-pt\/wp-json\/wp\/v2\/product_brand?post=36966"},{"taxonomy":"product_cat","embeddable":true,"href":"https:\/\/olemosaic.com\/pt-pt\/wp-json\/wp\/v2\/product_cat?post=36966"},{"taxonomy":"product_tag","embeddable":true,"href":"https:\/\/olemosaic.com\/pt-pt\/wp-json\/wp\/v2\/product_tag?post=36966"}],"curies":[{"name":"wp","href":"https:\/\/api.w.org\/{rel}","templated":true}]}}