{"id":36963,"date":"2025-02-20T22:36:29","date_gmt":"2025-02-20T22:36:29","guid":{"rendered":"http:\/\/olemosaic.com\/producto\/funda-de-telefono-para-iphone-11-pro-tpu-mariposa-barcelona-blanco\/"},"modified":"2025-07-25T19:50:19","modified_gmt":"2025-07-25T17:50:19","slug":"capa-de-telemovel-para-iphone-11-pro-tpu-borboleta-barcelona-branco","status":"publish","type":"product","link":"https:\/\/olemosaic.com\/pt-pt\/produto\/capa-de-telemovel-para-iphone-11-pro-tpu-borboleta-barcelona-branco\/","title":{"rendered":"Capa de telem\u00f3vel para iPhone 11 Pro (TPU). Borboleta. Barcelona. Branco"},"content":{"rendered":"<p>A capa para iPhone 11 Pro \u00e9 um acess\u00f3rio imprescind\u00edvel que alia funcionalidade e estilo, adornado com um vibrante design de borboletas que encapsula a criatividade e o colorido caracter\u00edsticos de Barcelona. Fabricada em TPU, este protetor leve mas resistente oferece uma cobertura completa, resguardando o seu dispositivo de choques e riscos. A base branca, fresca e moderna, complementa-se na perfei\u00e7\u00e3o com um mosaico em tons vermelhos e azuis, evocando a ic\u00f3nica arquitetura modernista que define a capital catal\u00e3. Este design n\u00e3o s\u00f3 resulta visualmente atrativo, como tamb\u00e9m remete para a obra de grandes mestres como Gaud\u00ed, famoso pelo seu uso da cor e da forma.<\/p>\n<p>As borboletas, requintadamente pintadas com detalhes em cores vivas e padr\u00f5es intrincados, parecem ganhar vida e refletem a diversidade e beleza da natureza que se encontra no Parque da Ciutadella. Esta capa, como recorda\u00e7\u00e3o emblem\u00e1tica de Barcelona, \u00e9 perfeita para aqueles turistas que desejam levar um peda\u00e7o da cultura catal\u00e3 para casa, al\u00e9m de ser um excelente presente para os amantes da arte e da arquitetura. Na Ol\u00e9 Mosaic, como distribuidores de acess\u00f3rios por grosso, oferecemos produtos aut\u00eanticos que se destacam pela sua qualidade e design, ideais para lojas de presentes tur\u00edsticos. Esta capa de telem\u00f3vel \u00e9, sem d\u00favida, uma op\u00e7\u00e3o excelente para quem procura souvenirs \u00fanicos e com uma liga\u00e7\u00e3o cultural significativa.<\/p>\n","protected":false},"excerpt":{"rendered":"<p>Capa para iPhone 11 Pro de TPU, decorada com um vibrante design de borboletas que representam a criatividade e o colorido de Barcelona. A base branca complementa-se com um mosaico em tons vermelhos e azuis, evocando a arquitetura modernista da cidade. Cada borboleta, pintada com detalhes em cores vivas e padr\u00f5es intrincados, oferece uma prote\u00e7\u00e3o elegante e estilizada para o seu dispositivo, ideal para os amantes da cultura catal\u00e3.<\/p>\n","protected":false},"featured_media":12157,"template":"","meta":{"_acf_changed":false},"product_brand":[],"product_cat":[685],"product_tag":[516],"class_list":{"0":"post-36963","1":"product","2":"type-product","3":"status-publish","4":"has-post-thumbnail","6":"product_cat-capas-para-telemoveis","7":"product_tag-animais","8":"pa_ciudad-barcelona","9":"pa_motivo-borboletas","10":"pa_pais-espana","12":"first","13":"instock","14":"shipping-taxable","15":"product-type-simple"},"acf":[],"_links":{"self":[{"href":"https:\/\/olemosaic.com\/pt-pt\/wp-json\/wp\/v2\/product\/36963","targetHints":{"allow":["GET"]}}],"collection":[{"href":"https:\/\/olemosaic.com\/pt-pt\/wp-json\/wp\/v2\/product"}],"about":[{"href":"https:\/\/olemosaic.com\/pt-pt\/wp-json\/wp\/v2\/types\/product"}],"wp:featuredmedia":[{"embeddable":true,"href":"https:\/\/olemosaic.com\/pt-pt\/wp-json\/wp\/v2\/media\/12157"}],"wp:attachment":[{"href":"https:\/\/olemosaic.com\/pt-pt\/wp-json\/wp\/v2\/media?parent=36963"}],"wp:term":[{"taxonomy":"product_brand","embeddable":true,"href":"https:\/\/olemosaic.com\/pt-pt\/wp-json\/wp\/v2\/product_brand?post=36963"},{"taxonomy":"product_cat","embeddable":true,"href":"https:\/\/olemosaic.com\/pt-pt\/wp-json\/wp\/v2\/product_cat?post=36963"},{"taxonomy":"product_tag","embeddable":true,"href":"https:\/\/olemosaic.com\/pt-pt\/wp-json\/wp\/v2\/product_tag?post=36963"}],"curies":[{"name":"wp","href":"https:\/\/api.w.org\/{rel}","templated":true}]}}